{"id":7579,"date":"2024-03-13T15:44:17","date_gmt":"2024-03-13T14:44:17","guid":{"rendered":"https:\/\/fleuristedllavoie.com\/?post_type=product&#038;p=7579"},"modified":"2024-03-13T15:44:17","modified_gmt":"2024-03-13T14:44:17","slug":"af8","status":"publish","type":"product","link":"https:\/\/fleuristedllavoie.com\/en\/produit\/af8\/","title":{"rendered":"AF8"},"content":{"rendered":"<p>Arrangement floral AF8<\/p>\n<p>Cadeau parfait pour une naissance.<\/p>\n<p>Prix : 100 $ + taxes comme sur l&#8217;image.<\/p>\n<p>Notez qu&#8217;il peux se faire selon votre budget et couleurs d\u00e9sir\u00e9es. Vous pouvez choisir le toutou que vous d\u00e9sirez selon notre inventaire.<\/p>\n<p>Pot discontinu\u00e9. Il sera remplac\u00e9 par un pot dans le meme style. Si un ou des vari\u00e9t\u00e9s de fleurs ne sont pas disponible comme sur l&#8217;image , nous nous r\u00e9servons le droit de le remplacer par une vari\u00e9t\u00e9 de fleur de la meme couleur et de prix d&#8217;\u00e9quivalence pour respecter l&#8217;harmonie et le style.<\/p>\n<p>Si c&#8217;est pour livrer, il y a des frais de livraison qui se rajoute au montant de l&#8217;arrangement plus les taxes.<\/p>\n","protected":false},"excerpt":{"rendered":"<p>Arrangement floral AF8 Cadeau parfait pour une naissance. Prix : 100 $ + taxes comme sur l&#8217;image. Notez qu&#8217;il peux se faire selon votre budget et couleurs d\u00e9sir\u00e9es. Vous pouvez choisir le toutou que vous&hellip;<\/p>\n","protected":false},"featured_media":7580,"template":"","meta":[],"product_brand":[],"product_cat":[235],"product_tag":[],"class_list":{"0":"post-7579","1":"product","2":"type-product","3":"status-publish","4":"has-post-thumbnail","6":"product_cat-arrangements-floraux","8":"first","9":"instock","10":"taxable","11":"shipping-taxable","12":"product-type-simple"},"yoast_head":"<!-- This site is optimized with the Yoast SEO plugin v26.3 - https:\/\/yoast.com\/wordpress\/plugins\/seo\/ -->\n<title>AF8 - Fleuriste D.L Lavoie<\/title>\n<meta name=\"robots\" content=\"index, follow, max-snippet:-1, max-image-preview:large, max-video-preview:-1\" \/>\n<link rel=\"canonical\" href=\"https:\/\/fleuristedllavoie.com\/en\/produit\/af8\/\" \/>\n<meta property=\"og:locale\" content=\"en_US\" \/>\n<meta property=\"og:type\" content=\"article\" \/>\n<meta property=\"og:title\" content=\"AF8 - Fleuriste D.L Lavoie\" \/>\n<meta property=\"og:description\" content=\"Arrangement floral AF8 Cadeau parfait pour une naissance. Prix : 100 $ + taxes comme sur l&#8217;image. Notez qu&#8217;il peux se faire selon votre budget et couleurs d\u00e9sir\u00e9es. Vous pouvez choisir le toutou que vous&hellip;\" \/>\n<meta property=\"og:url\" content=\"https:\/\/fleuristedllavoie.com\/en\/produit\/af8\/\" \/>\n<meta property=\"og:site_name\" content=\"Fleuriste D.L Lavoie\" \/>\n<meta property=\"og:image\" content=\"https:\/\/fleuristedllavoie.com\/wp-content\/uploads\/2024\/03\/af8.jpg\" \/>\n\t<meta property=\"og:image:width\" content=\"1288\" \/>\n\t<meta property=\"og:image:height\" content=\"2048\" \/>\n\t<meta property=\"og:image:type\" content=\"image\/jpeg\" \/>\n<meta name=\"twitter:card\" content=\"summary_large_image\" \/>\n<meta name=\"twitter:label1\" content=\"Est. reading time\" \/>\n\t<meta name=\"twitter:data1\" content=\"1 minute\" \/>\n<script type=\"application\/ld+json\" class=\"yoast-schema-graph\">{\"@context\":\"https:\/\/schema.org\",\"@graph\":[{\"@type\":\"WebPage\",\"@id\":\"https:\/\/fleuristedllavoie.com\/en\/produit\/af8\/\",\"url\":\"https:\/\/fleuristedllavoie.com\/en\/produit\/af8\/\",\"name\":\"AF8 - Fleuriste D.L Lavoie\",\"isPartOf\":{\"@id\":\"https:\/\/fleuristedllavoie.com\/en\/#website\"},\"primaryImageOfPage\":{\"@id\":\"https:\/\/fleuristedllavoie.com\/en\/produit\/af8\/#primaryimage\"},\"image\":{\"@id\":\"https:\/\/fleuristedllavoie.com\/en\/produit\/af8\/#primaryimage\"},\"thumbnailUrl\":\"https:\/\/fleuristedllavoie.com\/wp-content\/uploads\/2024\/03\/af8.jpg\",\"datePublished\":\"2024-03-13T14:44:17+00:00\",\"breadcrumb\":{\"@id\":\"https:\/\/fleuristedllavoie.com\/en\/produit\/af8\/#breadcrumb\"},\"inLanguage\":\"en-US\",\"potentialAction\":[{\"@type\":\"ReadAction\",\"target\":[\"https:\/\/fleuristedllavoie.com\/en\/produit\/af8\/\"]}]},{\"@type\":\"ImageObject\",\"inLanguage\":\"en-US\",\"@id\":\"https:\/\/fleuristedllavoie.com\/en\/produit\/af8\/#primaryimage\",\"url\":\"https:\/\/fleuristedllavoie.com\/wp-content\/uploads\/2024\/03\/af8.jpg\",\"contentUrl\":\"https:\/\/fleuristedllavoie.com\/wp-content\/uploads\/2024\/03\/af8.jpg\",\"width\":1288,\"height\":2048,\"caption\":\"arrangement floral naissance\"},{\"@type\":\"BreadcrumbList\",\"@id\":\"https:\/\/fleuristedllavoie.com\/en\/produit\/af8\/#breadcrumb\",\"itemListElement\":[{\"@type\":\"ListItem\",\"position\":1,\"name\":\"Home\",\"item\":\"https:\/\/fleuristedllavoie.com\/en\/home-1\/\"},{\"@type\":\"ListItem\",\"position\":2,\"name\":\"Products\",\"item\":\"https:\/\/fleuristedllavoie.com\/en\/shop\/\"},{\"@type\":\"ListItem\",\"position\":3,\"name\":\"AF8\"}]},{\"@type\":\"WebSite\",\"@id\":\"https:\/\/fleuristedllavoie.com\/en\/#website\",\"url\":\"https:\/\/fleuristedllavoie.com\/en\/\",\"name\":\"Fleuriste D.L Lavoie\",\"description\":\"Livraison de fleurs \u00e0 Lachute\",\"publisher\":{\"@id\":\"https:\/\/fleuristedllavoie.com\/en\/#organization\"},\"potentialAction\":[{\"@type\":\"SearchAction\",\"target\":{\"@type\":\"EntryPoint\",\"urlTemplate\":\"https:\/\/fleuristedllavoie.com\/en\/?s={search_term_string}\"},\"query-input\":{\"@type\":\"PropertyValueSpecification\",\"valueRequired\":true,\"valueName\":\"search_term_string\"}}],\"inLanguage\":\"en-US\"},{\"@type\":\"Organization\",\"@id\":\"https:\/\/fleuristedllavoie.com\/en\/#organization\",\"name\":\"Fleuriste D.L Lavoie\",\"url\":\"https:\/\/fleuristedllavoie.com\/en\/\",\"logo\":{\"@type\":\"ImageObject\",\"inLanguage\":\"en-US\",\"@id\":\"https:\/\/fleuristedllavoie.com\/en\/#\/schema\/logo\/image\/\",\"url\":\"https:\/\/fleuristedllavoie.com\/wp-content\/uploads\/2021\/08\/Last-Logo-300.png\",\"contentUrl\":\"https:\/\/fleuristedllavoie.com\/wp-content\/uploads\/2021\/08\/Last-Logo-300.png\",\"width\":300,\"height\":209,\"caption\":\"Fleuriste D.L Lavoie\"},\"image\":{\"@id\":\"https:\/\/fleuristedllavoie.com\/en\/#\/schema\/logo\/image\/\"}}]}<\/script>\n<!-- \/ Yoast SEO plugin. -->","yoast_head_json":{"title":"AF8 - Fleuriste D.L Lavoie","robots":{"index":"index","follow":"follow","max-snippet":"max-snippet:-1","max-image-preview":"max-image-preview:large","max-video-preview":"max-video-preview:-1"},"canonical":"https:\/\/fleuristedllavoie.com\/en\/produit\/af8\/","og_locale":"en_US","og_type":"article","og_title":"AF8 - Fleuriste D.L Lavoie","og_description":"Arrangement floral AF8 Cadeau parfait pour une naissance. Prix : 100 $ + taxes comme sur l&#8217;image. Notez qu&#8217;il peux se faire selon votre budget et couleurs d\u00e9sir\u00e9es. Vous pouvez choisir le toutou que vous&hellip;","og_url":"https:\/\/fleuristedllavoie.com\/en\/produit\/af8\/","og_site_name":"Fleuriste D.L Lavoie","og_image":[{"width":1288,"height":2048,"url":"https:\/\/fleuristedllavoie.com\/wp-content\/uploads\/2024\/03\/af8.jpg","type":"image\/jpeg"}],"twitter_card":"summary_large_image","twitter_misc":{"Est. reading time":"1 minute"},"schema":{"@context":"https:\/\/schema.org","@graph":[{"@type":"WebPage","@id":"https:\/\/fleuristedllavoie.com\/en\/produit\/af8\/","url":"https:\/\/fleuristedllavoie.com\/en\/produit\/af8\/","name":"AF8 - Fleuriste D.L Lavoie","isPartOf":{"@id":"https:\/\/fleuristedllavoie.com\/en\/#website"},"primaryImageOfPage":{"@id":"https:\/\/fleuristedllavoie.com\/en\/produit\/af8\/#primaryimage"},"image":{"@id":"https:\/\/fleuristedllavoie.com\/en\/produit\/af8\/#primaryimage"},"thumbnailUrl":"https:\/\/fleuristedllavoie.com\/wp-content\/uploads\/2024\/03\/af8.jpg","datePublished":"2024-03-13T14:44:17+00:00","breadcrumb":{"@id":"https:\/\/fleuristedllavoie.com\/en\/produit\/af8\/#breadcrumb"},"inLanguage":"en-US","potentialAction":[{"@type":"ReadAction","target":["https:\/\/fleuristedllavoie.com\/en\/produit\/af8\/"]}]},{"@type":"ImageObject","inLanguage":"en-US","@id":"https:\/\/fleuristedllavoie.com\/en\/produit\/af8\/#primaryimage","url":"https:\/\/fleuristedllavoie.com\/wp-content\/uploads\/2024\/03\/af8.jpg","contentUrl":"https:\/\/fleuristedllavoie.com\/wp-content\/uploads\/2024\/03\/af8.jpg","width":1288,"height":2048,"caption":"arrangement floral naissance"},{"@type":"BreadcrumbList","@id":"https:\/\/fleuristedllavoie.com\/en\/produit\/af8\/#breadcrumb","itemListElement":[{"@type":"ListItem","position":1,"name":"Home","item":"https:\/\/fleuristedllavoie.com\/en\/home-1\/"},{"@type":"ListItem","position":2,"name":"Products","item":"https:\/\/fleuristedllavoie.com\/en\/shop\/"},{"@type":"ListItem","position":3,"name":"AF8"}]},{"@type":"WebSite","@id":"https:\/\/fleuristedllavoie.com\/en\/#website","url":"https:\/\/fleuristedllavoie.com\/en\/","name":"Fleuriste D.L Lavoie","description":"Livraison de fleurs \u00e0 Lachute","publisher":{"@id":"https:\/\/fleuristedllavoie.com\/en\/#organization"},"potentialAction":[{"@type":"SearchAction","target":{"@type":"EntryPoint","urlTemplate":"https:\/\/fleuristedllavoie.com\/en\/?s={search_term_string}"},"query-input":{"@type":"PropertyValueSpecification","valueRequired":true,"valueName":"search_term_string"}}],"inLanguage":"en-US"},{"@type":"Organization","@id":"https:\/\/fleuristedllavoie.com\/en\/#organization","name":"Fleuriste D.L Lavoie","url":"https:\/\/fleuristedllavoie.com\/en\/","logo":{"@type":"ImageObject","inLanguage":"en-US","@id":"https:\/\/fleuristedllavoie.com\/en\/#\/schema\/logo\/image\/","url":"https:\/\/fleuristedllavoie.com\/wp-content\/uploads\/2021\/08\/Last-Logo-300.png","contentUrl":"https:\/\/fleuristedllavoie.com\/wp-content\/uploads\/2021\/08\/Last-Logo-300.png","width":300,"height":209,"caption":"Fleuriste D.L Lavoie"},"image":{"@id":"https:\/\/fleuristedllavoie.com\/en\/#\/schema\/logo\/image\/"}}]}},"jetpack_sharing_enabled":true,"_links":{"self":[{"href":"https:\/\/fleuristedllavoie.com\/en\/wp-json\/wp\/v2\/product\/7579","targetHints":{"allow":["GET"]}}],"collection":[{"href":"https:\/\/fleuristedllavoie.com\/en\/wp-json\/wp\/v2\/product"}],"about":[{"href":"https:\/\/fleuristedllavoie.com\/en\/wp-json\/wp\/v2\/types\/product"}],"wp:featuredmedia":[{"embeddable":true,"href":"https:\/\/fleuristedllavoie.com\/en\/wp-json\/wp\/v2\/media\/7580"}],"wp:attachment":[{"href":"https:\/\/fleuristedllavoie.com\/en\/wp-json\/wp\/v2\/media?parent=7579"}],"wp:term":[{"taxonomy":"product_brand","embeddable":true,"href":"https:\/\/fleuristedllavoie.com\/en\/wp-json\/wp\/v2\/product_brand?post=7579"},{"taxonomy":"product_cat","embeddable":true,"href":"https:\/\/fleuristedllavoie.com\/en\/wp-json\/wp\/v2\/product_cat?post=7579"},{"taxonomy":"product_tag","embeddable":true,"href":"https:\/\/fleuristedllavoie.com\/en\/wp-json\/wp\/v2\/product_tag?post=7579"}],"curies":[{"name":"wp","href":"https:\/\/api.w.org\/{rel}","templated":true}]}}