{"id":7515,"date":"2023-09-22T20:49:51","date_gmt":"2023-09-22T18:49:51","guid":{"rendered":"https:\/\/fleuristedllavoie.com\/?post_type=product&#038;p=7515"},"modified":"2023-09-22T20:49:51","modified_gmt":"2023-09-22T18:49:51","slug":"ccl3","status":"publish","type":"product","link":"https:\/\/fleuristedllavoie.com\/en\/produit\/ccl3\/","title":{"rendered":"CCL3"},"content":{"rendered":"","protected":false},"excerpt":{"rendered":"<h2><em><strong>Collection Chantal Lacroix<\/strong><\/em><\/h2>\n<p><em>\u00a0 \u00a0 \u00a0 \u00a0 \u00a0<strong>Jet\u00e9 &#8221; La Vie &#8220;<\/strong><\/em><\/p>\n<p><em>La vie est une chance, saisis-la.<\/em><\/p>\n<p><em>La vie est beaut\u00e9, admire-la.<\/em><\/p>\n<p><em>La vie est un r\u00eave, fais-en une r\u00e9alit\u00e9.<\/em><\/p>\n<p><em>La vie est un d\u00e9fi, fais-lui face.<\/em><\/p>\n<p><em>La vie est un devoir, accomplis-le.<\/em><\/p>\n<p><em>La vie est un jeu, joue-le.<\/em><\/p>\n<p><em>La vie est pr\u00e9cieuse, prends-en soin.<\/em><\/p>\n<p><em>La vie est amour, jouis-en.<\/em><\/p>\n<p><em>La vie est un myst\u00e8re, perce-le.<\/em><\/p>\n<p><em>La vie est promesse, remplis-la.<\/em><\/p>\n<p><em>La vie est tristesse, surmonte-la.<\/em><\/p>\n<p><em>La vie est un combat, bats-toi.<\/em><\/p>\n<p><em>La vie est une aventure, ose-la.<\/em><\/p>\n<p><em>La vie est bonheur, m\u00e9rite-la.<\/em><\/p>\n<p><em>La vie est un voyage, profites-en,<\/em><\/p>\n<p>&nbsp;<\/p>\n<p><em>Jet\u00e9 en molleton \/ Plush throw 100% polyester<\/em><\/p>\n<p><em>Couleur : Grise imprim\u00e9 texte Blanc<\/em><\/p>\n<p><em>Dimension : 50&#8243; x 60&#8243;<\/em><\/p>\n<p><em>Laver \u00e0 la machine, s\u00e9cher \u00e0 basse temp\u00e9rature<\/em><\/p>\n","protected":false},"featured_media":7516,"template":"","meta":[],"product_brand":[],"product_cat":[146],"product_tag":[],"class_list":{"0":"post-7515","1":"product","2":"type-product","3":"status-publish","4":"has-post-thumbnail","6":"product_cat-couverture","8":"first","9":"instock","10":"taxable","11":"shipping-taxable","12":"product-type-simple"},"yoast_head":"<!-- This site is optimized with the Yoast SEO plugin v26.3 - https:\/\/yoast.com\/wordpress\/plugins\/seo\/ -->\n<title>CCL3 - Fleuriste D.L Lavoie<\/title>\n<meta name=\"robots\" content=\"index, follow, max-snippet:-1, max-image-preview:large, max-video-preview:-1\" \/>\n<link rel=\"canonical\" href=\"https:\/\/fleuristedllavoie.com\/en\/produit\/ccl3\/\" \/>\n<meta property=\"og:locale\" content=\"en_US\" \/>\n<meta property=\"og:type\" content=\"article\" \/>\n<meta property=\"og:title\" content=\"CCL3 - Fleuriste D.L Lavoie\" \/>\n<meta property=\"og:description\" content=\"Collection Chantal Lacroix \u00a0 \u00a0 \u00a0 \u00a0 \u00a0Jet\u00e9 &quot; La Vie &quot;  La vie est une chance, saisis-la.  La vie est beaut\u00e9, admire-la.  La vie est un r\u00eave, fais-en une r\u00e9alit\u00e9.  La vie est un d\u00e9fi, fais-lui face.  La vie est un devoir, accomplis-le.  La vie est un jeu, joue-le.  La vie est pr\u00e9cieuse, prends-en soin.  La vie est amour, jouis-en.  La vie est un myst\u00e8re, perce-le.  La vie est promesse, remplis-la.  La vie est tristesse, surmonte-la.  La vie est un combat, bats-toi.  La vie est une aventure, ose-la.  La vie est bonheur, m\u00e9rite-la.  La vie est un voyage, profites-en,  &nbsp;  Jet\u00e9 en molleton \/ Plush throw 100% polyester  Couleur : Grise imprim\u00e9 texte Blanc  Dimension : 50&quot; x 60&quot;  Laver \u00e0 la machine, s\u00e9cher \u00e0 basse temp\u00e9rature\" \/>\n<meta property=\"og:url\" content=\"https:\/\/fleuristedllavoie.com\/en\/produit\/ccl3\/\" \/>\n<meta property=\"og:site_name\" content=\"Fleuriste D.L Lavoie\" \/>\n<meta property=\"og:image\" content=\"https:\/\/fleuristedllavoie.com\/wp-content\/uploads\/2023\/09\/lideecadeauweb.ca_Jete-La-Vie-980x980-1.jpeg\" \/>\n\t<meta property=\"og:image:width\" content=\"980\" \/>\n\t<meta property=\"og:image:height\" content=\"980\" \/>\n\t<meta property=\"og:image:type\" content=\"image\/jpeg\" \/>\n<meta name=\"twitter:card\" content=\"summary_large_image\" \/>\n<script type=\"application\/ld+json\" class=\"yoast-schema-graph\">{\"@context\":\"https:\/\/schema.org\",\"@graph\":[{\"@type\":\"WebPage\",\"@id\":\"https:\/\/fleuristedllavoie.com\/en\/produit\/ccl3\/\",\"url\":\"https:\/\/fleuristedllavoie.com\/en\/produit\/ccl3\/\",\"name\":\"CCL3 - Fleuriste D.L Lavoie\",\"isPartOf\":{\"@id\":\"https:\/\/fleuristedllavoie.com\/en\/#website\"},\"primaryImageOfPage\":{\"@id\":\"https:\/\/fleuristedllavoie.com\/en\/produit\/ccl3\/#primaryimage\"},\"image\":{\"@id\":\"https:\/\/fleuristedllavoie.com\/en\/produit\/ccl3\/#primaryimage\"},\"thumbnailUrl\":\"https:\/\/fleuristedllavoie.com\/wp-content\/uploads\/2023\/09\/lideecadeauweb.ca_Jete-La-Vie-980x980-1.jpeg\",\"datePublished\":\"2023-09-22T18:49:51+00:00\",\"breadcrumb\":{\"@id\":\"https:\/\/fleuristedllavoie.com\/en\/produit\/ccl3\/#breadcrumb\"},\"inLanguage\":\"en-US\",\"potentialAction\":[{\"@type\":\"ReadAction\",\"target\":[\"https:\/\/fleuristedllavoie.com\/en\/produit\/ccl3\/\"]}]},{\"@type\":\"ImageObject\",\"inLanguage\":\"en-US\",\"@id\":\"https:\/\/fleuristedllavoie.com\/en\/produit\/ccl3\/#primaryimage\",\"url\":\"https:\/\/fleuristedllavoie.com\/wp-content\/uploads\/2023\/09\/lideecadeauweb.ca_Jete-La-Vie-980x980-1.jpeg\",\"contentUrl\":\"https:\/\/fleuristedllavoie.com\/wp-content\/uploads\/2023\/09\/lideecadeauweb.ca_Jete-La-Vie-980x980-1.jpeg\",\"width\":980,\"height\":980,\"caption\":\"jet\u00e9 La vie\"},{\"@type\":\"BreadcrumbList\",\"@id\":\"https:\/\/fleuristedllavoie.com\/en\/produit\/ccl3\/#breadcrumb\",\"itemListElement\":[{\"@type\":\"ListItem\",\"position\":1,\"name\":\"Home\",\"item\":\"https:\/\/fleuristedllavoie.com\/en\/home-1\/\"},{\"@type\":\"ListItem\",\"position\":2,\"name\":\"Products\",\"item\":\"https:\/\/fleuristedllavoie.com\/en\/shop\/\"},{\"@type\":\"ListItem\",\"position\":3,\"name\":\"CCL3\"}]},{\"@type\":\"WebSite\",\"@id\":\"https:\/\/fleuristedllavoie.com\/en\/#website\",\"url\":\"https:\/\/fleuristedllavoie.com\/en\/\",\"name\":\"Fleuriste D.L Lavoie\",\"description\":\"Livraison de fleurs \u00e0 Lachute\",\"publisher\":{\"@id\":\"https:\/\/fleuristedllavoie.com\/en\/#organization\"},\"potentialAction\":[{\"@type\":\"SearchAction\",\"target\":{\"@type\":\"EntryPoint\",\"urlTemplate\":\"https:\/\/fleuristedllavoie.com\/en\/?s={search_term_string}\"},\"query-input\":{\"@type\":\"PropertyValueSpecification\",\"valueRequired\":true,\"valueName\":\"search_term_string\"}}],\"inLanguage\":\"en-US\"},{\"@type\":\"Organization\",\"@id\":\"https:\/\/fleuristedllavoie.com\/en\/#organization\",\"name\":\"Fleuriste D.L Lavoie\",\"url\":\"https:\/\/fleuristedllavoie.com\/en\/\",\"logo\":{\"@type\":\"ImageObject\",\"inLanguage\":\"en-US\",\"@id\":\"https:\/\/fleuristedllavoie.com\/en\/#\/schema\/logo\/image\/\",\"url\":\"https:\/\/fleuristedllavoie.com\/wp-content\/uploads\/2021\/08\/Last-Logo-300.png\",\"contentUrl\":\"https:\/\/fleuristedllavoie.com\/wp-content\/uploads\/2021\/08\/Last-Logo-300.png\",\"width\":300,\"height\":209,\"caption\":\"Fleuriste D.L Lavoie\"},\"image\":{\"@id\":\"https:\/\/fleuristedllavoie.com\/en\/#\/schema\/logo\/image\/\"}}]}<\/script>\n<!-- \/ Yoast SEO plugin. -->","yoast_head_json":{"title":"CCL3 - Fleuriste D.L Lavoie","robots":{"index":"index","follow":"follow","max-snippet":"max-snippet:-1","max-image-preview":"max-image-preview:large","max-video-preview":"max-video-preview:-1"},"canonical":"https:\/\/fleuristedllavoie.com\/en\/produit\/ccl3\/","og_locale":"en_US","og_type":"article","og_title":"CCL3 - Fleuriste D.L Lavoie","og_description":"Collection Chantal Lacroix \u00a0 \u00a0 \u00a0 \u00a0 \u00a0Jet\u00e9 \" La Vie \"  La vie est une chance, saisis-la.  La vie est beaut\u00e9, admire-la.  La vie est un r\u00eave, fais-en une r\u00e9alit\u00e9.  La vie est un d\u00e9fi, fais-lui face.  La vie est un devoir, accomplis-le.  La vie est un jeu, joue-le.  La vie est pr\u00e9cieuse, prends-en soin.  La vie est amour, jouis-en.  La vie est un myst\u00e8re, perce-le.  La vie est promesse, remplis-la.  La vie est tristesse, surmonte-la.  La vie est un combat, bats-toi.  La vie est une aventure, ose-la.  La vie est bonheur, m\u00e9rite-la.  La vie est un voyage, profites-en,  &nbsp;  Jet\u00e9 en molleton \/ Plush throw 100% polyester  Couleur : Grise imprim\u00e9 texte Blanc  Dimension : 50\" x 60\"  Laver \u00e0 la machine, s\u00e9cher \u00e0 basse temp\u00e9rature","og_url":"https:\/\/fleuristedllavoie.com\/en\/produit\/ccl3\/","og_site_name":"Fleuriste D.L Lavoie","og_image":[{"width":980,"height":980,"url":"https:\/\/fleuristedllavoie.com\/wp-content\/uploads\/2023\/09\/lideecadeauweb.ca_Jete-La-Vie-980x980-1.jpeg","type":"image\/jpeg"}],"twitter_card":"summary_large_image","schema":{"@context":"https:\/\/schema.org","@graph":[{"@type":"WebPage","@id":"https:\/\/fleuristedllavoie.com\/en\/produit\/ccl3\/","url":"https:\/\/fleuristedllavoie.com\/en\/produit\/ccl3\/","name":"CCL3 - Fleuriste D.L Lavoie","isPartOf":{"@id":"https:\/\/fleuristedllavoie.com\/en\/#website"},"primaryImageOfPage":{"@id":"https:\/\/fleuristedllavoie.com\/en\/produit\/ccl3\/#primaryimage"},"image":{"@id":"https:\/\/fleuristedllavoie.com\/en\/produit\/ccl3\/#primaryimage"},"thumbnailUrl":"https:\/\/fleuristedllavoie.com\/wp-content\/uploads\/2023\/09\/lideecadeauweb.ca_Jete-La-Vie-980x980-1.jpeg","datePublished":"2023-09-22T18:49:51+00:00","breadcrumb":{"@id":"https:\/\/fleuristedllavoie.com\/en\/produit\/ccl3\/#breadcrumb"},"inLanguage":"en-US","potentialAction":[{"@type":"ReadAction","target":["https:\/\/fleuristedllavoie.com\/en\/produit\/ccl3\/"]}]},{"@type":"ImageObject","inLanguage":"en-US","@id":"https:\/\/fleuristedllavoie.com\/en\/produit\/ccl3\/#primaryimage","url":"https:\/\/fleuristedllavoie.com\/wp-content\/uploads\/2023\/09\/lideecadeauweb.ca_Jete-La-Vie-980x980-1.jpeg","contentUrl":"https:\/\/fleuristedllavoie.com\/wp-content\/uploads\/2023\/09\/lideecadeauweb.ca_Jete-La-Vie-980x980-1.jpeg","width":980,"height":980,"caption":"jet\u00e9 La vie"},{"@type":"BreadcrumbList","@id":"https:\/\/fleuristedllavoie.com\/en\/produit\/ccl3\/#breadcrumb","itemListElement":[{"@type":"ListItem","position":1,"name":"Home","item":"https:\/\/fleuristedllavoie.com\/en\/home-1\/"},{"@type":"ListItem","position":2,"name":"Products","item":"https:\/\/fleuristedllavoie.com\/en\/shop\/"},{"@type":"ListItem","position":3,"name":"CCL3"}]},{"@type":"WebSite","@id":"https:\/\/fleuristedllavoie.com\/en\/#website","url":"https:\/\/fleuristedllavoie.com\/en\/","name":"Fleuriste D.L Lavoie","description":"Livraison de fleurs \u00e0 Lachute","publisher":{"@id":"https:\/\/fleuristedllavoie.com\/en\/#organization"},"potentialAction":[{"@type":"SearchAction","target":{"@type":"EntryPoint","urlTemplate":"https:\/\/fleuristedllavoie.com\/en\/?s={search_term_string}"},"query-input":{"@type":"PropertyValueSpecification","valueRequired":true,"valueName":"search_term_string"}}],"inLanguage":"en-US"},{"@type":"Organization","@id":"https:\/\/fleuristedllavoie.com\/en\/#organization","name":"Fleuriste D.L Lavoie","url":"https:\/\/fleuristedllavoie.com\/en\/","logo":{"@type":"ImageObject","inLanguage":"en-US","@id":"https:\/\/fleuristedllavoie.com\/en\/#\/schema\/logo\/image\/","url":"https:\/\/fleuristedllavoie.com\/wp-content\/uploads\/2021\/08\/Last-Logo-300.png","contentUrl":"https:\/\/fleuristedllavoie.com\/wp-content\/uploads\/2021\/08\/Last-Logo-300.png","width":300,"height":209,"caption":"Fleuriste D.L Lavoie"},"image":{"@id":"https:\/\/fleuristedllavoie.com\/en\/#\/schema\/logo\/image\/"}}]}},"jetpack_sharing_enabled":true,"_links":{"self":[{"href":"https:\/\/fleuristedllavoie.com\/en\/wp-json\/wp\/v2\/product\/7515","targetHints":{"allow":["GET"]}}],"collection":[{"href":"https:\/\/fleuristedllavoie.com\/en\/wp-json\/wp\/v2\/product"}],"about":[{"href":"https:\/\/fleuristedllavoie.com\/en\/wp-json\/wp\/v2\/types\/product"}],"wp:featuredmedia":[{"embeddable":true,"href":"https:\/\/fleuristedllavoie.com\/en\/wp-json\/wp\/v2\/media\/7516"}],"wp:attachment":[{"href":"https:\/\/fleuristedllavoie.com\/en\/wp-json\/wp\/v2\/media?parent=7515"}],"wp:term":[{"taxonomy":"product_brand","embeddable":true,"href":"https:\/\/fleuristedllavoie.com\/en\/wp-json\/wp\/v2\/product_brand?post=7515"},{"taxonomy":"product_cat","embeddable":true,"href":"https:\/\/fleuristedllavoie.com\/en\/wp-json\/wp\/v2\/product_cat?post=7515"},{"taxonomy":"product_tag","embeddable":true,"href":"https:\/\/fleuristedllavoie.com\/en\/wp-json\/wp\/v2\/product_tag?post=7515"}],"curies":[{"name":"wp","href":"https:\/\/api.w.org\/{rel}","templated":true}]}}