{"id":7512,"date":"2023-09-22T20:44:34","date_gmt":"2023-09-22T18:44:34","guid":{"rendered":"https:\/\/fleuristedllavoie.com\/?post_type=product&#038;p=7512"},"modified":"2023-09-22T20:44:34","modified_gmt":"2023-09-22T18:44:34","slug":"ccl2","status":"publish","type":"product","link":"https:\/\/fleuristedllavoie.com\/en\/produit\/ccl2\/","title":{"rendered":"CCL2"},"content":{"rendered":"","protected":false},"excerpt":{"rendered":"<p>Jetez un coup d&#8217;\u0153il \u00e0 ce jet\u00e9 en molleton \u00ab\u00c0 toi que j&#8217;aime\u00bb pour la personne sp\u00e9ciale de votre vie. Avec le message\u00a0inspirant imprim\u00e9, ce jet\u00e9 moelleux est une d\u00e9claration d&#8217;amour douce et intime. Le molleton durable est id\u00e9al pour rester\u00a0bien douillet.<\/p>\n<p>Texte inspirant : \u00ab \u00c0 toi que j&#8217;aime.\u00a0 Je ne sais plus combien de secrets et de confidences nous avons \u00e9chang\u00e9s, combien de joies et de chagrins nous avons travers\u00e9s. Je sais cependant que tu es toujours \u00e0 mes c\u00f4t\u00e9s pour m&#8217;\u00e9pauler.\u00a0 Merci d&#8217;\u00eatre la personne magnifique que tu es.\u00a0 Entre nous, c&#8217;est une histoire de c\u0153ur.\u00a0 Tu es mon \u00e2me s\u0153ur. \u00bb<\/p>\n<p>Dimension : 50 po X 60 po<\/p>\n","protected":false},"featured_media":7513,"template":"","meta":[],"product_brand":[],"product_cat":[146],"product_tag":[],"class_list":{"0":"post-7512","1":"product","2":"type-product","3":"status-publish","4":"has-post-thumbnail","6":"product_cat-couverture","8":"first","9":"instock","10":"taxable","11":"shipping-taxable","12":"product-type-simple"},"yoast_head":"<!-- This site is optimized with the Yoast SEO plugin v26.3 - https:\/\/yoast.com\/wordpress\/plugins\/seo\/ -->\n<title>CCL2 - Fleuriste D.L Lavoie<\/title>\n<meta name=\"robots\" content=\"index, follow, max-snippet:-1, max-image-preview:large, max-video-preview:-1\" \/>\n<link rel=\"canonical\" href=\"https:\/\/fleuristedllavoie.com\/en\/produit\/ccl2\/\" \/>\n<meta property=\"og:locale\" content=\"en_US\" \/>\n<meta property=\"og:type\" content=\"article\" \/>\n<meta property=\"og:title\" content=\"CCL2 - Fleuriste D.L Lavoie\" \/>\n<meta property=\"og:description\" content=\"Jetez un coup d&#039;\u0153il \u00e0 ce jet\u00e9 en molleton \u00ab\u00c0 toi que j&#039;aime\u00bb pour la personne sp\u00e9ciale de votre vie. Avec le message\u00a0inspirant imprim\u00e9, ce jet\u00e9 moelleux est une d\u00e9claration d&#039;amour douce et intime. Le molleton durable est id\u00e9al pour rester\u00a0bien douillet.  Texte inspirant : \u00ab \u00c0 toi que j&#039;aime.\u00a0 Je ne sais plus combien de secrets et de confidences nous avons \u00e9chang\u00e9s, combien de joies et de chagrins nous avons travers\u00e9s. Je sais cependant que tu es toujours \u00e0 mes c\u00f4t\u00e9s pour m&#039;\u00e9pauler.\u00a0 Merci d&#039;\u00eatre la personne magnifique que tu es.\u00a0 Entre nous, c&#039;est une histoire de c\u0153ur.\u00a0 Tu es mon \u00e2me s\u0153ur. \u00bb  Dimension : 50 po X 60 po\" \/>\n<meta property=\"og:url\" content=\"https:\/\/fleuristedllavoie.com\/en\/produit\/ccl2\/\" \/>\n<meta property=\"og:site_name\" content=\"Fleuriste D.L Lavoie\" \/>\n<meta property=\"og:image\" content=\"https:\/\/fleuristedllavoie.com\/wp-content\/uploads\/2023\/09\/Sanstitre-1_356b4bd7-be58-400a-aa77-7e66bc6d73c6.webp\" \/>\n\t<meta property=\"og:image:width\" content=\"550\" \/>\n\t<meta property=\"og:image:height\" content=\"550\" \/>\n\t<meta property=\"og:image:type\" content=\"image\/webp\" \/>\n<meta name=\"twitter:card\" content=\"summary_large_image\" \/>\n<script type=\"application\/ld+json\" class=\"yoast-schema-graph\">{\"@context\":\"https:\/\/schema.org\",\"@graph\":[{\"@type\":\"WebPage\",\"@id\":\"https:\/\/fleuristedllavoie.com\/en\/produit\/ccl2\/\",\"url\":\"https:\/\/fleuristedllavoie.com\/en\/produit\/ccl2\/\",\"name\":\"CCL2 - Fleuriste D.L Lavoie\",\"isPartOf\":{\"@id\":\"https:\/\/fleuristedllavoie.com\/en\/#website\"},\"primaryImageOfPage\":{\"@id\":\"https:\/\/fleuristedllavoie.com\/en\/produit\/ccl2\/#primaryimage\"},\"image\":{\"@id\":\"https:\/\/fleuristedllavoie.com\/en\/produit\/ccl2\/#primaryimage\"},\"thumbnailUrl\":\"https:\/\/fleuristedllavoie.com\/wp-content\/uploads\/2023\/09\/Sanstitre-1_356b4bd7-be58-400a-aa77-7e66bc6d73c6.webp\",\"datePublished\":\"2023-09-22T18:44:34+00:00\",\"breadcrumb\":{\"@id\":\"https:\/\/fleuristedllavoie.com\/en\/produit\/ccl2\/#breadcrumb\"},\"inLanguage\":\"en-US\",\"potentialAction\":[{\"@type\":\"ReadAction\",\"target\":[\"https:\/\/fleuristedllavoie.com\/en\/produit\/ccl2\/\"]}]},{\"@type\":\"ImageObject\",\"inLanguage\":\"en-US\",\"@id\":\"https:\/\/fleuristedllavoie.com\/en\/produit\/ccl2\/#primaryimage\",\"url\":\"https:\/\/fleuristedllavoie.com\/wp-content\/uploads\/2023\/09\/Sanstitre-1_356b4bd7-be58-400a-aa77-7e66bc6d73c6.webp\",\"contentUrl\":\"https:\/\/fleuristedllavoie.com\/wp-content\/uploads\/2023\/09\/Sanstitre-1_356b4bd7-be58-400a-aa77-7e66bc6d73c6.webp\",\"width\":550,\"height\":550,\"caption\":\"jet\u00e9 amour\"},{\"@type\":\"BreadcrumbList\",\"@id\":\"https:\/\/fleuristedllavoie.com\/en\/produit\/ccl2\/#breadcrumb\",\"itemListElement\":[{\"@type\":\"ListItem\",\"position\":1,\"name\":\"Home\",\"item\":\"https:\/\/fleuristedllavoie.com\/en\/home-1\/\"},{\"@type\":\"ListItem\",\"position\":2,\"name\":\"Products\",\"item\":\"https:\/\/fleuristedllavoie.com\/en\/shop\/\"},{\"@type\":\"ListItem\",\"position\":3,\"name\":\"CCL2\"}]},{\"@type\":\"WebSite\",\"@id\":\"https:\/\/fleuristedllavoie.com\/en\/#website\",\"url\":\"https:\/\/fleuristedllavoie.com\/en\/\",\"name\":\"Fleuriste D.L Lavoie\",\"description\":\"Livraison de fleurs \u00e0 Lachute\",\"publisher\":{\"@id\":\"https:\/\/fleuristedllavoie.com\/en\/#organization\"},\"potentialAction\":[{\"@type\":\"SearchAction\",\"target\":{\"@type\":\"EntryPoint\",\"urlTemplate\":\"https:\/\/fleuristedllavoie.com\/en\/?s={search_term_string}\"},\"query-input\":{\"@type\":\"PropertyValueSpecification\",\"valueRequired\":true,\"valueName\":\"search_term_string\"}}],\"inLanguage\":\"en-US\"},{\"@type\":\"Organization\",\"@id\":\"https:\/\/fleuristedllavoie.com\/en\/#organization\",\"name\":\"Fleuriste D.L Lavoie\",\"url\":\"https:\/\/fleuristedllavoie.com\/en\/\",\"logo\":{\"@type\":\"ImageObject\",\"inLanguage\":\"en-US\",\"@id\":\"https:\/\/fleuristedllavoie.com\/en\/#\/schema\/logo\/image\/\",\"url\":\"https:\/\/fleuristedllavoie.com\/wp-content\/uploads\/2021\/08\/Last-Logo-300.png\",\"contentUrl\":\"https:\/\/fleuristedllavoie.com\/wp-content\/uploads\/2021\/08\/Last-Logo-300.png\",\"width\":300,\"height\":209,\"caption\":\"Fleuriste D.L Lavoie\"},\"image\":{\"@id\":\"https:\/\/fleuristedllavoie.com\/en\/#\/schema\/logo\/image\/\"}}]}<\/script>\n<!-- \/ Yoast SEO plugin. -->","yoast_head_json":{"title":"CCL2 - Fleuriste D.L Lavoie","robots":{"index":"index","follow":"follow","max-snippet":"max-snippet:-1","max-image-preview":"max-image-preview:large","max-video-preview":"max-video-preview:-1"},"canonical":"https:\/\/fleuristedllavoie.com\/en\/produit\/ccl2\/","og_locale":"en_US","og_type":"article","og_title":"CCL2 - Fleuriste D.L Lavoie","og_description":"Jetez un coup d'\u0153il \u00e0 ce jet\u00e9 en molleton \u00ab\u00c0 toi que j'aime\u00bb pour la personne sp\u00e9ciale de votre vie. Avec le message\u00a0inspirant imprim\u00e9, ce jet\u00e9 moelleux est une d\u00e9claration d'amour douce et intime. Le molleton durable est id\u00e9al pour rester\u00a0bien douillet.  Texte inspirant : \u00ab \u00c0 toi que j'aime.\u00a0 Je ne sais plus combien de secrets et de confidences nous avons \u00e9chang\u00e9s, combien de joies et de chagrins nous avons travers\u00e9s. Je sais cependant que tu es toujours \u00e0 mes c\u00f4t\u00e9s pour m'\u00e9pauler.\u00a0 Merci d'\u00eatre la personne magnifique que tu es.\u00a0 Entre nous, c'est une histoire de c\u0153ur.\u00a0 Tu es mon \u00e2me s\u0153ur. \u00bb  Dimension : 50 po X 60 po","og_url":"https:\/\/fleuristedllavoie.com\/en\/produit\/ccl2\/","og_site_name":"Fleuriste D.L Lavoie","og_image":[{"width":550,"height":550,"url":"https:\/\/fleuristedllavoie.com\/wp-content\/uploads\/2023\/09\/Sanstitre-1_356b4bd7-be58-400a-aa77-7e66bc6d73c6.webp","type":"image\/webp"}],"twitter_card":"summary_large_image","schema":{"@context":"https:\/\/schema.org","@graph":[{"@type":"WebPage","@id":"https:\/\/fleuristedllavoie.com\/en\/produit\/ccl2\/","url":"https:\/\/fleuristedllavoie.com\/en\/produit\/ccl2\/","name":"CCL2 - Fleuriste D.L Lavoie","isPartOf":{"@id":"https:\/\/fleuristedllavoie.com\/en\/#website"},"primaryImageOfPage":{"@id":"https:\/\/fleuristedllavoie.com\/en\/produit\/ccl2\/#primaryimage"},"image":{"@id":"https:\/\/fleuristedllavoie.com\/en\/produit\/ccl2\/#primaryimage"},"thumbnailUrl":"https:\/\/fleuristedllavoie.com\/wp-content\/uploads\/2023\/09\/Sanstitre-1_356b4bd7-be58-400a-aa77-7e66bc6d73c6.webp","datePublished":"2023-09-22T18:44:34+00:00","breadcrumb":{"@id":"https:\/\/fleuristedllavoie.com\/en\/produit\/ccl2\/#breadcrumb"},"inLanguage":"en-US","potentialAction":[{"@type":"ReadAction","target":["https:\/\/fleuristedllavoie.com\/en\/produit\/ccl2\/"]}]},{"@type":"ImageObject","inLanguage":"en-US","@id":"https:\/\/fleuristedllavoie.com\/en\/produit\/ccl2\/#primaryimage","url":"https:\/\/fleuristedllavoie.com\/wp-content\/uploads\/2023\/09\/Sanstitre-1_356b4bd7-be58-400a-aa77-7e66bc6d73c6.webp","contentUrl":"https:\/\/fleuristedllavoie.com\/wp-content\/uploads\/2023\/09\/Sanstitre-1_356b4bd7-be58-400a-aa77-7e66bc6d73c6.webp","width":550,"height":550,"caption":"jet\u00e9 amour"},{"@type":"BreadcrumbList","@id":"https:\/\/fleuristedllavoie.com\/en\/produit\/ccl2\/#breadcrumb","itemListElement":[{"@type":"ListItem","position":1,"name":"Home","item":"https:\/\/fleuristedllavoie.com\/en\/home-1\/"},{"@type":"ListItem","position":2,"name":"Products","item":"https:\/\/fleuristedllavoie.com\/en\/shop\/"},{"@type":"ListItem","position":3,"name":"CCL2"}]},{"@type":"WebSite","@id":"https:\/\/fleuristedllavoie.com\/en\/#website","url":"https:\/\/fleuristedllavoie.com\/en\/","name":"Fleuriste D.L Lavoie","description":"Livraison de fleurs \u00e0 Lachute","publisher":{"@id":"https:\/\/fleuristedllavoie.com\/en\/#organization"},"potentialAction":[{"@type":"SearchAction","target":{"@type":"EntryPoint","urlTemplate":"https:\/\/fleuristedllavoie.com\/en\/?s={search_term_string}"},"query-input":{"@type":"PropertyValueSpecification","valueRequired":true,"valueName":"search_term_string"}}],"inLanguage":"en-US"},{"@type":"Organization","@id":"https:\/\/fleuristedllavoie.com\/en\/#organization","name":"Fleuriste D.L Lavoie","url":"https:\/\/fleuristedllavoie.com\/en\/","logo":{"@type":"ImageObject","inLanguage":"en-US","@id":"https:\/\/fleuristedllavoie.com\/en\/#\/schema\/logo\/image\/","url":"https:\/\/fleuristedllavoie.com\/wp-content\/uploads\/2021\/08\/Last-Logo-300.png","contentUrl":"https:\/\/fleuristedllavoie.com\/wp-content\/uploads\/2021\/08\/Last-Logo-300.png","width":300,"height":209,"caption":"Fleuriste D.L Lavoie"},"image":{"@id":"https:\/\/fleuristedllavoie.com\/en\/#\/schema\/logo\/image\/"}}]}},"jetpack_sharing_enabled":true,"_links":{"self":[{"href":"https:\/\/fleuristedllavoie.com\/en\/wp-json\/wp\/v2\/product\/7512","targetHints":{"allow":["GET"]}}],"collection":[{"href":"https:\/\/fleuristedllavoie.com\/en\/wp-json\/wp\/v2\/product"}],"about":[{"href":"https:\/\/fleuristedllavoie.com\/en\/wp-json\/wp\/v2\/types\/product"}],"wp:featuredmedia":[{"embeddable":true,"href":"https:\/\/fleuristedllavoie.com\/en\/wp-json\/wp\/v2\/media\/7513"}],"wp:attachment":[{"href":"https:\/\/fleuristedllavoie.com\/en\/wp-json\/wp\/v2\/media?parent=7512"}],"wp:term":[{"taxonomy":"product_brand","embeddable":true,"href":"https:\/\/fleuristedllavoie.com\/en\/wp-json\/wp\/v2\/product_brand?post=7512"},{"taxonomy":"product_cat","embeddable":true,"href":"https:\/\/fleuristedllavoie.com\/en\/wp-json\/wp\/v2\/product_cat?post=7512"},{"taxonomy":"product_tag","embeddable":true,"href":"https:\/\/fleuristedllavoie.com\/en\/wp-json\/wp\/v2\/product_tag?post=7512"}],"curies":[{"name":"wp","href":"https:\/\/api.w.org\/{rel}","templated":true}]}}