{"id":7295,"date":"2021-12-22T20:03:29","date_gmt":"2021-12-22T19:03:29","guid":{"rendered":"https:\/\/website.econnectcity.ca\/?post_type=product&#038;p=7295"},"modified":"2021-12-22T20:03:29","modified_gmt":"2021-12-22T19:03:29","slug":"premiere-annee-de-bebe-semaines-et-mois-recto-verso-coeur","status":"publish","type":"product","link":"https:\/\/fleuristedllavoie.com\/en\/produit\/premiere-annee-de-bebe-semaines-et-mois-recto-verso-coeur\/","title":{"rendered":"Premi\u00e8re ann\u00e9e de b\u00e9b\u00e9 (semaines et mois, recto-verso) Coeur"},"content":{"rendered":"","protected":false},"excerpt":{"rendered":"<p class=\"\">Le temps passe si vite et les b\u00e9b\u00e9s changent \u00e0 une vitesse ph\u00e9nom\u00e9nale. Afin de capturer l&#8217;instant pr\u00e9sent, pourquoi ne pas prendre une photo de b\u00e9b\u00e9 durant les 12 premiers mois de sa vie.<\/p>\n<p class=\"\">Vous recevrez une seulement plaquette qui aura d\u2019un c\u00f4t\u00e9, un case en ardoise avec l\u2019inscription \u201csemaines\u201d et de l\u2019autre \u201cmois\u201d.<\/p>\n<p class=\"\">Dimensions:<\/p>\n<p class=\"\">env. 5po X 5po X 0,25 po<\/p>\n<p class=\"\">Fait de merisier russe et de vinyle autocollant.<\/p>\n<p class=\"\">*Les craies normales sont conseill\u00e9es. Les stylos \u00e0 craie ont tendance \u00e0 marquer l\u2019ardoise et ils sont tr\u00e8s difficiles \u00e0 nettoyer voir impossible.<\/p>\n","protected":false},"featured_media":7296,"template":"","meta":[],"product_brand":[],"product_cat":[183],"product_tag":[],"class_list":{"0":"post-7295","1":"product","2":"type-product","3":"status-publish","4":"has-post-thumbnail","6":"product_cat-cadeaux-maternite-shower-et-naissance","8":"first","9":"instock","10":"taxable","11":"shipping-taxable","12":"product-type-simple"},"yoast_head":"<!-- This site is optimized with the Yoast SEO plugin v26.3 - https:\/\/yoast.com\/wordpress\/plugins\/seo\/ -->\n<title>Premi\u00e8re ann\u00e9e de b\u00e9b\u00e9 (semaines et mois, recto-verso) Coeur - Fleuriste D.L Lavoie<\/title>\n<meta name=\"robots\" content=\"index, follow, max-snippet:-1, max-image-preview:large, max-video-preview:-1\" \/>\n<link rel=\"canonical\" href=\"https:\/\/fleuristedllavoie.com\/en\/produit\/premiere-annee-de-bebe-semaines-et-mois-recto-verso-coeur\/\" \/>\n<meta property=\"og:locale\" content=\"en_US\" \/>\n<meta property=\"og:type\" content=\"article\" \/>\n<meta property=\"og:title\" content=\"Premi\u00e8re ann\u00e9e de b\u00e9b\u00e9 (semaines et mois, recto-verso) Coeur - Fleuriste D.L Lavoie\" \/>\n<meta property=\"og:description\" content=\"Le temps passe si vite et les b\u00e9b\u00e9s changent \u00e0 une vitesse ph\u00e9nom\u00e9nale. Afin de capturer l&#039;instant pr\u00e9sent, pourquoi ne pas prendre une photo de b\u00e9b\u00e9 durant les 12 premiers mois de sa vie. Vous recevrez une seulement plaquette qui aura d\u2019un c\u00f4t\u00e9, un case en ardoise avec l\u2019inscription \u201csemaines\u201d et de l\u2019autre \u201cmois\u201d. Dimensions: env. 5po X 5po X 0,25 po Fait de merisier russe et de vinyle autocollant. *Les craies normales sont conseill\u00e9es. Les stylos \u00e0 craie ont tendance \u00e0 marquer l\u2019ardoise et ils sont tr\u00e8s difficiles \u00e0 nettoyer voir impossible.\" \/>\n<meta property=\"og:url\" content=\"https:\/\/fleuristedllavoie.com\/en\/produit\/premiere-annee-de-bebe-semaines-et-mois-recto-verso-coeur\/\" \/>\n<meta property=\"og:site_name\" content=\"Fleuriste D.L Lavoie\" \/>\n<meta property=\"og:image\" content=\"https:\/\/fleuristedllavoie.com\/wp-content\/uploads\/2021\/12\/20211222_183640000_iOS-1.jpg\" \/>\n\t<meta property=\"og:image:width\" content=\"690\" \/>\n\t<meta property=\"og:image:height\" content=\"688\" \/>\n\t<meta property=\"og:image:type\" content=\"image\/jpeg\" \/>\n<meta name=\"twitter:card\" content=\"summary_large_image\" \/>\n<script type=\"application\/ld+json\" class=\"yoast-schema-graph\">{\"@context\":\"https:\/\/schema.org\",\"@graph\":[{\"@type\":\"WebPage\",\"@id\":\"https:\/\/fleuristedllavoie.com\/en\/produit\/premiere-annee-de-bebe-semaines-et-mois-recto-verso-coeur\/\",\"url\":\"https:\/\/fleuristedllavoie.com\/en\/produit\/premiere-annee-de-bebe-semaines-et-mois-recto-verso-coeur\/\",\"name\":\"Premi\u00e8re ann\u00e9e de b\u00e9b\u00e9 (semaines et mois, recto-verso) Coeur - Fleuriste D.L Lavoie\",\"isPartOf\":{\"@id\":\"https:\/\/fleuristedllavoie.com\/en\/#website\"},\"primaryImageOfPage\":{\"@id\":\"https:\/\/fleuristedllavoie.com\/en\/produit\/premiere-annee-de-bebe-semaines-et-mois-recto-verso-coeur\/#primaryimage\"},\"image\":{\"@id\":\"https:\/\/fleuristedllavoie.com\/en\/produit\/premiere-annee-de-bebe-semaines-et-mois-recto-verso-coeur\/#primaryimage\"},\"thumbnailUrl\":\"https:\/\/fleuristedllavoie.com\/wp-content\/uploads\/2021\/12\/20211222_183640000_iOS-1.jpg\",\"datePublished\":\"2021-12-22T19:03:29+00:00\",\"breadcrumb\":{\"@id\":\"https:\/\/fleuristedllavoie.com\/en\/produit\/premiere-annee-de-bebe-semaines-et-mois-recto-verso-coeur\/#breadcrumb\"},\"inLanguage\":\"en-US\",\"potentialAction\":[{\"@type\":\"ReadAction\",\"target\":[\"https:\/\/fleuristedllavoie.com\/en\/produit\/premiere-annee-de-bebe-semaines-et-mois-recto-verso-coeur\/\"]}]},{\"@type\":\"ImageObject\",\"inLanguage\":\"en-US\",\"@id\":\"https:\/\/fleuristedllavoie.com\/en\/produit\/premiere-annee-de-bebe-semaines-et-mois-recto-verso-coeur\/#primaryimage\",\"url\":\"https:\/\/fleuristedllavoie.com\/wp-content\/uploads\/2021\/12\/20211222_183640000_iOS-1.jpg\",\"contentUrl\":\"https:\/\/fleuristedllavoie.com\/wp-content\/uploads\/2021\/12\/20211222_183640000_iOS-1.jpg\",\"width\":690,\"height\":688,\"caption\":\"mois naissance ardoise\"},{\"@type\":\"BreadcrumbList\",\"@id\":\"https:\/\/fleuristedllavoie.com\/en\/produit\/premiere-annee-de-bebe-semaines-et-mois-recto-verso-coeur\/#breadcrumb\",\"itemListElement\":[{\"@type\":\"ListItem\",\"position\":1,\"name\":\"Home\",\"item\":\"https:\/\/fleuristedllavoie.com\/en\/home-1\/\"},{\"@type\":\"ListItem\",\"position\":2,\"name\":\"Products\",\"item\":\"https:\/\/fleuristedllavoie.com\/en\/shop\/\"},{\"@type\":\"ListItem\",\"position\":3,\"name\":\"Premi\u00e8re ann\u00e9e de b\u00e9b\u00e9 (semaines et mois, recto-verso) Coeur\"}]},{\"@type\":\"WebSite\",\"@id\":\"https:\/\/fleuristedllavoie.com\/en\/#website\",\"url\":\"https:\/\/fleuristedllavoie.com\/en\/\",\"name\":\"Fleuriste D.L Lavoie\",\"description\":\"Livraison de fleurs \u00e0 Lachute\",\"publisher\":{\"@id\":\"https:\/\/fleuristedllavoie.com\/en\/#organization\"},\"potentialAction\":[{\"@type\":\"SearchAction\",\"target\":{\"@type\":\"EntryPoint\",\"urlTemplate\":\"https:\/\/fleuristedllavoie.com\/en\/?s={search_term_string}\"},\"query-input\":{\"@type\":\"PropertyValueSpecification\",\"valueRequired\":true,\"valueName\":\"search_term_string\"}}],\"inLanguage\":\"en-US\"},{\"@type\":\"Organization\",\"@id\":\"https:\/\/fleuristedllavoie.com\/en\/#organization\",\"name\":\"Fleuriste D.L Lavoie\",\"url\":\"https:\/\/fleuristedllavoie.com\/en\/\",\"logo\":{\"@type\":\"ImageObject\",\"inLanguage\":\"en-US\",\"@id\":\"https:\/\/fleuristedllavoie.com\/en\/#\/schema\/logo\/image\/\",\"url\":\"https:\/\/fleuristedllavoie.com\/wp-content\/uploads\/2021\/08\/Last-Logo-300.png\",\"contentUrl\":\"https:\/\/fleuristedllavoie.com\/wp-content\/uploads\/2021\/08\/Last-Logo-300.png\",\"width\":300,\"height\":209,\"caption\":\"Fleuriste D.L Lavoie\"},\"image\":{\"@id\":\"https:\/\/fleuristedllavoie.com\/en\/#\/schema\/logo\/image\/\"}}]}<\/script>\n<!-- \/ Yoast SEO plugin. -->","yoast_head_json":{"title":"Premi\u00e8re ann\u00e9e de b\u00e9b\u00e9 (semaines et mois, recto-verso) Coeur - Fleuriste D.L Lavoie","robots":{"index":"index","follow":"follow","max-snippet":"max-snippet:-1","max-image-preview":"max-image-preview:large","max-video-preview":"max-video-preview:-1"},"canonical":"https:\/\/fleuristedllavoie.com\/en\/produit\/premiere-annee-de-bebe-semaines-et-mois-recto-verso-coeur\/","og_locale":"en_US","og_type":"article","og_title":"Premi\u00e8re ann\u00e9e de b\u00e9b\u00e9 (semaines et mois, recto-verso) Coeur - Fleuriste D.L Lavoie","og_description":"Le temps passe si vite et les b\u00e9b\u00e9s changent \u00e0 une vitesse ph\u00e9nom\u00e9nale. Afin de capturer l'instant pr\u00e9sent, pourquoi ne pas prendre une photo de b\u00e9b\u00e9 durant les 12 premiers mois de sa vie. Vous recevrez une seulement plaquette qui aura d\u2019un c\u00f4t\u00e9, un case en ardoise avec l\u2019inscription \u201csemaines\u201d et de l\u2019autre \u201cmois\u201d. Dimensions: env. 5po X 5po X 0,25 po Fait de merisier russe et de vinyle autocollant. *Les craies normales sont conseill\u00e9es. Les stylos \u00e0 craie ont tendance \u00e0 marquer l\u2019ardoise et ils sont tr\u00e8s difficiles \u00e0 nettoyer voir impossible.","og_url":"https:\/\/fleuristedllavoie.com\/en\/produit\/premiere-annee-de-bebe-semaines-et-mois-recto-verso-coeur\/","og_site_name":"Fleuriste D.L Lavoie","og_image":[{"width":690,"height":688,"url":"https:\/\/fleuristedllavoie.com\/wp-content\/uploads\/2021\/12\/20211222_183640000_iOS-1.jpg","type":"image\/jpeg"}],"twitter_card":"summary_large_image","schema":{"@context":"https:\/\/schema.org","@graph":[{"@type":"WebPage","@id":"https:\/\/fleuristedllavoie.com\/en\/produit\/premiere-annee-de-bebe-semaines-et-mois-recto-verso-coeur\/","url":"https:\/\/fleuristedllavoie.com\/en\/produit\/premiere-annee-de-bebe-semaines-et-mois-recto-verso-coeur\/","name":"Premi\u00e8re ann\u00e9e de b\u00e9b\u00e9 (semaines et mois, recto-verso) Coeur - Fleuriste D.L Lavoie","isPartOf":{"@id":"https:\/\/fleuristedllavoie.com\/en\/#website"},"primaryImageOfPage":{"@id":"https:\/\/fleuristedllavoie.com\/en\/produit\/premiere-annee-de-bebe-semaines-et-mois-recto-verso-coeur\/#primaryimage"},"image":{"@id":"https:\/\/fleuristedllavoie.com\/en\/produit\/premiere-annee-de-bebe-semaines-et-mois-recto-verso-coeur\/#primaryimage"},"thumbnailUrl":"https:\/\/fleuristedllavoie.com\/wp-content\/uploads\/2021\/12\/20211222_183640000_iOS-1.jpg","datePublished":"2021-12-22T19:03:29+00:00","breadcrumb":{"@id":"https:\/\/fleuristedllavoie.com\/en\/produit\/premiere-annee-de-bebe-semaines-et-mois-recto-verso-coeur\/#breadcrumb"},"inLanguage":"en-US","potentialAction":[{"@type":"ReadAction","target":["https:\/\/fleuristedllavoie.com\/en\/produit\/premiere-annee-de-bebe-semaines-et-mois-recto-verso-coeur\/"]}]},{"@type":"ImageObject","inLanguage":"en-US","@id":"https:\/\/fleuristedllavoie.com\/en\/produit\/premiere-annee-de-bebe-semaines-et-mois-recto-verso-coeur\/#primaryimage","url":"https:\/\/fleuristedllavoie.com\/wp-content\/uploads\/2021\/12\/20211222_183640000_iOS-1.jpg","contentUrl":"https:\/\/fleuristedllavoie.com\/wp-content\/uploads\/2021\/12\/20211222_183640000_iOS-1.jpg","width":690,"height":688,"caption":"mois naissance ardoise"},{"@type":"BreadcrumbList","@id":"https:\/\/fleuristedllavoie.com\/en\/produit\/premiere-annee-de-bebe-semaines-et-mois-recto-verso-coeur\/#breadcrumb","itemListElement":[{"@type":"ListItem","position":1,"name":"Home","item":"https:\/\/fleuristedllavoie.com\/en\/home-1\/"},{"@type":"ListItem","position":2,"name":"Products","item":"https:\/\/fleuristedllavoie.com\/en\/shop\/"},{"@type":"ListItem","position":3,"name":"Premi\u00e8re ann\u00e9e de b\u00e9b\u00e9 (semaines et mois, recto-verso) Coeur"}]},{"@type":"WebSite","@id":"https:\/\/fleuristedllavoie.com\/en\/#website","url":"https:\/\/fleuristedllavoie.com\/en\/","name":"Fleuriste D.L Lavoie","description":"Livraison de fleurs \u00e0 Lachute","publisher":{"@id":"https:\/\/fleuristedllavoie.com\/en\/#organization"},"potentialAction":[{"@type":"SearchAction","target":{"@type":"EntryPoint","urlTemplate":"https:\/\/fleuristedllavoie.com\/en\/?s={search_term_string}"},"query-input":{"@type":"PropertyValueSpecification","valueRequired":true,"valueName":"search_term_string"}}],"inLanguage":"en-US"},{"@type":"Organization","@id":"https:\/\/fleuristedllavoie.com\/en\/#organization","name":"Fleuriste D.L Lavoie","url":"https:\/\/fleuristedllavoie.com\/en\/","logo":{"@type":"ImageObject","inLanguage":"en-US","@id":"https:\/\/fleuristedllavoie.com\/en\/#\/schema\/logo\/image\/","url":"https:\/\/fleuristedllavoie.com\/wp-content\/uploads\/2021\/08\/Last-Logo-300.png","contentUrl":"https:\/\/fleuristedllavoie.com\/wp-content\/uploads\/2021\/08\/Last-Logo-300.png","width":300,"height":209,"caption":"Fleuriste D.L Lavoie"},"image":{"@id":"https:\/\/fleuristedllavoie.com\/en\/#\/schema\/logo\/image\/"}}]}},"jetpack_sharing_enabled":true,"_links":{"self":[{"href":"https:\/\/fleuristedllavoie.com\/en\/wp-json\/wp\/v2\/product\/7295","targetHints":{"allow":["GET"]}}],"collection":[{"href":"https:\/\/fleuristedllavoie.com\/en\/wp-json\/wp\/v2\/product"}],"about":[{"href":"https:\/\/fleuristedllavoie.com\/en\/wp-json\/wp\/v2\/types\/product"}],"wp:featuredmedia":[{"embeddable":true,"href":"https:\/\/fleuristedllavoie.com\/en\/wp-json\/wp\/v2\/media\/7296"}],"wp:attachment":[{"href":"https:\/\/fleuristedllavoie.com\/en\/wp-json\/wp\/v2\/media?parent=7295"}],"wp:term":[{"taxonomy":"product_brand","embeddable":true,"href":"https:\/\/fleuristedllavoie.com\/en\/wp-json\/wp\/v2\/product_brand?post=7295"},{"taxonomy":"product_cat","embeddable":true,"href":"https:\/\/fleuristedllavoie.com\/en\/wp-json\/wp\/v2\/product_cat?post=7295"},{"taxonomy":"product_tag","embeddable":true,"href":"https:\/\/fleuristedllavoie.com\/en\/wp-json\/wp\/v2\/product_tag?post=7295"}],"curies":[{"name":"wp","href":"https:\/\/api.w.org\/{rel}","templated":true}]}}