{"id":7292,"date":"2021-12-22T20:00:32","date_gmt":"2021-12-22T19:00:32","guid":{"rendered":"https:\/\/website.econnectcity.ca\/?post_type=product&#038;p=7292"},"modified":"2021-12-22T20:00:32","modified_gmt":"2021-12-22T19:00:32","slug":"premiere-annee-de-bebe-plaquette-de-1-a-12-mois","status":"publish","type":"product","link":"https:\/\/fleuristedllavoie.com\/en\/produit\/premiere-annee-de-bebe-plaquette-de-1-a-12-mois\/","title":{"rendered":"Premi\u00e8re ann\u00e9e de b\u00e9b\u00e9 (plaquette de 1 \u00e0 12 mois"},"content":{"rendered":"","protected":false},"excerpt":{"rendered":"<p>Le temps passe si vite et les b\u00e9b\u00e9s changent \u00e0 une vitesse ph\u00e9nom\u00e9nale. Afin de capturer l&#8217;instant pr\u00e9sent, pourquoi ne pas prendre une photo de b\u00e9b\u00e9 durant les 12 premiers mois de sa vie.<\/p>\n<p>Ces petites plaquettes en bois pourront ainsi mieux vous rep\u00e9rer dans le temps car vous y retrouverez du 1er au 12e mois.<\/p>\n<p>L&#8217;ensemble comprend 6 plaquettes recto-verso.<\/p>\n<p>Dimensions:<\/p>\n<p>5po X 5po X 0,125 po<\/p>\n<p>Fait de merisier russe et de vinyle autocollant.<\/p>\n","protected":false},"featured_media":7293,"template":"","meta":[],"product_brand":[],"product_cat":[183],"product_tag":[],"class_list":{"0":"post-7292","1":"product","2":"type-product","3":"status-publish","4":"has-post-thumbnail","6":"product_cat-cadeaux-maternite-shower-et-naissance","8":"first","9":"instock","10":"taxable","11":"shipping-taxable","12":"product-type-simple"},"yoast_head":"<!-- This site is optimized with the Yoast SEO plugin v26.3 - https:\/\/yoast.com\/wordpress\/plugins\/seo\/ -->\n<title>Premi\u00e8re ann\u00e9e de b\u00e9b\u00e9 (plaquette de 1 \u00e0 12 mois - Fleuriste D.L Lavoie<\/title>\n<meta name=\"robots\" content=\"index, follow, max-snippet:-1, max-image-preview:large, max-video-preview:-1\" \/>\n<link rel=\"canonical\" href=\"https:\/\/fleuristedllavoie.com\/en\/produit\/premiere-annee-de-bebe-plaquette-de-1-a-12-mois\/\" \/>\n<meta property=\"og:locale\" content=\"en_US\" \/>\n<meta property=\"og:type\" content=\"article\" \/>\n<meta property=\"og:title\" content=\"Premi\u00e8re ann\u00e9e de b\u00e9b\u00e9 (plaquette de 1 \u00e0 12 mois - Fleuriste D.L Lavoie\" \/>\n<meta property=\"og:description\" content=\"Le temps passe si vite et les b\u00e9b\u00e9s changent \u00e0 une vitesse ph\u00e9nom\u00e9nale. Afin de capturer l&#039;instant pr\u00e9sent, pourquoi ne pas prendre une photo de b\u00e9b\u00e9 durant les 12 premiers mois de sa vie.  Ces petites plaquettes en bois pourront ainsi mieux vous rep\u00e9rer dans le temps car vous y retrouverez du 1er au 12e mois.  L&#039;ensemble comprend 6 plaquettes recto-verso.  Dimensions:  5po X 5po X 0,125 po  Fait de merisier russe et de vinyle autocollant.\" \/>\n<meta property=\"og:url\" content=\"https:\/\/fleuristedllavoie.com\/en\/produit\/premiere-annee-de-bebe-plaquette-de-1-a-12-mois\/\" \/>\n<meta property=\"og:site_name\" content=\"Fleuriste D.L Lavoie\" \/>\n<meta property=\"og:image\" content=\"https:\/\/fleuristedllavoie.com\/wp-content\/uploads\/2021\/12\/20211222_183610000_iOS-1.jpg\" \/>\n\t<meta property=\"og:image:width\" content=\"725\" \/>\n\t<meta property=\"og:image:height\" content=\"688\" \/>\n\t<meta property=\"og:image:type\" content=\"image\/jpeg\" \/>\n<meta name=\"twitter:card\" content=\"summary_large_image\" \/>\n<script type=\"application\/ld+json\" class=\"yoast-schema-graph\">{\"@context\":\"https:\/\/schema.org\",\"@graph\":[{\"@type\":\"WebPage\",\"@id\":\"https:\/\/fleuristedllavoie.com\/en\/produit\/premiere-annee-de-bebe-plaquette-de-1-a-12-mois\/\",\"url\":\"https:\/\/fleuristedllavoie.com\/en\/produit\/premiere-annee-de-bebe-plaquette-de-1-a-12-mois\/\",\"name\":\"Premi\u00e8re ann\u00e9e de b\u00e9b\u00e9 (plaquette de 1 \u00e0 12 mois - Fleuriste D.L Lavoie\",\"isPartOf\":{\"@id\":\"https:\/\/fleuristedllavoie.com\/en\/#website\"},\"primaryImageOfPage\":{\"@id\":\"https:\/\/fleuristedllavoie.com\/en\/produit\/premiere-annee-de-bebe-plaquette-de-1-a-12-mois\/#primaryimage\"},\"image\":{\"@id\":\"https:\/\/fleuristedllavoie.com\/en\/produit\/premiere-annee-de-bebe-plaquette-de-1-a-12-mois\/#primaryimage\"},\"thumbnailUrl\":\"https:\/\/fleuristedllavoie.com\/wp-content\/uploads\/2021\/12\/20211222_183610000_iOS-1.jpg\",\"datePublished\":\"2021-12-22T19:00:32+00:00\",\"breadcrumb\":{\"@id\":\"https:\/\/fleuristedllavoie.com\/en\/produit\/premiere-annee-de-bebe-plaquette-de-1-a-12-mois\/#breadcrumb\"},\"inLanguage\":\"en-US\",\"potentialAction\":[{\"@type\":\"ReadAction\",\"target\":[\"https:\/\/fleuristedllavoie.com\/en\/produit\/premiere-annee-de-bebe-plaquette-de-1-a-12-mois\/\"]}]},{\"@type\":\"ImageObject\",\"inLanguage\":\"en-US\",\"@id\":\"https:\/\/fleuristedllavoie.com\/en\/produit\/premiere-annee-de-bebe-plaquette-de-1-a-12-mois\/#primaryimage\",\"url\":\"https:\/\/fleuristedllavoie.com\/wp-content\/uploads\/2021\/12\/20211222_183610000_iOS-1.jpg\",\"contentUrl\":\"https:\/\/fleuristedllavoie.com\/wp-content\/uploads\/2021\/12\/20211222_183610000_iOS-1.jpg\",\"width\":725,\"height\":688,\"caption\":\"mois de naissance grosesse\"},{\"@type\":\"BreadcrumbList\",\"@id\":\"https:\/\/fleuristedllavoie.com\/en\/produit\/premiere-annee-de-bebe-plaquette-de-1-a-12-mois\/#breadcrumb\",\"itemListElement\":[{\"@type\":\"ListItem\",\"position\":1,\"name\":\"Home\",\"item\":\"https:\/\/fleuristedllavoie.com\/en\/home-1\/\"},{\"@type\":\"ListItem\",\"position\":2,\"name\":\"Products\",\"item\":\"https:\/\/fleuristedllavoie.com\/en\/shop\/\"},{\"@type\":\"ListItem\",\"position\":3,\"name\":\"Premi\u00e8re ann\u00e9e de b\u00e9b\u00e9 (plaquette de 1 \u00e0 12 mois\"}]},{\"@type\":\"WebSite\",\"@id\":\"https:\/\/fleuristedllavoie.com\/en\/#website\",\"url\":\"https:\/\/fleuristedllavoie.com\/en\/\",\"name\":\"Fleuriste D.L Lavoie\",\"description\":\"Livraison de fleurs \u00e0 Lachute\",\"publisher\":{\"@id\":\"https:\/\/fleuristedllavoie.com\/en\/#organization\"},\"potentialAction\":[{\"@type\":\"SearchAction\",\"target\":{\"@type\":\"EntryPoint\",\"urlTemplate\":\"https:\/\/fleuristedllavoie.com\/en\/?s={search_term_string}\"},\"query-input\":{\"@type\":\"PropertyValueSpecification\",\"valueRequired\":true,\"valueName\":\"search_term_string\"}}],\"inLanguage\":\"en-US\"},{\"@type\":\"Organization\",\"@id\":\"https:\/\/fleuristedllavoie.com\/en\/#organization\",\"name\":\"Fleuriste D.L Lavoie\",\"url\":\"https:\/\/fleuristedllavoie.com\/en\/\",\"logo\":{\"@type\":\"ImageObject\",\"inLanguage\":\"en-US\",\"@id\":\"https:\/\/fleuristedllavoie.com\/en\/#\/schema\/logo\/image\/\",\"url\":\"https:\/\/fleuristedllavoie.com\/wp-content\/uploads\/2021\/08\/Last-Logo-300.png\",\"contentUrl\":\"https:\/\/fleuristedllavoie.com\/wp-content\/uploads\/2021\/08\/Last-Logo-300.png\",\"width\":300,\"height\":209,\"caption\":\"Fleuriste D.L Lavoie\"},\"image\":{\"@id\":\"https:\/\/fleuristedllavoie.com\/en\/#\/schema\/logo\/image\/\"}}]}<\/script>\n<!-- \/ Yoast SEO plugin. -->","yoast_head_json":{"title":"Premi\u00e8re ann\u00e9e de b\u00e9b\u00e9 (plaquette de 1 \u00e0 12 mois - Fleuriste D.L Lavoie","robots":{"index":"index","follow":"follow","max-snippet":"max-snippet:-1","max-image-preview":"max-image-preview:large","max-video-preview":"max-video-preview:-1"},"canonical":"https:\/\/fleuristedllavoie.com\/en\/produit\/premiere-annee-de-bebe-plaquette-de-1-a-12-mois\/","og_locale":"en_US","og_type":"article","og_title":"Premi\u00e8re ann\u00e9e de b\u00e9b\u00e9 (plaquette de 1 \u00e0 12 mois - Fleuriste D.L Lavoie","og_description":"Le temps passe si vite et les b\u00e9b\u00e9s changent \u00e0 une vitesse ph\u00e9nom\u00e9nale. Afin de capturer l'instant pr\u00e9sent, pourquoi ne pas prendre une photo de b\u00e9b\u00e9 durant les 12 premiers mois de sa vie.  Ces petites plaquettes en bois pourront ainsi mieux vous rep\u00e9rer dans le temps car vous y retrouverez du 1er au 12e mois.  L'ensemble comprend 6 plaquettes recto-verso.  Dimensions:  5po X 5po X 0,125 po  Fait de merisier russe et de vinyle autocollant.","og_url":"https:\/\/fleuristedllavoie.com\/en\/produit\/premiere-annee-de-bebe-plaquette-de-1-a-12-mois\/","og_site_name":"Fleuriste D.L Lavoie","og_image":[{"width":725,"height":688,"url":"https:\/\/fleuristedllavoie.com\/wp-content\/uploads\/2021\/12\/20211222_183610000_iOS-1.jpg","type":"image\/jpeg"}],"twitter_card":"summary_large_image","schema":{"@context":"https:\/\/schema.org","@graph":[{"@type":"WebPage","@id":"https:\/\/fleuristedllavoie.com\/en\/produit\/premiere-annee-de-bebe-plaquette-de-1-a-12-mois\/","url":"https:\/\/fleuristedllavoie.com\/en\/produit\/premiere-annee-de-bebe-plaquette-de-1-a-12-mois\/","name":"Premi\u00e8re ann\u00e9e de b\u00e9b\u00e9 (plaquette de 1 \u00e0 12 mois - Fleuriste D.L Lavoie","isPartOf":{"@id":"https:\/\/fleuristedllavoie.com\/en\/#website"},"primaryImageOfPage":{"@id":"https:\/\/fleuristedllavoie.com\/en\/produit\/premiere-annee-de-bebe-plaquette-de-1-a-12-mois\/#primaryimage"},"image":{"@id":"https:\/\/fleuristedllavoie.com\/en\/produit\/premiere-annee-de-bebe-plaquette-de-1-a-12-mois\/#primaryimage"},"thumbnailUrl":"https:\/\/fleuristedllavoie.com\/wp-content\/uploads\/2021\/12\/20211222_183610000_iOS-1.jpg","datePublished":"2021-12-22T19:00:32+00:00","breadcrumb":{"@id":"https:\/\/fleuristedllavoie.com\/en\/produit\/premiere-annee-de-bebe-plaquette-de-1-a-12-mois\/#breadcrumb"},"inLanguage":"en-US","potentialAction":[{"@type":"ReadAction","target":["https:\/\/fleuristedllavoie.com\/en\/produit\/premiere-annee-de-bebe-plaquette-de-1-a-12-mois\/"]}]},{"@type":"ImageObject","inLanguage":"en-US","@id":"https:\/\/fleuristedllavoie.com\/en\/produit\/premiere-annee-de-bebe-plaquette-de-1-a-12-mois\/#primaryimage","url":"https:\/\/fleuristedllavoie.com\/wp-content\/uploads\/2021\/12\/20211222_183610000_iOS-1.jpg","contentUrl":"https:\/\/fleuristedllavoie.com\/wp-content\/uploads\/2021\/12\/20211222_183610000_iOS-1.jpg","width":725,"height":688,"caption":"mois de naissance grosesse"},{"@type":"BreadcrumbList","@id":"https:\/\/fleuristedllavoie.com\/en\/produit\/premiere-annee-de-bebe-plaquette-de-1-a-12-mois\/#breadcrumb","itemListElement":[{"@type":"ListItem","position":1,"name":"Home","item":"https:\/\/fleuristedllavoie.com\/en\/home-1\/"},{"@type":"ListItem","position":2,"name":"Products","item":"https:\/\/fleuristedllavoie.com\/en\/shop\/"},{"@type":"ListItem","position":3,"name":"Premi\u00e8re ann\u00e9e de b\u00e9b\u00e9 (plaquette de 1 \u00e0 12 mois"}]},{"@type":"WebSite","@id":"https:\/\/fleuristedllavoie.com\/en\/#website","url":"https:\/\/fleuristedllavoie.com\/en\/","name":"Fleuriste D.L Lavoie","description":"Livraison de fleurs \u00e0 Lachute","publisher":{"@id":"https:\/\/fleuristedllavoie.com\/en\/#organization"},"potentialAction":[{"@type":"SearchAction","target":{"@type":"EntryPoint","urlTemplate":"https:\/\/fleuristedllavoie.com\/en\/?s={search_term_string}"},"query-input":{"@type":"PropertyValueSpecification","valueRequired":true,"valueName":"search_term_string"}}],"inLanguage":"en-US"},{"@type":"Organization","@id":"https:\/\/fleuristedllavoie.com\/en\/#organization","name":"Fleuriste D.L Lavoie","url":"https:\/\/fleuristedllavoie.com\/en\/","logo":{"@type":"ImageObject","inLanguage":"en-US","@id":"https:\/\/fleuristedllavoie.com\/en\/#\/schema\/logo\/image\/","url":"https:\/\/fleuristedllavoie.com\/wp-content\/uploads\/2021\/08\/Last-Logo-300.png","contentUrl":"https:\/\/fleuristedllavoie.com\/wp-content\/uploads\/2021\/08\/Last-Logo-300.png","width":300,"height":209,"caption":"Fleuriste D.L Lavoie"},"image":{"@id":"https:\/\/fleuristedllavoie.com\/en\/#\/schema\/logo\/image\/"}}]}},"jetpack_sharing_enabled":true,"_links":{"self":[{"href":"https:\/\/fleuristedllavoie.com\/en\/wp-json\/wp\/v2\/product\/7292","targetHints":{"allow":["GET"]}}],"collection":[{"href":"https:\/\/fleuristedllavoie.com\/en\/wp-json\/wp\/v2\/product"}],"about":[{"href":"https:\/\/fleuristedllavoie.com\/en\/wp-json\/wp\/v2\/types\/product"}],"wp:featuredmedia":[{"embeddable":true,"href":"https:\/\/fleuristedllavoie.com\/en\/wp-json\/wp\/v2\/media\/7293"}],"wp:attachment":[{"href":"https:\/\/fleuristedllavoie.com\/en\/wp-json\/wp\/v2\/media?parent=7292"}],"wp:term":[{"taxonomy":"product_brand","embeddable":true,"href":"https:\/\/fleuristedllavoie.com\/en\/wp-json\/wp\/v2\/product_brand?post=7292"},{"taxonomy":"product_cat","embeddable":true,"href":"https:\/\/fleuristedllavoie.com\/en\/wp-json\/wp\/v2\/product_cat?post=7292"},{"taxonomy":"product_tag","embeddable":true,"href":"https:\/\/fleuristedllavoie.com\/en\/wp-json\/wp\/v2\/product_tag?post=7292"}],"curies":[{"name":"wp","href":"https:\/\/api.w.org\/{rel}","templated":true}]}}