{"id":6595,"date":"2021-12-02T20:03:25","date_gmt":"2021-12-02T19:03:25","guid":{"rendered":"https:\/\/website.econnectcity.ca\/?post_type=product&#038;p=6595"},"modified":"2021-12-07T01:14:39","modified_gmt":"2021-12-07T00:14:39","slug":"corbeille-58","status":"publish","type":"product","link":"https:\/\/fleuristedllavoie.com\/en\/produit\/corbeille-58\/","title":{"rendered":"Corbeille 58"},"content":{"rendered":"","protected":false},"excerpt":{"rendered":"<p>Possible de changer les couleurs selon vos go\u00fbts.<\/p>\n<p>Prix : 110 $ + livraison et taxes<\/p>\n<p>*Not\u00e9 que vous ne pouvez pas commander en ligne pour l&#8217;achat de l&#8217;arrangement florale .Vous devez nous appeler au 450-562-1422 pour que l&#8217;on puisse valider avec vous si nous avions les fleurs en inventaire pour faire cet arrangement. Il est important de nous contacter le plus t\u00f4t possible si vous d\u00e9sirez sp\u00e9cifiquement des sortes de fleurs. Id\u00e9alement 7 jours ouvrables.<\/p>\n","protected":false},"featured_media":6596,"template":"","meta":[],"product_brand":[],"product_cat":[128],"product_tag":[],"class_list":{"0":"post-6595","1":"product","2":"type-product","3":"status-publish","4":"has-post-thumbnail","6":"product_cat-corbeilles-funeraires","8":"first","9":"instock","10":"taxable","11":"shipping-taxable","12":"product-type-simple"},"yoast_head":"<!-- This site is optimized with the Yoast SEO plugin v26.3 - https:\/\/yoast.com\/wordpress\/plugins\/seo\/ -->\n<title>Corbeille 58 - Fleuriste D.L Lavoie<\/title>\n<meta name=\"robots\" content=\"index, follow, max-snippet:-1, max-image-preview:large, max-video-preview:-1\" \/>\n<link rel=\"canonical\" href=\"https:\/\/fleuristedllavoie.com\/en\/produit\/corbeille-58\/\" \/>\n<meta property=\"og:locale\" content=\"en_US\" \/>\n<meta property=\"og:type\" content=\"article\" \/>\n<meta property=\"og:title\" content=\"Corbeille 58 - Fleuriste D.L Lavoie\" \/>\n<meta property=\"og:description\" content=\"Possible de changer les couleurs selon vos go\u00fbts.  Prix : 110 $ + livraison et taxes  *Not\u00e9 que vous ne pouvez pas commander en ligne pour l&#039;achat de l&#039;arrangement florale .Vous devez nous appeler au 450-562-1422 pour que l&#039;on puisse valider avec vous si nous avions les fleurs en inventaire pour faire cet arrangement. Il est important de nous contacter le plus t\u00f4t possible si vous d\u00e9sirez sp\u00e9cifiquement des sortes de fleurs. Id\u00e9alement 7 jours ouvrables.\" \/>\n<meta property=\"og:url\" content=\"https:\/\/fleuristedllavoie.com\/en\/produit\/corbeille-58\/\" \/>\n<meta property=\"og:site_name\" content=\"Fleuriste D.L Lavoie\" \/>\n<meta property=\"article:modified_time\" content=\"2021-12-07T00:14:39+00:00\" \/>\n<meta property=\"og:image\" content=\"https:\/\/fleuristedllavoie.com\/wp-content\/uploads\/2021\/12\/20211202_185133588_iOS.heic.jpg\" \/>\n\t<meta property=\"og:image:width\" content=\"610\" \/>\n\t<meta property=\"og:image:height\" content=\"855\" \/>\n\t<meta property=\"og:image:type\" content=\"image\/jpeg\" \/>\n<meta name=\"twitter:card\" content=\"summary_large_image\" \/>\n<script type=\"application\/ld+json\" class=\"yoast-schema-graph\">{\"@context\":\"https:\/\/schema.org\",\"@graph\":[{\"@type\":\"WebPage\",\"@id\":\"https:\/\/fleuristedllavoie.com\/en\/produit\/corbeille-58\/\",\"url\":\"https:\/\/fleuristedllavoie.com\/en\/produit\/corbeille-58\/\",\"name\":\"Corbeille 58 - Fleuriste D.L Lavoie\",\"isPartOf\":{\"@id\":\"https:\/\/fleuristedllavoie.com\/en\/#website\"},\"primaryImageOfPage\":{\"@id\":\"https:\/\/fleuristedllavoie.com\/en\/produit\/corbeille-58\/#primaryimage\"},\"image\":{\"@id\":\"https:\/\/fleuristedllavoie.com\/en\/produit\/corbeille-58\/#primaryimage\"},\"thumbnailUrl\":\"https:\/\/fleuristedllavoie.com\/wp-content\/uploads\/2021\/12\/20211202_185133588_iOS.heic.jpg\",\"datePublished\":\"2021-12-02T19:03:25+00:00\",\"dateModified\":\"2021-12-07T00:14:39+00:00\",\"breadcrumb\":{\"@id\":\"https:\/\/fleuristedllavoie.com\/en\/produit\/corbeille-58\/#breadcrumb\"},\"inLanguage\":\"en-US\",\"potentialAction\":[{\"@type\":\"ReadAction\",\"target\":[\"https:\/\/fleuristedllavoie.com\/en\/produit\/corbeille-58\/\"]}]},{\"@type\":\"ImageObject\",\"inLanguage\":\"en-US\",\"@id\":\"https:\/\/fleuristedllavoie.com\/en\/produit\/corbeille-58\/#primaryimage\",\"url\":\"https:\/\/fleuristedllavoie.com\/wp-content\/uploads\/2021\/12\/20211202_185133588_iOS.heic.jpg\",\"contentUrl\":\"https:\/\/fleuristedllavoie.com\/wp-content\/uploads\/2021\/12\/20211202_185133588_iOS.heic.jpg\",\"width\":610,\"height\":855,\"caption\":\"corbeille fun\u00e9raire\"},{\"@type\":\"BreadcrumbList\",\"@id\":\"https:\/\/fleuristedllavoie.com\/en\/produit\/corbeille-58\/#breadcrumb\",\"itemListElement\":[{\"@type\":\"ListItem\",\"position\":1,\"name\":\"Home\",\"item\":\"https:\/\/fleuristedllavoie.com\/en\/home-1\/\"},{\"@type\":\"ListItem\",\"position\":2,\"name\":\"Products\",\"item\":\"https:\/\/fleuristedllavoie.com\/en\/shop\/\"},{\"@type\":\"ListItem\",\"position\":3,\"name\":\"Corbeille 58\"}]},{\"@type\":\"WebSite\",\"@id\":\"https:\/\/fleuristedllavoie.com\/en\/#website\",\"url\":\"https:\/\/fleuristedllavoie.com\/en\/\",\"name\":\"Fleuriste D.L Lavoie\",\"description\":\"Livraison de fleurs \u00e0 Lachute\",\"publisher\":{\"@id\":\"https:\/\/fleuristedllavoie.com\/en\/#organization\"},\"potentialAction\":[{\"@type\":\"SearchAction\",\"target\":{\"@type\":\"EntryPoint\",\"urlTemplate\":\"https:\/\/fleuristedllavoie.com\/en\/?s={search_term_string}\"},\"query-input\":{\"@type\":\"PropertyValueSpecification\",\"valueRequired\":true,\"valueName\":\"search_term_string\"}}],\"inLanguage\":\"en-US\"},{\"@type\":\"Organization\",\"@id\":\"https:\/\/fleuristedllavoie.com\/en\/#organization\",\"name\":\"Fleuriste D.L Lavoie\",\"url\":\"https:\/\/fleuristedllavoie.com\/en\/\",\"logo\":{\"@type\":\"ImageObject\",\"inLanguage\":\"en-US\",\"@id\":\"https:\/\/fleuristedllavoie.com\/en\/#\/schema\/logo\/image\/\",\"url\":\"https:\/\/fleuristedllavoie.com\/wp-content\/uploads\/2021\/08\/Last-Logo-300.png\",\"contentUrl\":\"https:\/\/fleuristedllavoie.com\/wp-content\/uploads\/2021\/08\/Last-Logo-300.png\",\"width\":300,\"height\":209,\"caption\":\"Fleuriste D.L Lavoie\"},\"image\":{\"@id\":\"https:\/\/fleuristedllavoie.com\/en\/#\/schema\/logo\/image\/\"}}]}<\/script>\n<!-- \/ Yoast SEO plugin. -->","yoast_head_json":{"title":"Corbeille 58 - Fleuriste D.L Lavoie","robots":{"index":"index","follow":"follow","max-snippet":"max-snippet:-1","max-image-preview":"max-image-preview:large","max-video-preview":"max-video-preview:-1"},"canonical":"https:\/\/fleuristedllavoie.com\/en\/produit\/corbeille-58\/","og_locale":"en_US","og_type":"article","og_title":"Corbeille 58 - Fleuriste D.L Lavoie","og_description":"Possible de changer les couleurs selon vos go\u00fbts.  Prix : 110 $ + livraison et taxes  *Not\u00e9 que vous ne pouvez pas commander en ligne pour l'achat de l'arrangement florale .Vous devez nous appeler au 450-562-1422 pour que l'on puisse valider avec vous si nous avions les fleurs en inventaire pour faire cet arrangement. Il est important de nous contacter le plus t\u00f4t possible si vous d\u00e9sirez sp\u00e9cifiquement des sortes de fleurs. Id\u00e9alement 7 jours ouvrables.","og_url":"https:\/\/fleuristedllavoie.com\/en\/produit\/corbeille-58\/","og_site_name":"Fleuriste D.L Lavoie","article_modified_time":"2021-12-07T00:14:39+00:00","og_image":[{"width":610,"height":855,"url":"https:\/\/fleuristedllavoie.com\/wp-content\/uploads\/2021\/12\/20211202_185133588_iOS.heic.jpg","type":"image\/jpeg"}],"twitter_card":"summary_large_image","schema":{"@context":"https:\/\/schema.org","@graph":[{"@type":"WebPage","@id":"https:\/\/fleuristedllavoie.com\/en\/produit\/corbeille-58\/","url":"https:\/\/fleuristedllavoie.com\/en\/produit\/corbeille-58\/","name":"Corbeille 58 - Fleuriste D.L Lavoie","isPartOf":{"@id":"https:\/\/fleuristedllavoie.com\/en\/#website"},"primaryImageOfPage":{"@id":"https:\/\/fleuristedllavoie.com\/en\/produit\/corbeille-58\/#primaryimage"},"image":{"@id":"https:\/\/fleuristedllavoie.com\/en\/produit\/corbeille-58\/#primaryimage"},"thumbnailUrl":"https:\/\/fleuristedllavoie.com\/wp-content\/uploads\/2021\/12\/20211202_185133588_iOS.heic.jpg","datePublished":"2021-12-02T19:03:25+00:00","dateModified":"2021-12-07T00:14:39+00:00","breadcrumb":{"@id":"https:\/\/fleuristedllavoie.com\/en\/produit\/corbeille-58\/#breadcrumb"},"inLanguage":"en-US","potentialAction":[{"@type":"ReadAction","target":["https:\/\/fleuristedllavoie.com\/en\/produit\/corbeille-58\/"]}]},{"@type":"ImageObject","inLanguage":"en-US","@id":"https:\/\/fleuristedllavoie.com\/en\/produit\/corbeille-58\/#primaryimage","url":"https:\/\/fleuristedllavoie.com\/wp-content\/uploads\/2021\/12\/20211202_185133588_iOS.heic.jpg","contentUrl":"https:\/\/fleuristedllavoie.com\/wp-content\/uploads\/2021\/12\/20211202_185133588_iOS.heic.jpg","width":610,"height":855,"caption":"corbeille fun\u00e9raire"},{"@type":"BreadcrumbList","@id":"https:\/\/fleuristedllavoie.com\/en\/produit\/corbeille-58\/#breadcrumb","itemListElement":[{"@type":"ListItem","position":1,"name":"Home","item":"https:\/\/fleuristedllavoie.com\/en\/home-1\/"},{"@type":"ListItem","position":2,"name":"Products","item":"https:\/\/fleuristedllavoie.com\/en\/shop\/"},{"@type":"ListItem","position":3,"name":"Corbeille 58"}]},{"@type":"WebSite","@id":"https:\/\/fleuristedllavoie.com\/en\/#website","url":"https:\/\/fleuristedllavoie.com\/en\/","name":"Fleuriste D.L Lavoie","description":"Livraison de fleurs \u00e0 Lachute","publisher":{"@id":"https:\/\/fleuristedllavoie.com\/en\/#organization"},"potentialAction":[{"@type":"SearchAction","target":{"@type":"EntryPoint","urlTemplate":"https:\/\/fleuristedllavoie.com\/en\/?s={search_term_string}"},"query-input":{"@type":"PropertyValueSpecification","valueRequired":true,"valueName":"search_term_string"}}],"inLanguage":"en-US"},{"@type":"Organization","@id":"https:\/\/fleuristedllavoie.com\/en\/#organization","name":"Fleuriste D.L Lavoie","url":"https:\/\/fleuristedllavoie.com\/en\/","logo":{"@type":"ImageObject","inLanguage":"en-US","@id":"https:\/\/fleuristedllavoie.com\/en\/#\/schema\/logo\/image\/","url":"https:\/\/fleuristedllavoie.com\/wp-content\/uploads\/2021\/08\/Last-Logo-300.png","contentUrl":"https:\/\/fleuristedllavoie.com\/wp-content\/uploads\/2021\/08\/Last-Logo-300.png","width":300,"height":209,"caption":"Fleuriste D.L Lavoie"},"image":{"@id":"https:\/\/fleuristedllavoie.com\/en\/#\/schema\/logo\/image\/"}}]}},"jetpack_sharing_enabled":true,"_links":{"self":[{"href":"https:\/\/fleuristedllavoie.com\/en\/wp-json\/wp\/v2\/product\/6595","targetHints":{"allow":["GET"]}}],"collection":[{"href":"https:\/\/fleuristedllavoie.com\/en\/wp-json\/wp\/v2\/product"}],"about":[{"href":"https:\/\/fleuristedllavoie.com\/en\/wp-json\/wp\/v2\/types\/product"}],"wp:featuredmedia":[{"embeddable":true,"href":"https:\/\/fleuristedllavoie.com\/en\/wp-json\/wp\/v2\/media\/6596"}],"wp:attachment":[{"href":"https:\/\/fleuristedllavoie.com\/en\/wp-json\/wp\/v2\/media?parent=6595"}],"wp:term":[{"taxonomy":"product_brand","embeddable":true,"href":"https:\/\/fleuristedllavoie.com\/en\/wp-json\/wp\/v2\/product_brand?post=6595"},{"taxonomy":"product_cat","embeddable":true,"href":"https:\/\/fleuristedllavoie.com\/en\/wp-json\/wp\/v2\/product_cat?post=6595"},{"taxonomy":"product_tag","embeddable":true,"href":"https:\/\/fleuristedllavoie.com\/en\/wp-json\/wp\/v2\/product_tag?post=6595"}],"curies":[{"name":"wp","href":"https:\/\/api.w.org\/{rel}","templated":true}]}}