{"id":6266,"date":"2021-11-25T20:13:36","date_gmt":"2021-11-25T19:13:36","guid":{"rendered":"https:\/\/website.econnectcity.ca\/?post_type=product&#038;p=6266"},"modified":"2026-03-20T21:36:40","modified_gmt":"2026-03-20T20:36:40","slug":"b13","status":"publish","type":"product","link":"https:\/\/fleuristedllavoie.com\/en\/produit\/b13\/","title":{"rendered":"B13"},"content":{"rendered":"","protected":false},"excerpt":{"rendered":"<div class=\"woocommerce-product-details__short-description\">\n<p>Votre Bouquet de fleurs coup\u00e9es peut \u00eatre confectionn\u00e9 selon votre go\u00fbt et votre budget. Les fleurs sont emball\u00e9s dans un papier de z\u00e9lophane transparent ou du papier kraft recycl\u00e9. ( Ce type d\u2019emballage est sur demande seulement, prenez pour acquis que les fleurs sont emball\u00e9s dans le z\u00e9lophane).<\/p>\n<p>Le minimum faire livrer est de 50$ pour le bouquet de fleurs coup\u00e9es ensuite s\u2019additionne le frais de livraison et les taxes.<\/p>\n<p>Pour un ramassage en magasin, c\u2019est vous qui d\u00e9cidez du prix. Les fleurs ont toutes leurs prix a la tige. Nous remplissons votre bouquet jusqu\u2019 au montant avant les taxes de ce que vous voulez.<\/p>\n<p>La disponibilit\u00e9 des fleurs peuvent diff\u00e9rer d\u2019une semaine a l\u2019autre, selon la saison et surtout \u00e7ela d\u00e9pends de la disponibilit\u00e9 chez nos fournisseurs. Plus vous commandez t\u00f4t ( 7 jours ouvrables a l\u2019avance), plus vous avez des chances d\u2019avoir ce que vous avez besoin.<\/p>\n<p>Il se peut que l\u2019on aille recours a devoir changer des fleurs si celles ci ne sont pas disponible en magasin. Tout de fois, nous ferons notre possible de respecter les couleurs et votre budget.<\/p>\n<p>Si jamais vous ressentez le besoin de nous poser plus de questions, nous vous conseillons de nous appeler au 450-562-1422 .<\/p>\n<\/div>\n","protected":false},"featured_media":6267,"template":"","meta":[],"product_brand":[],"product_cat":[55],"product_tag":[],"class_list":{"0":"post-6266","1":"product","2":"type-product","3":"status-publish","4":"has-post-thumbnail","6":"product_cat-bouquets-de-fleurs","8":"first","9":"instock","10":"taxable","11":"shipping-taxable","12":"product-type-simple"},"yoast_head":"<!-- This site is optimized with the Yoast SEO plugin v26.3 - https:\/\/yoast.com\/wordpress\/plugins\/seo\/ -->\n<title>B13 - Fleuriste D.L Lavoie<\/title>\n<meta name=\"robots\" content=\"index, follow, max-snippet:-1, max-image-preview:large, max-video-preview:-1\" \/>\n<link rel=\"canonical\" href=\"https:\/\/fleuristedllavoie.com\/en\/produit\/b13\/\" \/>\n<meta property=\"og:locale\" content=\"en_US\" \/>\n<meta property=\"og:type\" content=\"article\" \/>\n<meta property=\"og:title\" content=\"B13 - Fleuriste D.L Lavoie\" \/>\n<meta property=\"og:description\" content=\"Votre Bouquet de fleurs coup\u00e9es peut \u00eatre confectionn\u00e9 selon votre go\u00fbt et votre budget. Les fleurs sont emball\u00e9s dans un papier de z\u00e9lophane transparent ou du papier kraft recycl\u00e9. ( Ce type d\u2019emballage est sur demande seulement, prenez pour acquis que les fleurs sont emball\u00e9s dans le z\u00e9lophane).  Le minimum faire livrer est de 50$ pour le bouquet de fleurs coup\u00e9es ensuite s\u2019additionne le frais de livraison et les taxes.  Pour un ramassage en magasin, c\u2019est vous qui d\u00e9cidez du prix. Les fleurs ont toutes leurs prix a la tige. Nous remplissons votre bouquet jusqu\u2019 au montant avant les taxes de ce que vous voulez.  La disponibilit\u00e9 des fleurs peuvent diff\u00e9rer d\u2019une semaine a l\u2019autre, selon la saison et surtout \u00e7ela d\u00e9pends de la disponibilit\u00e9 chez nos fournisseurs. Plus vous commandez t\u00f4t ( 7 jours ouvrables a l\u2019avance), plus vous avez des chances d\u2019avoir ce que vous avez besoin.  Il se peut que l\u2019on aille recours a devoir changer des fleurs si celles ci ne sont pas disponible en magasin. Tout de fois, nous ferons notre possible de respecter les couleurs et votre budget.  Si jamais vous ressentez le besoin de nous poser plus de questions, nous vous conseillons de nous appeler au 450-562-1422 .\" \/>\n<meta property=\"og:url\" content=\"https:\/\/fleuristedllavoie.com\/en\/produit\/b13\/\" \/>\n<meta property=\"og:site_name\" content=\"Fleuriste D.L Lavoie\" \/>\n<meta property=\"article:modified_time\" content=\"2026-03-20T20:36:40+00:00\" \/>\n<meta property=\"og:image\" content=\"https:\/\/fleuristedllavoie.com\/wp-content\/uploads\/2021\/11\/20211122_004610537_iOS.jpg\" \/>\n\t<meta property=\"og:image:width\" content=\"960\" \/>\n\t<meta property=\"og:image:height\" content=\"854\" \/>\n\t<meta property=\"og:image:type\" content=\"image\/jpeg\" \/>\n<meta name=\"twitter:card\" content=\"summary_large_image\" \/>\n<meta name=\"twitter:label1\" content=\"Est. reading time\" \/>\n\t<meta name=\"twitter:data1\" content=\"1 minute\" \/>\n<script type=\"application\/ld+json\" class=\"yoast-schema-graph\">{\"@context\":\"https:\/\/schema.org\",\"@graph\":[{\"@type\":\"WebPage\",\"@id\":\"https:\/\/fleuristedllavoie.com\/en\/produit\/b13\/\",\"url\":\"https:\/\/fleuristedllavoie.com\/en\/produit\/b13\/\",\"name\":\"B13 - Fleuriste D.L Lavoie\",\"isPartOf\":{\"@id\":\"https:\/\/fleuristedllavoie.com\/en\/#website\"},\"primaryImageOfPage\":{\"@id\":\"https:\/\/fleuristedllavoie.com\/en\/produit\/b13\/#primaryimage\"},\"image\":{\"@id\":\"https:\/\/fleuristedllavoie.com\/en\/produit\/b13\/#primaryimage\"},\"thumbnailUrl\":\"https:\/\/fleuristedllavoie.com\/wp-content\/uploads\/2021\/11\/20211122_004610537_iOS.jpg\",\"datePublished\":\"2021-11-25T19:13:36+00:00\",\"dateModified\":\"2026-03-20T20:36:40+00:00\",\"breadcrumb\":{\"@id\":\"https:\/\/fleuristedllavoie.com\/en\/produit\/b13\/#breadcrumb\"},\"inLanguage\":\"en-US\",\"potentialAction\":[{\"@type\":\"ReadAction\",\"target\":[\"https:\/\/fleuristedllavoie.com\/en\/produit\/b13\/\"]}]},{\"@type\":\"ImageObject\",\"inLanguage\":\"en-US\",\"@id\":\"https:\/\/fleuristedllavoie.com\/en\/produit\/b13\/#primaryimage\",\"url\":\"https:\/\/fleuristedllavoie.com\/wp-content\/uploads\/2021\/11\/20211122_004610537_iOS.jpg\",\"contentUrl\":\"https:\/\/fleuristedllavoie.com\/wp-content\/uploads\/2021\/11\/20211122_004610537_iOS.jpg\",\"width\":960,\"height\":854,\"caption\":\"bouquet de fleurs lys blanc\"},{\"@type\":\"BreadcrumbList\",\"@id\":\"https:\/\/fleuristedllavoie.com\/en\/produit\/b13\/#breadcrumb\",\"itemListElement\":[{\"@type\":\"ListItem\",\"position\":1,\"name\":\"Home\",\"item\":\"https:\/\/fleuristedllavoie.com\/en\/home-1\/\"},{\"@type\":\"ListItem\",\"position\":2,\"name\":\"Products\",\"item\":\"https:\/\/fleuristedllavoie.com\/en\/shop\/\"},{\"@type\":\"ListItem\",\"position\":3,\"name\":\"B13\"}]},{\"@type\":\"WebSite\",\"@id\":\"https:\/\/fleuristedllavoie.com\/en\/#website\",\"url\":\"https:\/\/fleuristedllavoie.com\/en\/\",\"name\":\"Fleuriste D.L Lavoie\",\"description\":\"Livraison de fleurs \u00e0 Lachute\",\"publisher\":{\"@id\":\"https:\/\/fleuristedllavoie.com\/en\/#organization\"},\"potentialAction\":[{\"@type\":\"SearchAction\",\"target\":{\"@type\":\"EntryPoint\",\"urlTemplate\":\"https:\/\/fleuristedllavoie.com\/en\/?s={search_term_string}\"},\"query-input\":{\"@type\":\"PropertyValueSpecification\",\"valueRequired\":true,\"valueName\":\"search_term_string\"}}],\"inLanguage\":\"en-US\"},{\"@type\":\"Organization\",\"@id\":\"https:\/\/fleuristedllavoie.com\/en\/#organization\",\"name\":\"Fleuriste D.L Lavoie\",\"url\":\"https:\/\/fleuristedllavoie.com\/en\/\",\"logo\":{\"@type\":\"ImageObject\",\"inLanguage\":\"en-US\",\"@id\":\"https:\/\/fleuristedllavoie.com\/en\/#\/schema\/logo\/image\/\",\"url\":\"https:\/\/fleuristedllavoie.com\/wp-content\/uploads\/2021\/08\/Last-Logo-300.png\",\"contentUrl\":\"https:\/\/fleuristedllavoie.com\/wp-content\/uploads\/2021\/08\/Last-Logo-300.png\",\"width\":300,\"height\":209,\"caption\":\"Fleuriste D.L Lavoie\"},\"image\":{\"@id\":\"https:\/\/fleuristedllavoie.com\/en\/#\/schema\/logo\/image\/\"}}]}<\/script>\n<!-- \/ Yoast SEO plugin. -->","yoast_head_json":{"title":"B13 - Fleuriste D.L Lavoie","robots":{"index":"index","follow":"follow","max-snippet":"max-snippet:-1","max-image-preview":"max-image-preview:large","max-video-preview":"max-video-preview:-1"},"canonical":"https:\/\/fleuristedllavoie.com\/en\/produit\/b13\/","og_locale":"en_US","og_type":"article","og_title":"B13 - Fleuriste D.L Lavoie","og_description":"Votre Bouquet de fleurs coup\u00e9es peut \u00eatre confectionn\u00e9 selon votre go\u00fbt et votre budget. Les fleurs sont emball\u00e9s dans un papier de z\u00e9lophane transparent ou du papier kraft recycl\u00e9. ( Ce type d\u2019emballage est sur demande seulement, prenez pour acquis que les fleurs sont emball\u00e9s dans le z\u00e9lophane).  Le minimum faire livrer est de 50$ pour le bouquet de fleurs coup\u00e9es ensuite s\u2019additionne le frais de livraison et les taxes.  Pour un ramassage en magasin, c\u2019est vous qui d\u00e9cidez du prix. Les fleurs ont toutes leurs prix a la tige. Nous remplissons votre bouquet jusqu\u2019 au montant avant les taxes de ce que vous voulez.  La disponibilit\u00e9 des fleurs peuvent diff\u00e9rer d\u2019une semaine a l\u2019autre, selon la saison et surtout \u00e7ela d\u00e9pends de la disponibilit\u00e9 chez nos fournisseurs. Plus vous commandez t\u00f4t ( 7 jours ouvrables a l\u2019avance), plus vous avez des chances d\u2019avoir ce que vous avez besoin.  Il se peut que l\u2019on aille recours a devoir changer des fleurs si celles ci ne sont pas disponible en magasin. Tout de fois, nous ferons notre possible de respecter les couleurs et votre budget.  Si jamais vous ressentez le besoin de nous poser plus de questions, nous vous conseillons de nous appeler au 450-562-1422 .","og_url":"https:\/\/fleuristedllavoie.com\/en\/produit\/b13\/","og_site_name":"Fleuriste D.L Lavoie","article_modified_time":"2026-03-20T20:36:40+00:00","og_image":[{"width":960,"height":854,"url":"https:\/\/fleuristedllavoie.com\/wp-content\/uploads\/2021\/11\/20211122_004610537_iOS.jpg","type":"image\/jpeg"}],"twitter_card":"summary_large_image","twitter_misc":{"Est. reading time":"1 minute"},"schema":{"@context":"https:\/\/schema.org","@graph":[{"@type":"WebPage","@id":"https:\/\/fleuristedllavoie.com\/en\/produit\/b13\/","url":"https:\/\/fleuristedllavoie.com\/en\/produit\/b13\/","name":"B13 - Fleuriste D.L Lavoie","isPartOf":{"@id":"https:\/\/fleuristedllavoie.com\/en\/#website"},"primaryImageOfPage":{"@id":"https:\/\/fleuristedllavoie.com\/en\/produit\/b13\/#primaryimage"},"image":{"@id":"https:\/\/fleuristedllavoie.com\/en\/produit\/b13\/#primaryimage"},"thumbnailUrl":"https:\/\/fleuristedllavoie.com\/wp-content\/uploads\/2021\/11\/20211122_004610537_iOS.jpg","datePublished":"2021-11-25T19:13:36+00:00","dateModified":"2026-03-20T20:36:40+00:00","breadcrumb":{"@id":"https:\/\/fleuristedllavoie.com\/en\/produit\/b13\/#breadcrumb"},"inLanguage":"en-US","potentialAction":[{"@type":"ReadAction","target":["https:\/\/fleuristedllavoie.com\/en\/produit\/b13\/"]}]},{"@type":"ImageObject","inLanguage":"en-US","@id":"https:\/\/fleuristedllavoie.com\/en\/produit\/b13\/#primaryimage","url":"https:\/\/fleuristedllavoie.com\/wp-content\/uploads\/2021\/11\/20211122_004610537_iOS.jpg","contentUrl":"https:\/\/fleuristedllavoie.com\/wp-content\/uploads\/2021\/11\/20211122_004610537_iOS.jpg","width":960,"height":854,"caption":"bouquet de fleurs lys blanc"},{"@type":"BreadcrumbList","@id":"https:\/\/fleuristedllavoie.com\/en\/produit\/b13\/#breadcrumb","itemListElement":[{"@type":"ListItem","position":1,"name":"Home","item":"https:\/\/fleuristedllavoie.com\/en\/home-1\/"},{"@type":"ListItem","position":2,"name":"Products","item":"https:\/\/fleuristedllavoie.com\/en\/shop\/"},{"@type":"ListItem","position":3,"name":"B13"}]},{"@type":"WebSite","@id":"https:\/\/fleuristedllavoie.com\/en\/#website","url":"https:\/\/fleuristedllavoie.com\/en\/","name":"Fleuriste D.L Lavoie","description":"Livraison de fleurs \u00e0 Lachute","publisher":{"@id":"https:\/\/fleuristedllavoie.com\/en\/#organization"},"potentialAction":[{"@type":"SearchAction","target":{"@type":"EntryPoint","urlTemplate":"https:\/\/fleuristedllavoie.com\/en\/?s={search_term_string}"},"query-input":{"@type":"PropertyValueSpecification","valueRequired":true,"valueName":"search_term_string"}}],"inLanguage":"en-US"},{"@type":"Organization","@id":"https:\/\/fleuristedllavoie.com\/en\/#organization","name":"Fleuriste D.L Lavoie","url":"https:\/\/fleuristedllavoie.com\/en\/","logo":{"@type":"ImageObject","inLanguage":"en-US","@id":"https:\/\/fleuristedllavoie.com\/en\/#\/schema\/logo\/image\/","url":"https:\/\/fleuristedllavoie.com\/wp-content\/uploads\/2021\/08\/Last-Logo-300.png","contentUrl":"https:\/\/fleuristedllavoie.com\/wp-content\/uploads\/2021\/08\/Last-Logo-300.png","width":300,"height":209,"caption":"Fleuriste D.L Lavoie"},"image":{"@id":"https:\/\/fleuristedllavoie.com\/en\/#\/schema\/logo\/image\/"}}]}},"jetpack_sharing_enabled":true,"_links":{"self":[{"href":"https:\/\/fleuristedllavoie.com\/en\/wp-json\/wp\/v2\/product\/6266","targetHints":{"allow":["GET"]}}],"collection":[{"href":"https:\/\/fleuristedllavoie.com\/en\/wp-json\/wp\/v2\/product"}],"about":[{"href":"https:\/\/fleuristedllavoie.com\/en\/wp-json\/wp\/v2\/types\/product"}],"wp:featuredmedia":[{"embeddable":true,"href":"https:\/\/fleuristedllavoie.com\/en\/wp-json\/wp\/v2\/media\/6267"}],"wp:attachment":[{"href":"https:\/\/fleuristedllavoie.com\/en\/wp-json\/wp\/v2\/media?parent=6266"}],"wp:term":[{"taxonomy":"product_brand","embeddable":true,"href":"https:\/\/fleuristedllavoie.com\/en\/wp-json\/wp\/v2\/product_brand?post=6266"},{"taxonomy":"product_cat","embeddable":true,"href":"https:\/\/fleuristedllavoie.com\/en\/wp-json\/wp\/v2\/product_cat?post=6266"},{"taxonomy":"product_tag","embeddable":true,"href":"https:\/\/fleuristedllavoie.com\/en\/wp-json\/wp\/v2\/product_tag?post=6266"}],"curies":[{"name":"wp","href":"https:\/\/api.w.org\/{rel}","templated":true}]}}