{"id":5165,"date":"2021-11-19T02:28:23","date_gmt":"2021-11-19T01:28:23","guid":{"rendered":"https:\/\/website.econnectcity.ca\/?post_type=product&#038;p=5165"},"modified":"2026-03-27T19:23:29","modified_gmt":"2026-03-27T18:23:29","slug":"b3","status":"publish","type":"product","link":"https:\/\/fleuristedllavoie.com\/en\/produit\/b3\/","title":{"rendered":"B3"},"content":{"rendered":"","protected":false},"excerpt":{"rendered":"<p>Votre Bouquet de fleurs coup\u00e9es peut \u00eatre confectionn\u00e9 selon votre go\u00fbt et votre budget. Les fleurs sont emball\u00e9s dans un papier de z\u00e9lophane transparent ou du papier kraft recycl\u00e9. ( Ce type d&#8217;emballage est sur demande seulement, prenez pour acquis que les fleurs sont emball\u00e9s dans le z\u00e9lophane).<\/p>\n<p>Le minimum faire livrer est de 50$ pour le bouquet de fleurs coup\u00e9es ensuite s&#8217;additionne le frais de livraison et les taxes.<\/p>\n<p>Pour un ramassage en magasin, c&#8217;est vous qui d\u00e9cidez du prix. Les fleurs ont toutes leurs prix a la tige. Nous remplissons votre bouquet jusqu&#8217; au montant avant les taxes de ce que vous voulez.<\/p>\n<p>La disponibilit\u00e9 des fleurs peuvent diff\u00e9rer d&#8217;une semaine a l&#8217;autre, selon la saison et surtout \u00e7ela d\u00e9pends de la disponibilit\u00e9 chez nos fournisseurs. Plus vous commandez t\u00f4t ( 7 jours ouvrables a l&#8217;avance), plus vous avez des chances d&#8217;avoir ce que vous avez besoin.<\/p>\n<p>Il se peut que l&#8217;on aille recours a devoir changer des fleurs si celles ci ne sont pas disponible en magasin. Tout de fois, nous ferons notre possible de respecter les couleurs et votre budget.<\/p>\n<p>Si jamais vous ressentez le besoin de nous poser plus de questions, nous vous conseillons de nous appeler au 450-562-1422 .<\/p>\n","protected":false},"featured_media":5166,"template":"","meta":[],"product_brand":[],"product_cat":[55],"product_tag":[],"class_list":{"0":"post-5165","1":"product","2":"type-product","3":"status-publish","4":"has-post-thumbnail","6":"product_cat-bouquets-de-fleurs","8":"first","9":"instock","10":"taxable","11":"shipping-taxable","12":"product-type-simple"},"yoast_head":"<!-- This site is optimized with the Yoast SEO plugin v26.3 - https:\/\/yoast.com\/wordpress\/plugins\/seo\/ -->\n<title>B3 - Fleuriste D.L Lavoie<\/title>\n<meta name=\"robots\" content=\"index, follow, max-snippet:-1, max-image-preview:large, max-video-preview:-1\" \/>\n<link rel=\"canonical\" href=\"https:\/\/fleuristedllavoie.com\/en\/produit\/b3\/\" \/>\n<meta property=\"og:locale\" content=\"en_US\" \/>\n<meta property=\"og:type\" content=\"article\" \/>\n<meta property=\"og:title\" content=\"B3 - Fleuriste D.L Lavoie\" \/>\n<meta property=\"og:description\" content=\"Votre Bouquet de fleurs coup\u00e9es peut \u00eatre confectionn\u00e9 selon votre go\u00fbt et votre budget. Les fleurs sont emball\u00e9s dans un papier de z\u00e9lophane transparent ou du papier kraft recycl\u00e9. ( Ce type d&#039;emballage est sur demande seulement, prenez pour acquis que les fleurs sont emball\u00e9s dans le z\u00e9lophane).  Le minimum faire livrer est de 50$ pour le bouquet de fleurs coup\u00e9es ensuite s&#039;additionne le frais de livraison et les taxes.  Pour un ramassage en magasin, c&#039;est vous qui d\u00e9cidez du prix. Les fleurs ont toutes leurs prix a la tige. Nous remplissons votre bouquet jusqu&#039; au montant avant les taxes de ce que vous voulez.  La disponibilit\u00e9 des fleurs peuvent diff\u00e9rer d&#039;une semaine a l&#039;autre, selon la saison et surtout \u00e7ela d\u00e9pends de la disponibilit\u00e9 chez nos fournisseurs. Plus vous commandez t\u00f4t ( 7 jours ouvrables a l&#039;avance), plus vous avez des chances d&#039;avoir ce que vous avez besoin.  Il se peut que l&#039;on aille recours a devoir changer des fleurs si celles ci ne sont pas disponible en magasin. Tout de fois, nous ferons notre possible de respecter les couleurs et votre budget.  Si jamais vous ressentez le besoin de nous poser plus de questions, nous vous conseillons de nous appeler au 450-562-1422 .\" \/>\n<meta property=\"og:url\" content=\"https:\/\/fleuristedllavoie.com\/en\/produit\/b3\/\" \/>\n<meta property=\"og:site_name\" content=\"Fleuriste D.L Lavoie\" \/>\n<meta property=\"article:modified_time\" content=\"2026-03-27T18:23:29+00:00\" \/>\n<meta property=\"og:image\" content=\"https:\/\/fleuristedllavoie.com\/wp-content\/uploads\/2021\/11\/20210706_210444700_iOS.jpg\" \/>\n\t<meta property=\"og:image:width\" content=\"456\" \/>\n\t<meta property=\"og:image:height\" content=\"688\" \/>\n\t<meta property=\"og:image:type\" content=\"image\/jpeg\" \/>\n<meta name=\"twitter:card\" content=\"summary_large_image\" \/>\n<meta name=\"twitter:label1\" content=\"Est. reading time\" \/>\n\t<meta name=\"twitter:data1\" content=\"1 minute\" \/>\n<script type=\"application\/ld+json\" class=\"yoast-schema-graph\">{\"@context\":\"https:\/\/schema.org\",\"@graph\":[{\"@type\":\"WebPage\",\"@id\":\"https:\/\/fleuristedllavoie.com\/en\/produit\/b3\/\",\"url\":\"https:\/\/fleuristedllavoie.com\/en\/produit\/b3\/\",\"name\":\"B3 - Fleuriste D.L Lavoie\",\"isPartOf\":{\"@id\":\"https:\/\/fleuristedllavoie.com\/en\/#website\"},\"primaryImageOfPage\":{\"@id\":\"https:\/\/fleuristedllavoie.com\/en\/produit\/b3\/#primaryimage\"},\"image\":{\"@id\":\"https:\/\/fleuristedllavoie.com\/en\/produit\/b3\/#primaryimage\"},\"thumbnailUrl\":\"https:\/\/fleuristedllavoie.com\/wp-content\/uploads\/2021\/11\/20210706_210444700_iOS.jpg\",\"datePublished\":\"2021-11-19T01:28:23+00:00\",\"dateModified\":\"2026-03-27T18:23:29+00:00\",\"breadcrumb\":{\"@id\":\"https:\/\/fleuristedllavoie.com\/en\/produit\/b3\/#breadcrumb\"},\"inLanguage\":\"en-US\",\"potentialAction\":[{\"@type\":\"ReadAction\",\"target\":[\"https:\/\/fleuristedllavoie.com\/en\/produit\/b3\/\"]}]},{\"@type\":\"ImageObject\",\"inLanguage\":\"en-US\",\"@id\":\"https:\/\/fleuristedllavoie.com\/en\/produit\/b3\/#primaryimage\",\"url\":\"https:\/\/fleuristedllavoie.com\/wp-content\/uploads\/2021\/11\/20210706_210444700_iOS.jpg\",\"contentUrl\":\"https:\/\/fleuristedllavoie.com\/wp-content\/uploads\/2021\/11\/20210706_210444700_iOS.jpg\",\"width\":456,\"height\":688,\"caption\":\"bouquet fleurs coup\u00e9es\"},{\"@type\":\"BreadcrumbList\",\"@id\":\"https:\/\/fleuristedllavoie.com\/en\/produit\/b3\/#breadcrumb\",\"itemListElement\":[{\"@type\":\"ListItem\",\"position\":1,\"name\":\"Home\",\"item\":\"https:\/\/fleuristedllavoie.com\/en\/home-1\/\"},{\"@type\":\"ListItem\",\"position\":2,\"name\":\"Products\",\"item\":\"https:\/\/fleuristedllavoie.com\/en\/shop\/\"},{\"@type\":\"ListItem\",\"position\":3,\"name\":\"B3\"}]},{\"@type\":\"WebSite\",\"@id\":\"https:\/\/fleuristedllavoie.com\/en\/#website\",\"url\":\"https:\/\/fleuristedllavoie.com\/en\/\",\"name\":\"Fleuriste D.L Lavoie\",\"description\":\"Livraison de fleurs \u00e0 Lachute\",\"publisher\":{\"@id\":\"https:\/\/fleuristedllavoie.com\/en\/#organization\"},\"potentialAction\":[{\"@type\":\"SearchAction\",\"target\":{\"@type\":\"EntryPoint\",\"urlTemplate\":\"https:\/\/fleuristedllavoie.com\/en\/?s={search_term_string}\"},\"query-input\":{\"@type\":\"PropertyValueSpecification\",\"valueRequired\":true,\"valueName\":\"search_term_string\"}}],\"inLanguage\":\"en-US\"},{\"@type\":\"Organization\",\"@id\":\"https:\/\/fleuristedllavoie.com\/en\/#organization\",\"name\":\"Fleuriste D.L Lavoie\",\"url\":\"https:\/\/fleuristedllavoie.com\/en\/\",\"logo\":{\"@type\":\"ImageObject\",\"inLanguage\":\"en-US\",\"@id\":\"https:\/\/fleuristedllavoie.com\/en\/#\/schema\/logo\/image\/\",\"url\":\"https:\/\/fleuristedllavoie.com\/wp-content\/uploads\/2021\/08\/Last-Logo-300.png\",\"contentUrl\":\"https:\/\/fleuristedllavoie.com\/wp-content\/uploads\/2021\/08\/Last-Logo-300.png\",\"width\":300,\"height\":209,\"caption\":\"Fleuriste D.L Lavoie\"},\"image\":{\"@id\":\"https:\/\/fleuristedllavoie.com\/en\/#\/schema\/logo\/image\/\"}}]}<\/script>\n<!-- \/ Yoast SEO plugin. -->","yoast_head_json":{"title":"B3 - Fleuriste D.L Lavoie","robots":{"index":"index","follow":"follow","max-snippet":"max-snippet:-1","max-image-preview":"max-image-preview:large","max-video-preview":"max-video-preview:-1"},"canonical":"https:\/\/fleuristedllavoie.com\/en\/produit\/b3\/","og_locale":"en_US","og_type":"article","og_title":"B3 - Fleuriste D.L Lavoie","og_description":"Votre Bouquet de fleurs coup\u00e9es peut \u00eatre confectionn\u00e9 selon votre go\u00fbt et votre budget. Les fleurs sont emball\u00e9s dans un papier de z\u00e9lophane transparent ou du papier kraft recycl\u00e9. ( Ce type d'emballage est sur demande seulement, prenez pour acquis que les fleurs sont emball\u00e9s dans le z\u00e9lophane).  Le minimum faire livrer est de 50$ pour le bouquet de fleurs coup\u00e9es ensuite s'additionne le frais de livraison et les taxes.  Pour un ramassage en magasin, c'est vous qui d\u00e9cidez du prix. Les fleurs ont toutes leurs prix a la tige. Nous remplissons votre bouquet jusqu' au montant avant les taxes de ce que vous voulez.  La disponibilit\u00e9 des fleurs peuvent diff\u00e9rer d'une semaine a l'autre, selon la saison et surtout \u00e7ela d\u00e9pends de la disponibilit\u00e9 chez nos fournisseurs. Plus vous commandez t\u00f4t ( 7 jours ouvrables a l'avance), plus vous avez des chances d'avoir ce que vous avez besoin.  Il se peut que l'on aille recours a devoir changer des fleurs si celles ci ne sont pas disponible en magasin. Tout de fois, nous ferons notre possible de respecter les couleurs et votre budget.  Si jamais vous ressentez le besoin de nous poser plus de questions, nous vous conseillons de nous appeler au 450-562-1422 .","og_url":"https:\/\/fleuristedllavoie.com\/en\/produit\/b3\/","og_site_name":"Fleuriste D.L Lavoie","article_modified_time":"2026-03-27T18:23:29+00:00","og_image":[{"width":456,"height":688,"url":"https:\/\/fleuristedllavoie.com\/wp-content\/uploads\/2021\/11\/20210706_210444700_iOS.jpg","type":"image\/jpeg"}],"twitter_card":"summary_large_image","twitter_misc":{"Est. reading time":"1 minute"},"schema":{"@context":"https:\/\/schema.org","@graph":[{"@type":"WebPage","@id":"https:\/\/fleuristedllavoie.com\/en\/produit\/b3\/","url":"https:\/\/fleuristedllavoie.com\/en\/produit\/b3\/","name":"B3 - Fleuriste D.L Lavoie","isPartOf":{"@id":"https:\/\/fleuristedllavoie.com\/en\/#website"},"primaryImageOfPage":{"@id":"https:\/\/fleuristedllavoie.com\/en\/produit\/b3\/#primaryimage"},"image":{"@id":"https:\/\/fleuristedllavoie.com\/en\/produit\/b3\/#primaryimage"},"thumbnailUrl":"https:\/\/fleuristedllavoie.com\/wp-content\/uploads\/2021\/11\/20210706_210444700_iOS.jpg","datePublished":"2021-11-19T01:28:23+00:00","dateModified":"2026-03-27T18:23:29+00:00","breadcrumb":{"@id":"https:\/\/fleuristedllavoie.com\/en\/produit\/b3\/#breadcrumb"},"inLanguage":"en-US","potentialAction":[{"@type":"ReadAction","target":["https:\/\/fleuristedllavoie.com\/en\/produit\/b3\/"]}]},{"@type":"ImageObject","inLanguage":"en-US","@id":"https:\/\/fleuristedllavoie.com\/en\/produit\/b3\/#primaryimage","url":"https:\/\/fleuristedllavoie.com\/wp-content\/uploads\/2021\/11\/20210706_210444700_iOS.jpg","contentUrl":"https:\/\/fleuristedllavoie.com\/wp-content\/uploads\/2021\/11\/20210706_210444700_iOS.jpg","width":456,"height":688,"caption":"bouquet fleurs coup\u00e9es"},{"@type":"BreadcrumbList","@id":"https:\/\/fleuristedllavoie.com\/en\/produit\/b3\/#breadcrumb","itemListElement":[{"@type":"ListItem","position":1,"name":"Home","item":"https:\/\/fleuristedllavoie.com\/en\/home-1\/"},{"@type":"ListItem","position":2,"name":"Products","item":"https:\/\/fleuristedllavoie.com\/en\/shop\/"},{"@type":"ListItem","position":3,"name":"B3"}]},{"@type":"WebSite","@id":"https:\/\/fleuristedllavoie.com\/en\/#website","url":"https:\/\/fleuristedllavoie.com\/en\/","name":"Fleuriste D.L Lavoie","description":"Livraison de fleurs \u00e0 Lachute","publisher":{"@id":"https:\/\/fleuristedllavoie.com\/en\/#organization"},"potentialAction":[{"@type":"SearchAction","target":{"@type":"EntryPoint","urlTemplate":"https:\/\/fleuristedllavoie.com\/en\/?s={search_term_string}"},"query-input":{"@type":"PropertyValueSpecification","valueRequired":true,"valueName":"search_term_string"}}],"inLanguage":"en-US"},{"@type":"Organization","@id":"https:\/\/fleuristedllavoie.com\/en\/#organization","name":"Fleuriste D.L Lavoie","url":"https:\/\/fleuristedllavoie.com\/en\/","logo":{"@type":"ImageObject","inLanguage":"en-US","@id":"https:\/\/fleuristedllavoie.com\/en\/#\/schema\/logo\/image\/","url":"https:\/\/fleuristedllavoie.com\/wp-content\/uploads\/2021\/08\/Last-Logo-300.png","contentUrl":"https:\/\/fleuristedllavoie.com\/wp-content\/uploads\/2021\/08\/Last-Logo-300.png","width":300,"height":209,"caption":"Fleuriste D.L Lavoie"},"image":{"@id":"https:\/\/fleuristedllavoie.com\/en\/#\/schema\/logo\/image\/"}}]}},"jetpack_sharing_enabled":true,"_links":{"self":[{"href":"https:\/\/fleuristedllavoie.com\/en\/wp-json\/wp\/v2\/product\/5165","targetHints":{"allow":["GET"]}}],"collection":[{"href":"https:\/\/fleuristedllavoie.com\/en\/wp-json\/wp\/v2\/product"}],"about":[{"href":"https:\/\/fleuristedllavoie.com\/en\/wp-json\/wp\/v2\/types\/product"}],"wp:featuredmedia":[{"embeddable":true,"href":"https:\/\/fleuristedllavoie.com\/en\/wp-json\/wp\/v2\/media\/5166"}],"wp:attachment":[{"href":"https:\/\/fleuristedllavoie.com\/en\/wp-json\/wp\/v2\/media?parent=5165"}],"wp:term":[{"taxonomy":"product_brand","embeddable":true,"href":"https:\/\/fleuristedllavoie.com\/en\/wp-json\/wp\/v2\/product_brand?post=5165"},{"taxonomy":"product_cat","embeddable":true,"href":"https:\/\/fleuristedllavoie.com\/en\/wp-json\/wp\/v2\/product_cat?post=5165"},{"taxonomy":"product_tag","embeddable":true,"href":"https:\/\/fleuristedllavoie.com\/en\/wp-json\/wp\/v2\/product_tag?post=5165"}],"curies":[{"name":"wp","href":"https:\/\/api.w.org\/{rel}","templated":true}]}}