{"id":2655,"date":"2021-10-22T04:43:24","date_gmt":"2021-10-22T02:43:24","guid":{"rendered":"https:\/\/website.econnectcity.ca\/?post_type=product&#038;p=2655"},"modified":"2023-09-22T17:18:24","modified_gmt":"2023-09-22T15:18:24","slug":"montage-3","status":"publish","type":"product","link":"https:\/\/fleuristedllavoie.com\/en\/produit\/montage-3\/","title":{"rendered":"Montage 3"},"content":{"rendered":"","protected":false},"excerpt":{"rendered":"<p>Prix : 500$ + livraison et taxes ( prix pour la tron\u00e7onneuse)<\/p>\n<p>Nous pouvons r\u00e9aliser plusieurs projets comme le montre bien cet exemple. Nous n&#8217;avons pas de limite sur ce que nous pouvons faire. La meilleure fa\u00e7on d&#8217;avoir des r\u00e9ponses a vos questions est de nous contactez par t\u00e9l\u00e9phone. Les prix varient d&#8217;un projet a l&#8217;autre.<\/p>\n<p>*Notez que vous ne pouvez pas commander en ligne pour l\u2019achat de l\u2019arrangement florale .Vous devez nous appeler au 450-562-1422 pour que l\u2019on puisse valider avec vous si nous avions les fleurs en inventaire pour faire cet arrangement.<\/p>\n<p>Il est important de nous contacter le plus t\u00f4t possible si vous d\u00e9sirez sp\u00e9cifiquement des sortes de fleurs.<\/p>\n<p>Vous devez avoir pass\u00e9 la commande avec nous au minimum 7 jours ouvrables avant la date du service.<\/p>\n","protected":false},"featured_media":2450,"template":"","meta":[],"product_brand":[],"product_cat":[127],"product_tag":[],"class_list":{"0":"post-2655","1":"product","2":"type-product","3":"status-publish","4":"has-post-thumbnail","6":"product_cat-arrangements-funeraire","8":"first","9":"instock","10":"taxable","11":"shipping-taxable","12":"product-type-simple"},"yoast_head":"<!-- This site is optimized with the Yoast SEO plugin v26.3 - https:\/\/yoast.com\/wordpress\/plugins\/seo\/ -->\n<title>Montage 3 - Fleuriste D.L Lavoie<\/title>\n<meta name=\"robots\" content=\"index, follow, max-snippet:-1, max-image-preview:large, max-video-preview:-1\" \/>\n<link rel=\"canonical\" href=\"https:\/\/fleuristedllavoie.com\/en\/produit\/montage-3\/\" \/>\n<meta property=\"og:locale\" content=\"en_US\" \/>\n<meta property=\"og:type\" content=\"article\" \/>\n<meta property=\"og:title\" content=\"Montage 3 - Fleuriste D.L Lavoie\" \/>\n<meta property=\"og:description\" content=\"Prix : 500$ + livraison et taxes ( prix pour la tron\u00e7onneuse)  Nous pouvons r\u00e9aliser plusieurs projets comme le montre bien cet exemple. Nous n&#039;avons pas de limite sur ce que nous pouvons faire. La meilleure fa\u00e7on d&#039;avoir des r\u00e9ponses a vos questions est de nous contactez par t\u00e9l\u00e9phone. Les prix varient d&#039;un projet a l&#039;autre.  *Notez que vous ne pouvez pas commander en ligne pour l\u2019achat de l\u2019arrangement florale .Vous devez nous appeler au 450-562-1422 pour que l\u2019on puisse valider avec vous si nous avions les fleurs en inventaire pour faire cet arrangement.  Il est important de nous contacter le plus t\u00f4t possible si vous d\u00e9sirez sp\u00e9cifiquement des sortes de fleurs.  Vous devez avoir pass\u00e9 la commande avec nous au minimum 7 jours ouvrables avant la date du service.\" \/>\n<meta property=\"og:url\" content=\"https:\/\/fleuristedllavoie.com\/en\/produit\/montage-3\/\" \/>\n<meta property=\"og:site_name\" content=\"Fleuriste D.L Lavoie\" \/>\n<meta property=\"article:modified_time\" content=\"2023-09-22T15:18:24+00:00\" \/>\n<meta property=\"og:image\" content=\"https:\/\/fleuristedllavoie.com\/wp-content\/uploads\/2021\/08\/20210726_163200826_iOS.jpg\" \/>\n\t<meta property=\"og:image:width\" content=\"960\" \/>\n\t<meta property=\"og:image:height\" content=\"696\" \/>\n\t<meta property=\"og:image:type\" content=\"image\/jpeg\" \/>\n<meta name=\"twitter:card\" content=\"summary_large_image\" \/>\n<script type=\"application\/ld+json\" class=\"yoast-schema-graph\">{\"@context\":\"https:\/\/schema.org\",\"@graph\":[{\"@type\":\"WebPage\",\"@id\":\"https:\/\/fleuristedllavoie.com\/en\/produit\/montage-3\/\",\"url\":\"https:\/\/fleuristedllavoie.com\/en\/produit\/montage-3\/\",\"name\":\"Montage 3 - Fleuriste D.L Lavoie\",\"isPartOf\":{\"@id\":\"https:\/\/fleuristedllavoie.com\/en\/#website\"},\"primaryImageOfPage\":{\"@id\":\"https:\/\/fleuristedllavoie.com\/en\/produit\/montage-3\/#primaryimage\"},\"image\":{\"@id\":\"https:\/\/fleuristedllavoie.com\/en\/produit\/montage-3\/#primaryimage\"},\"thumbnailUrl\":\"https:\/\/fleuristedllavoie.com\/wp-content\/uploads\/2021\/08\/20210726_163200826_iOS.jpg\",\"datePublished\":\"2021-10-22T02:43:24+00:00\",\"dateModified\":\"2023-09-22T15:18:24+00:00\",\"breadcrumb\":{\"@id\":\"https:\/\/fleuristedllavoie.com\/en\/produit\/montage-3\/#breadcrumb\"},\"inLanguage\":\"en-US\",\"potentialAction\":[{\"@type\":\"ReadAction\",\"target\":[\"https:\/\/fleuristedllavoie.com\/en\/produit\/montage-3\/\"]}]},{\"@type\":\"ImageObject\",\"inLanguage\":\"en-US\",\"@id\":\"https:\/\/fleuristedllavoie.com\/en\/produit\/montage-3\/#primaryimage\",\"url\":\"https:\/\/fleuristedllavoie.com\/wp-content\/uploads\/2021\/08\/20210726_163200826_iOS.jpg\",\"contentUrl\":\"https:\/\/fleuristedllavoie.com\/wp-content\/uploads\/2021\/08\/20210726_163200826_iOS.jpg\",\"width\":960,\"height\":696,\"caption\":\"tran\u00e7onneuse\"},{\"@type\":\"BreadcrumbList\",\"@id\":\"https:\/\/fleuristedllavoie.com\/en\/produit\/montage-3\/#breadcrumb\",\"itemListElement\":[{\"@type\":\"ListItem\",\"position\":1,\"name\":\"Home\",\"item\":\"https:\/\/fleuristedllavoie.com\/en\/home-1\/\"},{\"@type\":\"ListItem\",\"position\":2,\"name\":\"Products\",\"item\":\"https:\/\/fleuristedllavoie.com\/en\/shop\/\"},{\"@type\":\"ListItem\",\"position\":3,\"name\":\"Montage 3\"}]},{\"@type\":\"WebSite\",\"@id\":\"https:\/\/fleuristedllavoie.com\/en\/#website\",\"url\":\"https:\/\/fleuristedllavoie.com\/en\/\",\"name\":\"Fleuriste D.L Lavoie\",\"description\":\"Livraison de fleurs \u00e0 Lachute\",\"publisher\":{\"@id\":\"https:\/\/fleuristedllavoie.com\/en\/#organization\"},\"potentialAction\":[{\"@type\":\"SearchAction\",\"target\":{\"@type\":\"EntryPoint\",\"urlTemplate\":\"https:\/\/fleuristedllavoie.com\/en\/?s={search_term_string}\"},\"query-input\":{\"@type\":\"PropertyValueSpecification\",\"valueRequired\":true,\"valueName\":\"search_term_string\"}}],\"inLanguage\":\"en-US\"},{\"@type\":\"Organization\",\"@id\":\"https:\/\/fleuristedllavoie.com\/en\/#organization\",\"name\":\"Fleuriste D.L Lavoie\",\"url\":\"https:\/\/fleuristedllavoie.com\/en\/\",\"logo\":{\"@type\":\"ImageObject\",\"inLanguage\":\"en-US\",\"@id\":\"https:\/\/fleuristedllavoie.com\/en\/#\/schema\/logo\/image\/\",\"url\":\"https:\/\/fleuristedllavoie.com\/wp-content\/uploads\/2021\/08\/Last-Logo-300.png\",\"contentUrl\":\"https:\/\/fleuristedllavoie.com\/wp-content\/uploads\/2021\/08\/Last-Logo-300.png\",\"width\":300,\"height\":209,\"caption\":\"Fleuriste D.L Lavoie\"},\"image\":{\"@id\":\"https:\/\/fleuristedllavoie.com\/en\/#\/schema\/logo\/image\/\"}}]}<\/script>\n<!-- \/ Yoast SEO plugin. -->","yoast_head_json":{"title":"Montage 3 - Fleuriste D.L Lavoie","robots":{"index":"index","follow":"follow","max-snippet":"max-snippet:-1","max-image-preview":"max-image-preview:large","max-video-preview":"max-video-preview:-1"},"canonical":"https:\/\/fleuristedllavoie.com\/en\/produit\/montage-3\/","og_locale":"en_US","og_type":"article","og_title":"Montage 3 - Fleuriste D.L Lavoie","og_description":"Prix : 500$ + livraison et taxes ( prix pour la tron\u00e7onneuse)  Nous pouvons r\u00e9aliser plusieurs projets comme le montre bien cet exemple. Nous n'avons pas de limite sur ce que nous pouvons faire. La meilleure fa\u00e7on d'avoir des r\u00e9ponses a vos questions est de nous contactez par t\u00e9l\u00e9phone. Les prix varient d'un projet a l'autre.  *Notez que vous ne pouvez pas commander en ligne pour l\u2019achat de l\u2019arrangement florale .Vous devez nous appeler au 450-562-1422 pour que l\u2019on puisse valider avec vous si nous avions les fleurs en inventaire pour faire cet arrangement.  Il est important de nous contacter le plus t\u00f4t possible si vous d\u00e9sirez sp\u00e9cifiquement des sortes de fleurs.  Vous devez avoir pass\u00e9 la commande avec nous au minimum 7 jours ouvrables avant la date du service.","og_url":"https:\/\/fleuristedllavoie.com\/en\/produit\/montage-3\/","og_site_name":"Fleuriste D.L Lavoie","article_modified_time":"2023-09-22T15:18:24+00:00","og_image":[{"width":960,"height":696,"url":"https:\/\/fleuristedllavoie.com\/wp-content\/uploads\/2021\/08\/20210726_163200826_iOS.jpg","type":"image\/jpeg"}],"twitter_card":"summary_large_image","schema":{"@context":"https:\/\/schema.org","@graph":[{"@type":"WebPage","@id":"https:\/\/fleuristedllavoie.com\/en\/produit\/montage-3\/","url":"https:\/\/fleuristedllavoie.com\/en\/produit\/montage-3\/","name":"Montage 3 - Fleuriste D.L Lavoie","isPartOf":{"@id":"https:\/\/fleuristedllavoie.com\/en\/#website"},"primaryImageOfPage":{"@id":"https:\/\/fleuristedllavoie.com\/en\/produit\/montage-3\/#primaryimage"},"image":{"@id":"https:\/\/fleuristedllavoie.com\/en\/produit\/montage-3\/#primaryimage"},"thumbnailUrl":"https:\/\/fleuristedllavoie.com\/wp-content\/uploads\/2021\/08\/20210726_163200826_iOS.jpg","datePublished":"2021-10-22T02:43:24+00:00","dateModified":"2023-09-22T15:18:24+00:00","breadcrumb":{"@id":"https:\/\/fleuristedllavoie.com\/en\/produit\/montage-3\/#breadcrumb"},"inLanguage":"en-US","potentialAction":[{"@type":"ReadAction","target":["https:\/\/fleuristedllavoie.com\/en\/produit\/montage-3\/"]}]},{"@type":"ImageObject","inLanguage":"en-US","@id":"https:\/\/fleuristedllavoie.com\/en\/produit\/montage-3\/#primaryimage","url":"https:\/\/fleuristedllavoie.com\/wp-content\/uploads\/2021\/08\/20210726_163200826_iOS.jpg","contentUrl":"https:\/\/fleuristedllavoie.com\/wp-content\/uploads\/2021\/08\/20210726_163200826_iOS.jpg","width":960,"height":696,"caption":"tran\u00e7onneuse"},{"@type":"BreadcrumbList","@id":"https:\/\/fleuristedllavoie.com\/en\/produit\/montage-3\/#breadcrumb","itemListElement":[{"@type":"ListItem","position":1,"name":"Home","item":"https:\/\/fleuristedllavoie.com\/en\/home-1\/"},{"@type":"ListItem","position":2,"name":"Products","item":"https:\/\/fleuristedllavoie.com\/en\/shop\/"},{"@type":"ListItem","position":3,"name":"Montage 3"}]},{"@type":"WebSite","@id":"https:\/\/fleuristedllavoie.com\/en\/#website","url":"https:\/\/fleuristedllavoie.com\/en\/","name":"Fleuriste D.L Lavoie","description":"Livraison de fleurs \u00e0 Lachute","publisher":{"@id":"https:\/\/fleuristedllavoie.com\/en\/#organization"},"potentialAction":[{"@type":"SearchAction","target":{"@type":"EntryPoint","urlTemplate":"https:\/\/fleuristedllavoie.com\/en\/?s={search_term_string}"},"query-input":{"@type":"PropertyValueSpecification","valueRequired":true,"valueName":"search_term_string"}}],"inLanguage":"en-US"},{"@type":"Organization","@id":"https:\/\/fleuristedllavoie.com\/en\/#organization","name":"Fleuriste D.L Lavoie","url":"https:\/\/fleuristedllavoie.com\/en\/","logo":{"@type":"ImageObject","inLanguage":"en-US","@id":"https:\/\/fleuristedllavoie.com\/en\/#\/schema\/logo\/image\/","url":"https:\/\/fleuristedllavoie.com\/wp-content\/uploads\/2021\/08\/Last-Logo-300.png","contentUrl":"https:\/\/fleuristedllavoie.com\/wp-content\/uploads\/2021\/08\/Last-Logo-300.png","width":300,"height":209,"caption":"Fleuriste D.L Lavoie"},"image":{"@id":"https:\/\/fleuristedllavoie.com\/en\/#\/schema\/logo\/image\/"}}]}},"jetpack_sharing_enabled":true,"_links":{"self":[{"href":"https:\/\/fleuristedllavoie.com\/en\/wp-json\/wp\/v2\/product\/2655","targetHints":{"allow":["GET"]}}],"collection":[{"href":"https:\/\/fleuristedllavoie.com\/en\/wp-json\/wp\/v2\/product"}],"about":[{"href":"https:\/\/fleuristedllavoie.com\/en\/wp-json\/wp\/v2\/types\/product"}],"wp:featuredmedia":[{"embeddable":true,"href":"https:\/\/fleuristedllavoie.com\/en\/wp-json\/wp\/v2\/media\/2450"}],"wp:attachment":[{"href":"https:\/\/fleuristedllavoie.com\/en\/wp-json\/wp\/v2\/media?parent=2655"}],"wp:term":[{"taxonomy":"product_brand","embeddable":true,"href":"https:\/\/fleuristedllavoie.com\/en\/wp-json\/wp\/v2\/product_brand?post=2655"},{"taxonomy":"product_cat","embeddable":true,"href":"https:\/\/fleuristedllavoie.com\/en\/wp-json\/wp\/v2\/product_cat?post=2655"},{"taxonomy":"product_tag","embeddable":true,"href":"https:\/\/fleuristedllavoie.com\/en\/wp-json\/wp\/v2\/product_tag?post=2655"}],"curies":[{"name":"wp","href":"https:\/\/api.w.org\/{rel}","templated":true}]}}