{"id":2171,"date":"2021-08-04T19:28:24","date_gmt":"2021-08-04T17:28:24","guid":{"rendered":"https:\/\/website.econnectcity.ca\/formulaire-de-mariage\/"},"modified":"2021-08-17T19:08:10","modified_gmt":"2021-08-17T17:08:10","slug":"marriage-form","status":"publish","type":"page","link":"https:\/\/fleuristedllavoie.com\/en\/marriage-form\/","title":{"rendered":"Marriage form"},"content":{"rendered":"<p>[vc_row full_width=&#8221;stretch_row&#8221; hide_bg_image_on_tablet=&#8221;&#8221; hide_bg_image_on_mobile=&#8221;&#8221;][vc_column][vc_empty_space height=&#8221;3rem&#8221; alter_height=&#8221;none&#8221; hide_on_desktop=&#8221;&#8221; hide_on_notebook=&#8221;&#8221; hide_on_tablet=&#8221;&#8221; hide_on_mobile=&#8221;&#8221;][vc_empty_space height=&#8221;3.5rem&#8221; alter_height=&#8221;none&#8221; hide_on_desktop=&#8221;&#8221; hide_on_notebook=&#8221;&#8221; hide_on_tablet=&#8221;&#8221; hide_on_mobile=&#8221;&#8221;][\/vc_column][vc_column width=&#8221;5\/6&#8243; offset=&#8221;vc_col-lg-offset-2 vc_col-lg-8 vc_col-sm-offset-1&#8243;]<div id=\"sc_title_1612124688\"\n\t\tclass=\"sc_title color_style_default sc_title_default\"><div class=\"sc_item_icon sc_title_icon sc_align_center \">\n\t\t<span class=\"icon-watering-can\"><\/span>\n\t<\/div><h3 class=\"sc_item_title sc_title_title sc_align_center sc_item_title_style_default\">A wedding in sight?<\/h3><h6 class=\"sc_item_subtitle sc_title_subtitle sc_align_center sc_item_title_style_default\">Please fill out this form<\/h6><\/div><!-- \/.sc_title -->[vc_empty_space height=&#8221;2.6rem&#8221; alter_height=&#8221;none&#8221; hide_on_desktop=&#8221;&#8221; hide_on_notebook=&#8221;&#8221; hide_on_tablet=&#8221;&#8221; hide_on_mobile=&#8221;&#8221;]\n<div class=\"wpcf7 no-js\" id=\"wpcf7-f2174-o1\" lang=\"en-US\" dir=\"ltr\" data-wpcf7-id=\"2174\">\n<div class=\"screen-reader-response\"><p role=\"status\" aria-live=\"polite\" aria-atomic=\"true\"><\/p> <ul><\/ul><\/div>\n<form action=\"\/en\/wp-json\/wp\/v2\/pages\/2171#wpcf7-f2174-o1\" method=\"post\" class=\"wpcf7-form init\" aria-label=\"Contact form\" enctype=\"multipart\/form-data\" novalidate=\"novalidate\" data-status=\"init\">\n<fieldset class=\"hidden-fields-container\"><input type=\"hidden\" name=\"_wpcf7\" value=\"2174\" \/><input type=\"hidden\" name=\"_wpcf7_version\" value=\"6.1.3\" \/><input type=\"hidden\" name=\"_wpcf7_locale\" value=\"en_US\" \/><input type=\"hidden\" name=\"_wpcf7_unit_tag\" value=\"wpcf7-f2174-o1\" \/><input type=\"hidden\" name=\"_wpcf7_container_post\" value=\"0\" \/><input type=\"hidden\" name=\"_wpcf7_posted_data_hash\" value=\"\" \/>\n<\/fieldset>\n<div class=\"form_default\">\n\t<h5>Nom du premier partenaire*\n\t<\/h5>\n\t<div class=\"trx_addons_columns_wrap\">\n\t\t<p><span class=\"trx_addons_column-1_2\"><br \/>\n<label class=\"sc_form_field sc_form_field_name sc_form_field_text\"><br \/>\n<span class=\"sc_form_field_wrap\"><br \/>\n<span class=\"wpcf7-form-control-wrap\" data-name=\"FirstName\"><input size=\"40\" maxlength=\"400\" class=\"wpcf7-form-control wpcf7-text wpcf7-validates-as-required\" aria-required=\"true\" aria-invalid=\"false\" placeholder=\"Pr\u00e9nom\" value=\"\" type=\"text\" name=\"FirstName\" \/><\/span><br \/>\n<\/span><br \/>\n<\/label><br \/>\n<\/span><span class=\"trx_addons_column-1_2\"><br \/>\n<label class=\"sc_form_field sc_form_field_email sc_form_field_text\"><br \/>\n<span class=\"sc_form_field_wrap\"><br \/>\n<span class=\"wpcf7-form-control-wrap\" data-name=\"LastName\"><input size=\"40\" maxlength=\"400\" class=\"wpcf7-form-control wpcf7-text wpcf7-validates-as-required\" aria-required=\"true\" aria-invalid=\"false\" placeholder=\"Nom\" value=\"\" type=\"text\" name=\"LastName\" \/><\/span><br \/>\n<\/span><br \/>\n<\/label><br \/>\n<\/span>\n\t\t<\/p>\n\t<\/div>\n<\/div>\n<div class=\"form_default\">\n\t<h5>Nom du deuxi\u00e8me partenaire*\n\t<\/h5>\n\t<div class=\"trx_addons_columns_wrap\">\n\t\t<p><span class=\"trx_addons_column-1_2\"><br \/>\n<label class=\"sc_form_field sc_form_field_name sc_form_field_text\"><br \/>\n<span class=\"sc_form_field_wrap\"><br \/>\n<span class=\"wpcf7-form-control-wrap\" data-name=\"FirstName1\"><input size=\"40\" maxlength=\"400\" class=\"wpcf7-form-control wpcf7-text wpcf7-validates-as-required\" aria-required=\"true\" aria-invalid=\"false\" placeholder=\"Pr\u00e9nom\" value=\"\" type=\"text\" name=\"FirstName1\" \/><\/span><br \/>\n<\/span><br \/>\n<\/label><br \/>\n<\/span><span class=\"trx_addons_column-1_2\"><br \/>\n<label class=\"sc_form_field sc_form_field_email sc_form_field_text\"><br \/>\n<span class=\"sc_form_field_wrap\"><br \/>\n<span class=\"wpcf7-form-control-wrap\" data-name=\"LastName1\"><input size=\"40\" maxlength=\"400\" class=\"wpcf7-form-control wpcf7-text wpcf7-validates-as-required\" aria-required=\"true\" aria-invalid=\"false\" placeholder=\"Nom\" value=\"\" type=\"text\" name=\"LastName1\" \/><\/span><br \/>\n<\/span><br \/>\n<\/label><br \/>\n<\/span>\n\t\t<\/p>\n\t<\/div>\n<\/div>\n<div class=\"form_default\">\n\t<h5>Votre courriel*\n\t<\/h5>\n\t<div class=\"trx_addons_columns_wrap\">\n\t\t<p><span class=\"trx_addons_column-1_1\"><br \/>\n<label class=\"sc_form_field sc_form_field_name sc_form_field_text\"><br \/>\n<span class=\"sc_form_field_wrap\"><br \/>\n<span class=\"wpcf7-form-control-wrap\" data-name=\"email\"><input size=\"40\" maxlength=\"400\" class=\"wpcf7-form-control wpcf7-email wpcf7-validates-as-required wpcf7-text wpcf7-validates-as-email\" aria-required=\"true\" aria-invalid=\"false\" placeholder=\"Courriel\" value=\"\" type=\"email\" name=\"email\" \/><\/span><br \/>\n<\/span><br \/>\n<\/label><br \/>\n<\/span>\n\t\t<\/p>\n\t<\/div>\n<\/div>\n<div class=\"form_default\">\n\t<h5>Votre num\u00e9ro de t\u00e9l\u00e9phone*\n\t<\/h5>\n\t<div class=\"trx_addons_columns_wrap\">\n\t\t<p><span class=\"trx_addons_column-1_1\"><br \/>\n<label class=\"sc_form_field sc_form_field_name sc_form_field_text\"><br \/>\n<span class=\"sc_form_field_wrap\"><br \/>\n<span class=\"wpcf7-form-control-wrap\" data-name=\"tel\"><input size=\"40\" maxlength=\"400\" class=\"wpcf7-form-control wpcf7-tel wpcf7-validates-as-required wpcf7-text wpcf7-validates-as-tel\" aria-required=\"true\" aria-invalid=\"false\" placeholder=\"T\u00e9l\u00e9phone\" value=\"\" type=\"tel\" name=\"tel\" \/><\/span><br \/>\n<\/span><br \/>\n<\/label><br \/>\n<\/span>\n\t\t<\/p>\n\t<\/div>\n<\/div>\n<div class=\"form_default\">\n\t<h5>La date du mariage*\n\t<\/h5>\n\t<div class=\"trx_addons_columns_wrap\">\n\t\t<p><span class=\"trx_addons_column-1_1\"><br \/>\n<label class=\"sc_form_field sc_form_field_name sc_form_field_text\"><br \/>\n<span class=\"sc_form_field_wrap\"><br \/>\n<span class=\"wpcf7-form-control-wrap\" data-name=\"date-mar\"><input class=\"wpcf7-form-control wpcf7-date wpcf7-validates-as-required wpcf7-validates-as-date\" aria-required=\"true\" aria-invalid=\"false\" placeholder=\"Date\" value=\"\" type=\"date\" name=\"date-mar\" \/><\/span><br \/>\n<\/span><br \/>\n<\/label><br \/>\n<\/span>\n\t\t<\/p>\n\t<\/div>\n<\/div>\n<div class=\"form_default\">\n\t<h5>Le lieu du mariage*\n\t<\/h5>\n\t<div class=\"trx_addons_columns_wrap\">\n\t\t<p><span class=\"trx_addons_column-1_1\"><br \/>\n<label class=\"sc_form_field sc_form_field_name sc_form_field_text\"><br \/>\n<span class=\"sc_form_field_wrap\"><br \/>\n<span class=\"wpcf7-form-control-wrap\" data-name=\"address-1\"><input size=\"40\" maxlength=\"400\" class=\"wpcf7-form-control wpcf7-text wpcf7-validates-as-required\" aria-required=\"true\" aria-invalid=\"false\" placeholder=\"Adresse postale\" value=\"\" type=\"text\" name=\"address-1\" \/><\/span><br \/>\n<\/span><br \/>\n<\/label><br \/>\n<\/span><span class=\"trx_addons_column-1_1\"><br \/>\n<label class=\"sc_form_field sc_form_field_name sc_form_field_text\"><br \/>\n<span class=\"sc_form_field_wrap\"><br \/>\n<span class=\"wpcf7-form-control-wrap\" data-name=\"address-2\"><input size=\"40\" maxlength=\"400\" class=\"wpcf7-form-control wpcf7-text\" aria-invalid=\"false\" placeholder=\"Adresse ligne 2\" value=\"\" type=\"text\" name=\"address-2\" \/><\/span><br \/>\n<\/span><br \/>\n<\/label><br \/>\n<\/span><span class=\"trx_addons_column-1_2\"><br \/>\n<label class=\"sc_form_field sc_form_field_name sc_form_field_text\"><br \/>\n<span class=\"sc_form_field_wrap\"><br \/>\n<span class=\"wpcf7-form-control-wrap\" data-name=\"country\"><input size=\"40\" maxlength=\"400\" class=\"wpcf7-form-control wpcf7-text wpcf7-validates-as-required\" aria-required=\"true\" aria-invalid=\"false\" placeholder=\"Pays\" value=\"\" type=\"text\" name=\"country\" \/><\/span><br \/>\n<\/span><br \/>\n<\/label><br \/>\n<\/span><span class=\"trx_addons_column-1_2\"><br \/>\n<label class=\"sc_form_field sc_form_field_name sc_form_field_text\"><br \/>\n<span class=\"sc_form_field_wrap\"><br \/>\n<span class=\"wpcf7-form-control-wrap\" data-name=\"province\"><input size=\"40\" maxlength=\"400\" class=\"wpcf7-form-control wpcf7-text wpcf7-validates-as-required\" aria-required=\"true\" aria-invalid=\"false\" placeholder=\"\u00c9tat \/ Province \/ R\u00e9gion\" value=\"\" type=\"text\" name=\"province\" \/><\/span><br \/>\n<\/span><br \/>\n<\/label><br \/>\n<\/span><span class=\"trx_addons_column-1_2\"><br \/>\n<label class=\"sc_form_field sc_form_field_name sc_form_field_text\"><br \/>\n<span class=\"sc_form_field_wrap\"><br \/>\n<span class=\"wpcf7-form-control-wrap\" data-name=\"city\"><input size=\"40\" maxlength=\"400\" class=\"wpcf7-form-control wpcf7-text wpcf7-validates-as-required\" aria-required=\"true\" aria-invalid=\"false\" placeholder=\"Ville\" value=\"\" type=\"text\" name=\"city\" \/><\/span><br \/>\n<\/span><br \/>\n<\/label><br \/>\n<\/span><span class=\"trx_addons_column-1_2\"><br \/>\n<label class=\"sc_form_field sc_form_field_name sc_form_field_text\"><br \/>\n<span class=\"sc_form_field_wrap\"><br \/>\n<span class=\"wpcf7-form-control-wrap\" data-name=\"postal\"><input size=\"40\" maxlength=\"400\" class=\"wpcf7-form-control wpcf7-text wpcf7-validates-as-required\" aria-required=\"true\" aria-invalid=\"false\" placeholder=\"ZIP \/ Code postal\" value=\"\" type=\"text\" name=\"postal\" \/><\/span><br \/>\n<\/span><br \/>\n<\/label><br \/>\n<\/span>\n\t\t<\/p>\n\t<\/div>\n<\/div>\n<div class=\"form_default\">\n\t<h5>Nom du photographe\n\t<\/h5>\n\t<div class=\"trx_addons_columns_wrap\">\n\t\t<p><span class=\"trx_addons_column-1_1\"><br \/>\n<label class=\"sc_form_field sc_form_field_name sc_form_field_text\"><br \/>\n<span class=\"sc_form_field_wrap\"><br \/>\n<span class=\"wpcf7-form-control-wrap\" data-name=\"photographer\"><input size=\"40\" maxlength=\"400\" class=\"wpcf7-form-control wpcf7-text\" aria-invalid=\"false\" placeholder=\"Nom du photographe\" value=\"\" type=\"text\" name=\"photographer\" \/><\/span><br \/>\n<\/span><br \/>\n<\/label><br \/>\n<\/span>\n\t\t<\/p>\n\t<\/div>\n<\/div>\n<div class=\"form_default\">\n\t<h5>Budget art floral*\n\t<\/h5>\n\t<div class=\"trx_addons_columns_wrap\">\n\t\t<p><span class=\"trx_addons_column-1_1\"><br \/>\n<label class=\"sc_form_field sc_form_field_name sc_form_field_text\"><br \/>\n<span class=\"sc_form_field_wrap\"><br \/>\n<span class=\"wpcf7-form-control-wrap\" data-name=\"budget\"><span class=\"wpcf7-form-control wpcf7-checkbox wpcf7-validates-as-required wpcf7-exclusive-checkbox\"><span class=\"wpcf7-list-item first\"><label><input type=\"checkbox\" name=\"budget\" value=\"Entre 0 et 500 $\" \/><span class=\"wpcf7-list-item-label\">Entre 0 et 500 $<\/span><\/label><\/span><span class=\"wpcf7-list-item\"><label><input type=\"checkbox\" name=\"budget\" value=\"Entre 500 et 1500 $\" \/><span class=\"wpcf7-list-item-label\">Entre 500 et 1500 $<\/span><\/label><\/span><span class=\"wpcf7-list-item last\"><label><input type=\"checkbox\" name=\"budget\" value=\"1500 $ et plus\" \/><span class=\"wpcf7-list-item-label\">1500 $ et plus<\/span><\/label><\/span><\/span><\/span><br \/>\n<\/span><br \/>\n<\/label><br \/>\n<\/span>\n\t\t<\/p>\n\t<\/div>\n<\/div>\n<div class=\"form_default\">\n\t<h5>Inspirations\n\t<\/h5>\n\t<div class=\"trx_addons_columns_wrap\">\n\t\t<p><span class=\"trx_addons_column-1_1\"><br \/>\n<label class=\"sc_form_field sc_form_field_name sc_form_field_text\"><br \/>\n<span class=\"sc_form_field_wrap\"><br \/>\n<div id=\"mfcf7_zl_multifilecontainer\"><span class=\"mfcf7-zl-multiline-sample\" style=\"display:none\"><p class=\"wpcf7-form-control-wrap file\"><input size=\"40\" class=\"wpcf7-form-control wpcf7-multilinefile\" multiple=\"multiple\" value=\"S\u00e9lectionnez des fichiers\" aria-invalid=\"false\" type=\"file\" name=\"file[]\" \/> <span class=\"mfcf7-zl-multifile-name\"><\/span><a href=\"javascript:void(0);\" class=\"mfcf7_zl_delete_file\"><span class=\"delete-file\" aria-hidden=\"true\">&#x274C;<\/span><\/a><\/p><\/span><\/div><span class=\"wpcf7-form-control-wrap zl-form-control-wrap file\"><input size=\"40\" class=\"wpcf7-form-control wpcf7-multilinefile\" multiple=\"multiple\" value=\"S\u00e9lectionnez des fichiers\" aria-invalid=\"false\" type=\"file\" name=\"file[]\" \/> <span class=\"mfcf7-zl-multifile-name\"><\/span><a href=\"javascript:void(0);\" class=\"mfcf7_zl_delete_file\"><span class=\"delete-file\" aria-hidden=\"true\">&#x274C;<\/span><\/a><\/span><p><label><span class=\"wpcf7-form-control-wrap\" data-name=\"file-zl-mfcf7-upld-btn\"><input type=\"button\" name=\"file-zl-mfcf7-upld-btn\" class=\"button button-primary qbutton\" id=\"mfcf7_zl_add_file\" value=\"S\u00e9lectionnez des fichiers\"><\/span><\/label><\/p><br \/>\n<\/span><br \/>\n<\/label><br \/>\n<\/span>\n\t\t<\/p>\n\t<\/div>\n<\/div>\n<div class=\"form_default\">\n\t<h5>Comment avez-vous entendu parler de nous ?\n\t<\/h5>\n\t<div class=\"trx_addons_columns_wrap\">\n\t\t<p><span class=\"trx_addons_column-1_1\"><br \/>\n<label class=\"sc_form_field sc_form_field_message sc_form_field_textarea\"><br \/>\n<span class=\"sc_form_field_wrap\"><br \/>\n<span class=\"wpcf7-form-control-wrap\" data-name=\"YourMessage\"><textarea cols=\"40\" rows=\"10\" maxlength=\"2000\" class=\"wpcf7-form-control wpcf7-textarea\" aria-invalid=\"false\" name=\"YourMessage\"><\/textarea><\/span><br \/>\n<\/span><br \/>\n<\/label><br \/>\n<\/span>\n\t\t<\/p>\n\t<\/div>\n\t<div class=\"trx_addons_column-1_1 aligncenter\">\n\t\t<p><span class=\"aligncenter\"><input class=\"wpcf7-form-control wpcf7-submit has-spinner\" type=\"submit\" value=\"ENVOYER\" \/><\/span>\n\t\t<\/p>\n\t<\/div>\n<\/div><div class=\"wpcf7-response-output\" aria-hidden=\"true\"><\/div>\n<\/form>\n<\/div>\n[vc_empty_space height=&#8221;3rem&#8221; alter_height=&#8221;none&#8221; hide_on_desktop=&#8221;&#8221; hide_on_notebook=&#8221;&#8221; hide_on_tablet=&#8221;&#8221; hide_on_mobile=&#8221;&#8221;][vc_empty_space height=&#8221;3.5rem&#8221; alter_height=&#8221;none&#8221; hide_on_desktop=&#8221;&#8221; hide_on_notebook=&#8221;&#8221; hide_on_tablet=&#8221;&#8221; hide_on_mobile=&#8221;&#8221;][\/vc_column][\/vc_row]<\/p>\n","protected":false},"excerpt":{"rendered":"<p>[vc_row full_width=&#8221;stretch_row&#8221; hide_bg_image_on_tablet=&#8221;&#8221; hide_bg_image_on_mobile=&#8221;&#8221;][vc_column][vc_empty_space height=&#8221;3rem&#8221; alter_height=&#8221;none&#8221; hide_on_desktop=&#8221;&#8221; hide_on_notebook=&#8221;&#8221; hide_on_tablet=&#8221;&#8221; hide_on_mobile=&#8221;&#8221;][vc_empty_space height=&#8221;3.5rem&#8221; alter_height=&#8221;none&#8221; hide_on_desktop=&#8221;&#8221; hide_on_notebook=&#8221;&#8221; hide_on_tablet=&#8221;&#8221; hide_on_mobile=&#8221;&#8221;][\/vc_column][vc_column width=&#8221;5\/6&#8243; offset=&#8221;vc_col-lg-offset-2 vc_col-lg-8 vc_col-sm-offset-1&#8243;][vc_empty_space height=&#8221;2.6rem&#8221; alter_height=&#8221;none&#8221; hide_on_desktop=&#8221;&#8221; hide_on_notebook=&#8221;&#8221; hide_on_tablet=&#8221;&#8221; hide_on_mobile=&#8221;&#8221;][vc_empty_space height=&#8221;3rem&#8221; alter_height=&#8221;none&#8221; hide_on_desktop=&#8221;&#8221; hide_on_notebook=&#8221;&#8221; hide_on_tablet=&#8221;&#8221; hide_on_mobile=&#8221;&#8221;][vc_empty_space height=&#8221;3.5rem&#8221; alter_height=&#8221;none&#8221; hide_on_desktop=&#8221;&#8221;&hellip;<\/p>\n","protected":false},"author":1,"featured_media":6915,"parent":0,"menu_order":0,"comment_status":"closed","ping_status":"closed","template":"","meta":{"footnotes":""},"class_list":["post-2171","page","type-page","status-publish","has-post-thumbnail","hentry"],"yoast_head":"<!-- This site is optimized with the Yoast SEO plugin v26.3 - https:\/\/yoast.com\/wordpress\/plugins\/seo\/ -->\n<title>Marriage form - Fleuriste D.L Lavoie<\/title>\n<meta name=\"description\" content=\"Fleuriste D.L Lavoie, votre expert en fleurs et plantes \u00e0 Lachute depuis 45 ans, offre un service de livraison rapide. D\u00e9couvrez nos produits et services !\" \/>\n<meta name=\"robots\" content=\"index, follow, max-snippet:-1, max-image-preview:large, max-video-preview:-1\" \/>\n<link rel=\"canonical\" href=\"https:\/\/fleuristedllavoie.com\/en\/marriage-form\/\" \/>\n<meta property=\"og:locale\" content=\"en_US\" \/>\n<meta property=\"og:type\" content=\"article\" \/>\n<meta property=\"og:title\" content=\"Marriage form - Fleuriste D.L Lavoie\" \/>\n<meta property=\"og:description\" content=\"Fleuriste D.L Lavoie, votre expert en fleurs et plantes \u00e0 Lachute depuis 45 ans, offre un service de livraison rapide. D\u00e9couvrez nos produits et services !\" \/>\n<meta property=\"og:url\" content=\"https:\/\/fleuristedllavoie.com\/en\/marriage-form\/\" \/>\n<meta property=\"og:site_name\" content=\"Fleuriste D.L Lavoie\" \/>\n<meta property=\"article:modified_time\" content=\"2021-08-17T17:08:10+00:00\" \/>\n<meta property=\"og:image\" content=\"https:\/\/fleuristedllavoie.com\/wp-content\/uploads\/2021\/12\/remplacer-scaled.jpg\" \/>\n\t<meta property=\"og:image:width\" content=\"2560\" \/>\n\t<meta property=\"og:image:height\" content=\"1707\" \/>\n\t<meta property=\"og:image:type\" content=\"image\/jpeg\" \/>\n<meta name=\"twitter:card\" content=\"summary_large_image\" \/>\n<meta name=\"twitter:label1\" content=\"Est. reading time\" \/>\n\t<meta name=\"twitter:data1\" content=\"1 minute\" \/>\n<script type=\"application\/ld+json\" class=\"yoast-schema-graph\">{\"@context\":\"https:\/\/schema.org\",\"@graph\":[{\"@type\":\"WebPage\",\"@id\":\"https:\/\/fleuristedllavoie.com\/en\/marriage-form\/\",\"url\":\"https:\/\/fleuristedllavoie.com\/en\/marriage-form\/\",\"name\":\"Marriage form - Fleuriste D.L Lavoie\",\"isPartOf\":{\"@id\":\"https:\/\/fleuristedllavoie.com\/en\/#website\"},\"primaryImageOfPage\":{\"@id\":\"https:\/\/fleuristedllavoie.com\/en\/marriage-form\/#primaryimage\"},\"image\":{\"@id\":\"https:\/\/fleuristedllavoie.com\/en\/marriage-form\/#primaryimage\"},\"thumbnailUrl\":\"https:\/\/fleuristedllavoie.com\/wp-content\/uploads\/2021\/12\/remplacer-scaled.jpg\",\"datePublished\":\"2021-08-04T17:28:24+00:00\",\"dateModified\":\"2021-08-17T17:08:10+00:00\",\"description\":\"Fleuriste D.L Lavoie, votre expert en fleurs et plantes \u00e0 Lachute depuis 45 ans, offre un service de livraison rapide. D\u00e9couvrez nos produits et services !\",\"breadcrumb\":{\"@id\":\"https:\/\/fleuristedllavoie.com\/en\/marriage-form\/#breadcrumb\"},\"inLanguage\":\"en-US\",\"potentialAction\":[{\"@type\":\"ReadAction\",\"target\":[\"https:\/\/fleuristedllavoie.com\/en\/marriage-form\/\"]}]},{\"@type\":\"ImageObject\",\"inLanguage\":\"en-US\",\"@id\":\"https:\/\/fleuristedllavoie.com\/en\/marriage-form\/#primaryimage\",\"url\":\"https:\/\/fleuristedllavoie.com\/wp-content\/uploads\/2021\/12\/remplacer-scaled.jpg\",\"contentUrl\":\"https:\/\/fleuristedllavoie.com\/wp-content\/uploads\/2021\/12\/remplacer-scaled.jpg\",\"width\":2560,\"height\":1707},{\"@type\":\"BreadcrumbList\",\"@id\":\"https:\/\/fleuristedllavoie.com\/en\/marriage-form\/#breadcrumb\",\"itemListElement\":[{\"@type\":\"ListItem\",\"position\":1,\"name\":\"Home\",\"item\":\"https:\/\/fleuristedllavoie.com\/en\/home-1\/\"},{\"@type\":\"ListItem\",\"position\":2,\"name\":\"Marriage form\"}]},{\"@type\":\"WebSite\",\"@id\":\"https:\/\/fleuristedllavoie.com\/en\/#website\",\"url\":\"https:\/\/fleuristedllavoie.com\/en\/\",\"name\":\"Fleuriste D.L Lavoie\",\"description\":\"Livraison de fleurs \u00e0 Lachute\",\"publisher\":{\"@id\":\"https:\/\/fleuristedllavoie.com\/en\/#organization\"},\"potentialAction\":[{\"@type\":\"SearchAction\",\"target\":{\"@type\":\"EntryPoint\",\"urlTemplate\":\"https:\/\/fleuristedllavoie.com\/en\/?s={search_term_string}\"},\"query-input\":{\"@type\":\"PropertyValueSpecification\",\"valueRequired\":true,\"valueName\":\"search_term_string\"}}],\"inLanguage\":\"en-US\"},{\"@type\":\"Organization\",\"@id\":\"https:\/\/fleuristedllavoie.com\/en\/#organization\",\"name\":\"Fleuriste D.L Lavoie\",\"url\":\"https:\/\/fleuristedllavoie.com\/en\/\",\"logo\":{\"@type\":\"ImageObject\",\"inLanguage\":\"en-US\",\"@id\":\"https:\/\/fleuristedllavoie.com\/en\/#\/schema\/logo\/image\/\",\"url\":\"https:\/\/fleuristedllavoie.com\/wp-content\/uploads\/2021\/08\/Last-Logo-300.png\",\"contentUrl\":\"https:\/\/fleuristedllavoie.com\/wp-content\/uploads\/2021\/08\/Last-Logo-300.png\",\"width\":300,\"height\":209,\"caption\":\"Fleuriste D.L Lavoie\"},\"image\":{\"@id\":\"https:\/\/fleuristedllavoie.com\/en\/#\/schema\/logo\/image\/\"}}]}<\/script>\n<!-- \/ Yoast SEO plugin. -->","yoast_head_json":{"title":"Marriage form - Fleuriste D.L Lavoie","description":"Fleuriste D.L Lavoie, votre expert en fleurs et plantes \u00e0 Lachute depuis 45 ans, offre un service de livraison rapide. D\u00e9couvrez nos produits et services !","robots":{"index":"index","follow":"follow","max-snippet":"max-snippet:-1","max-image-preview":"max-image-preview:large","max-video-preview":"max-video-preview:-1"},"canonical":"https:\/\/fleuristedllavoie.com\/en\/marriage-form\/","og_locale":"en_US","og_type":"article","og_title":"Marriage form - Fleuriste D.L Lavoie","og_description":"Fleuriste D.L Lavoie, votre expert en fleurs et plantes \u00e0 Lachute depuis 45 ans, offre un service de livraison rapide. D\u00e9couvrez nos produits et services !","og_url":"https:\/\/fleuristedllavoie.com\/en\/marriage-form\/","og_site_name":"Fleuriste D.L Lavoie","article_modified_time":"2021-08-17T17:08:10+00:00","og_image":[{"width":2560,"height":1707,"url":"https:\/\/fleuristedllavoie.com\/wp-content\/uploads\/2021\/12\/remplacer-scaled.jpg","type":"image\/jpeg"}],"twitter_card":"summary_large_image","twitter_misc":{"Est. reading time":"1 minute"},"schema":{"@context":"https:\/\/schema.org","@graph":[{"@type":"WebPage","@id":"https:\/\/fleuristedllavoie.com\/en\/marriage-form\/","url":"https:\/\/fleuristedllavoie.com\/en\/marriage-form\/","name":"Marriage form - Fleuriste D.L Lavoie","isPartOf":{"@id":"https:\/\/fleuristedllavoie.com\/en\/#website"},"primaryImageOfPage":{"@id":"https:\/\/fleuristedllavoie.com\/en\/marriage-form\/#primaryimage"},"image":{"@id":"https:\/\/fleuristedllavoie.com\/en\/marriage-form\/#primaryimage"},"thumbnailUrl":"https:\/\/fleuristedllavoie.com\/wp-content\/uploads\/2021\/12\/remplacer-scaled.jpg","datePublished":"2021-08-04T17:28:24+00:00","dateModified":"2021-08-17T17:08:10+00:00","description":"Fleuriste D.L Lavoie, votre expert en fleurs et plantes \u00e0 Lachute depuis 45 ans, offre un service de livraison rapide. D\u00e9couvrez nos produits et services !","breadcrumb":{"@id":"https:\/\/fleuristedllavoie.com\/en\/marriage-form\/#breadcrumb"},"inLanguage":"en-US","potentialAction":[{"@type":"ReadAction","target":["https:\/\/fleuristedllavoie.com\/en\/marriage-form\/"]}]},{"@type":"ImageObject","inLanguage":"en-US","@id":"https:\/\/fleuristedllavoie.com\/en\/marriage-form\/#primaryimage","url":"https:\/\/fleuristedllavoie.com\/wp-content\/uploads\/2021\/12\/remplacer-scaled.jpg","contentUrl":"https:\/\/fleuristedllavoie.com\/wp-content\/uploads\/2021\/12\/remplacer-scaled.jpg","width":2560,"height":1707},{"@type":"BreadcrumbList","@id":"https:\/\/fleuristedllavoie.com\/en\/marriage-form\/#breadcrumb","itemListElement":[{"@type":"ListItem","position":1,"name":"Home","item":"https:\/\/fleuristedllavoie.com\/en\/home-1\/"},{"@type":"ListItem","position":2,"name":"Marriage form"}]},{"@type":"WebSite","@id":"https:\/\/fleuristedllavoie.com\/en\/#website","url":"https:\/\/fleuristedllavoie.com\/en\/","name":"Fleuriste D.L Lavoie","description":"Livraison de fleurs \u00e0 Lachute","publisher":{"@id":"https:\/\/fleuristedllavoie.com\/en\/#organization"},"potentialAction":[{"@type":"SearchAction","target":{"@type":"EntryPoint","urlTemplate":"https:\/\/fleuristedllavoie.com\/en\/?s={search_term_string}"},"query-input":{"@type":"PropertyValueSpecification","valueRequired":true,"valueName":"search_term_string"}}],"inLanguage":"en-US"},{"@type":"Organization","@id":"https:\/\/fleuristedllavoie.com\/en\/#organization","name":"Fleuriste D.L Lavoie","url":"https:\/\/fleuristedllavoie.com\/en\/","logo":{"@type":"ImageObject","inLanguage":"en-US","@id":"https:\/\/fleuristedllavoie.com\/en\/#\/schema\/logo\/image\/","url":"https:\/\/fleuristedllavoie.com\/wp-content\/uploads\/2021\/08\/Last-Logo-300.png","contentUrl":"https:\/\/fleuristedllavoie.com\/wp-content\/uploads\/2021\/08\/Last-Logo-300.png","width":300,"height":209,"caption":"Fleuriste D.L Lavoie"},"image":{"@id":"https:\/\/fleuristedllavoie.com\/en\/#\/schema\/logo\/image\/"}}]}},"jetpack_sharing_enabled":true,"_links":{"self":[{"href":"https:\/\/fleuristedllavoie.com\/en\/wp-json\/wp\/v2\/pages\/2171","targetHints":{"allow":["GET"]}}],"collection":[{"href":"https:\/\/fleuristedllavoie.com\/en\/wp-json\/wp\/v2\/pages"}],"about":[{"href":"https:\/\/fleuristedllavoie.com\/en\/wp-json\/wp\/v2\/types\/page"}],"author":[{"embeddable":true,"href":"https:\/\/fleuristedllavoie.com\/en\/wp-json\/wp\/v2\/users\/1"}],"replies":[{"embeddable":true,"href":"https:\/\/fleuristedllavoie.com\/en\/wp-json\/wp\/v2\/comments?post=2171"}],"version-history":[{"count":0,"href":"https:\/\/fleuristedllavoie.com\/en\/wp-json\/wp\/v2\/pages\/2171\/revisions"}],"wp:featuredmedia":[{"embeddable":true,"href":"https:\/\/fleuristedllavoie.com\/en\/wp-json\/wp\/v2\/media\/6915"}],"wp:attachment":[{"href":"https:\/\/fleuristedllavoie.com\/en\/wp-json\/wp\/v2\/media?parent=2171"}],"curies":[{"name":"wp","href":"https:\/\/api.w.org\/{rel}","templated":true}]}}