{"id":2160,"date":"2018-12-28T08:46:45","date_gmt":"2018-12-28T08:46:45","guid":{"rendered":"https:\/\/website.econnectcity.ca\/privacy-policy\/"},"modified":"2021-08-06T15:01:43","modified_gmt":"2021-08-06T13:01:43","slug":"terms-and-conditions","status":"publish","type":"page","link":"https:\/\/fleuristedllavoie.com\/en\/terms-and-conditions\/","title":{"rendered":"Terms and conditions"},"content":{"rendered":"<p>[vc_row hide_bg_image_on_tablet=&#8221;&#8221; hide_bg_image_on_mobile=&#8221;&#8221; css=&#8221;.vc_custom_1527690588959{background-color: #f7f8f9 !important;}&#8221;][vc_column icons_position=&#8221;left&#8221;][vc_empty_space height=&#8221;4em&#8221; alter_height=&#8221;none&#8221; hide_on_desktop=&#8221;&#8221; hide_on_notebook=&#8221;&#8221; hide_on_tablet=&#8221;&#8221; hide_on_mobile=&#8221;&#8221;]<div id=\"sc_content_653348624\"\n\t\tclass=\"sc_content color_style_default sc_content_default sc_float_center p70\"><div class=\"sc_content_container\">[vc_column_text]<\/p>\n<h5>Termes et conditions<\/h5>\n<p><span style=\"font-weight: 400;\">\u00a0Notez que la disponibilit\u00e9 des fleurs varie toujours selon les saisons et de l&#8217;inventaire chez nos fournisseurs. C&#8217;est une situation qui est hors de notre contr\u00f4le. Nous travaillons tr\u00e8s fort afin de respecter le style et les couleurs de l&#8217;arrangement que vous avez choisi. Les photos sont des exemples de ce que nous avions cr\u00e9\u00e9 au moment de la confection. Selon les couleurs que vous allez choisir, nous nous r\u00e9servons le droit de choisir les fleurs que nous avons de disponible. Veuillez communiquer avec nous si vous avez des demandes sp\u00e9ciales \u00e0 nous partager par t\u00e9l\u00e9phone le plus t\u00f4t possible et pour toutes autres informations.<\/span><\/p>\n<p><span style=\"font-weight: 400;\"><br \/>\nLivrer des fleurs est une mission que nous sommes honor\u00e9s de r\u00e9aliser pour vous. Un service professionnel, courtois et efficace vous attend chez nous. Nos livreurs portent une tr\u00e8s grande attention aux fleurs contre les chocs thermiques et dans leurs manipulations. Les fleurs sont livr\u00e9es en mains propres permettant de garantir un produit de qualit\u00e9.<\/span><\/p>\n<p><span style=\"font-weight: 400;\"><br \/>\nNous sommes oblig\u00e9s de t\u00e9l\u00e9phoner avant d\u2019effectuer une livraison. Pour la simple raison que souvent par le pass\u00e9, nos livreurs se sont retrouv\u00e9s \u00e0 une porte sans r\u00e9ponse. Parfois, il se peut que la personne qui re\u00e7oit ne soit pas \u00e0 son domicile ou bien qu\u2019elle ne veuille pas se faire d\u00e9ranger si elle n\u2019attend personne chez elle, qu\u2019elle soit sous la douche ou partie faire une commission. Aussi, par soucis de qualit\u00e9 et de professionnalisme, il nous est impossible de laisser le bouquet ou l\u2019arrangement \u00e0 la porte pour \u00e9viter les risques de gel, de chaleur, de bris ou de vol.\u2026 sauf sur demande sp\u00e9ciale de votre part. Dans ce cas, nous ne sommes pas responsables s\u2019il arrive quoi que ce soit.<\/span><\/p>\n<p><span style=\"font-weight: 400;\"><br \/>\nQuand nous t\u00e9l\u00e9phonons, la personne qui re\u00e7oit est tr\u00e8s contente de l&#8217;appel et nous exprime d\u00e9j\u00e0 sa joie de recevoir ce que vous lui envoy\u00e9 sans mentionner de qui \u00e7a vient et le contenu.<br \/>\n<\/span>[\/vc_column_text]<\/div><\/div><!-- \/.sc_content -->[vc_empty_space height=&#8221;4em&#8221; alter_height=&#8221;none&#8221; hide_on_desktop=&#8221;&#8221; hide_on_notebook=&#8221;&#8221; hide_on_tablet=&#8221;&#8221; hide_on_mobile=&#8221;&#8221;][\/vc_column][\/vc_row]<\/p>\n","protected":false},"excerpt":{"rendered":"<p>[vc_row hide_bg_image_on_tablet=&#8221;&#8221; hide_bg_image_on_mobile=&#8221;&#8221; css=&#8221;.vc_custom_1527690588959{background-color: #f7f8f9 !important;}&#8221;][vc_column icons_position=&#8221;left&#8221;][vc_empty_space height=&#8221;4em&#8221; alter_height=&#8221;none&#8221; hide_on_desktop=&#8221;&#8221; hide_on_notebook=&#8221;&#8221; hide_on_tablet=&#8221;&#8221; hide_on_mobile=&#8221;&#8221;][vc_empty_space height=&#8221;4em&#8221; alter_height=&#8221;none&#8221; hide_on_desktop=&#8221;&#8221; hide_on_notebook=&#8221;&#8221; hide_on_tablet=&#8221;&#8221; hide_on_mobile=&#8221;&#8221;][\/vc_column][\/vc_row]<\/p>\n","protected":false},"author":1,"featured_media":0,"parent":0,"menu_order":0,"comment_status":"closed","ping_status":"closed","template":"","meta":{"footnotes":""},"class_list":["post-2160","page","type-page","status-publish","hentry"],"yoast_head":"<!-- This site is optimized with the Yoast SEO plugin v26.3 - https:\/\/yoast.com\/wordpress\/plugins\/seo\/ -->\n<title>Terms and conditions - Fleuriste D.L Lavoie<\/title>\n<meta name=\"description\" content=\"Fleuriste D.L Lavoie, votre expert en fleurs et plantes \u00e0 Lachute depuis 45 ans, offre un service de livraison rapide. D\u00e9couvrez nos produits et services !\" \/>\n<meta name=\"robots\" content=\"index, follow, max-snippet:-1, max-image-preview:large, max-video-preview:-1\" \/>\n<link rel=\"canonical\" href=\"https:\/\/fleuristedllavoie.com\/en\/terms-and-conditions\/\" \/>\n<meta property=\"og:locale\" content=\"en_US\" \/>\n<meta property=\"og:type\" content=\"article\" \/>\n<meta property=\"og:title\" content=\"Terms and conditions - Fleuriste D.L Lavoie\" \/>\n<meta property=\"og:description\" content=\"Fleuriste D.L Lavoie, votre expert en fleurs et plantes \u00e0 Lachute depuis 45 ans, offre un service de livraison rapide. D\u00e9couvrez nos produits et services !\" \/>\n<meta property=\"og:url\" content=\"https:\/\/fleuristedllavoie.com\/en\/terms-and-conditions\/\" \/>\n<meta property=\"og:site_name\" content=\"Fleuriste D.L Lavoie\" \/>\n<meta property=\"article:modified_time\" content=\"2021-08-06T13:01:43+00:00\" \/>\n<meta property=\"og:image\" content=\"https:\/\/fleuristedllavoie.com\/wp-content\/uploads\/2021\/08\/Last-Logo-300.png\" \/>\n\t<meta property=\"og:image:width\" content=\"300\" \/>\n\t<meta property=\"og:image:height\" content=\"209\" \/>\n\t<meta property=\"og:image:type\" content=\"image\/png\" \/>\n<meta name=\"twitter:card\" content=\"summary_large_image\" \/>\n<meta name=\"twitter:label1\" content=\"Est. reading time\" \/>\n\t<meta name=\"twitter:data1\" content=\"2 minutes\" \/>\n<script type=\"application\/ld+json\" class=\"yoast-schema-graph\">{\"@context\":\"https:\/\/schema.org\",\"@graph\":[{\"@type\":\"WebPage\",\"@id\":\"https:\/\/fleuristedllavoie.com\/en\/terms-and-conditions\/\",\"url\":\"https:\/\/fleuristedllavoie.com\/en\/terms-and-conditions\/\",\"name\":\"Terms and conditions - Fleuriste D.L Lavoie\",\"isPartOf\":{\"@id\":\"https:\/\/fleuristedllavoie.com\/en\/#website\"},\"datePublished\":\"2018-12-28T08:46:45+00:00\",\"dateModified\":\"2021-08-06T13:01:43+00:00\",\"description\":\"Fleuriste D.L Lavoie, votre expert en fleurs et plantes \u00e0 Lachute depuis 45 ans, offre un service de livraison rapide. D\u00e9couvrez nos produits et services !\",\"breadcrumb\":{\"@id\":\"https:\/\/fleuristedllavoie.com\/en\/terms-and-conditions\/#breadcrumb\"},\"inLanguage\":\"en-US\",\"potentialAction\":[{\"@type\":\"ReadAction\",\"target\":[\"https:\/\/fleuristedllavoie.com\/en\/terms-and-conditions\/\"]}]},{\"@type\":\"BreadcrumbList\",\"@id\":\"https:\/\/fleuristedllavoie.com\/en\/terms-and-conditions\/#breadcrumb\",\"itemListElement\":[{\"@type\":\"ListItem\",\"position\":1,\"name\":\"Home\",\"item\":\"https:\/\/fleuristedllavoie.com\/en\/home-1\/\"},{\"@type\":\"ListItem\",\"position\":2,\"name\":\"Terms and conditions\"}]},{\"@type\":\"WebSite\",\"@id\":\"https:\/\/fleuristedllavoie.com\/en\/#website\",\"url\":\"https:\/\/fleuristedllavoie.com\/en\/\",\"name\":\"Fleuriste D.L Lavoie\",\"description\":\"Livraison de fleurs \u00e0 Lachute\",\"publisher\":{\"@id\":\"https:\/\/fleuristedllavoie.com\/en\/#organization\"},\"potentialAction\":[{\"@type\":\"SearchAction\",\"target\":{\"@type\":\"EntryPoint\",\"urlTemplate\":\"https:\/\/fleuristedllavoie.com\/en\/?s={search_term_string}\"},\"query-input\":{\"@type\":\"PropertyValueSpecification\",\"valueRequired\":true,\"valueName\":\"search_term_string\"}}],\"inLanguage\":\"en-US\"},{\"@type\":\"Organization\",\"@id\":\"https:\/\/fleuristedllavoie.com\/en\/#organization\",\"name\":\"Fleuriste D.L Lavoie\",\"url\":\"https:\/\/fleuristedllavoie.com\/en\/\",\"logo\":{\"@type\":\"ImageObject\",\"inLanguage\":\"en-US\",\"@id\":\"https:\/\/fleuristedllavoie.com\/en\/#\/schema\/logo\/image\/\",\"url\":\"https:\/\/fleuristedllavoie.com\/wp-content\/uploads\/2021\/08\/Last-Logo-300.png\",\"contentUrl\":\"https:\/\/fleuristedllavoie.com\/wp-content\/uploads\/2021\/08\/Last-Logo-300.png\",\"width\":300,\"height\":209,\"caption\":\"Fleuriste D.L Lavoie\"},\"image\":{\"@id\":\"https:\/\/fleuristedllavoie.com\/en\/#\/schema\/logo\/image\/\"}}]}<\/script>\n<!-- \/ Yoast SEO plugin. -->","yoast_head_json":{"title":"Terms and conditions - Fleuriste D.L Lavoie","description":"Fleuriste D.L Lavoie, votre expert en fleurs et plantes \u00e0 Lachute depuis 45 ans, offre un service de livraison rapide. D\u00e9couvrez nos produits et services !","robots":{"index":"index","follow":"follow","max-snippet":"max-snippet:-1","max-image-preview":"max-image-preview:large","max-video-preview":"max-video-preview:-1"},"canonical":"https:\/\/fleuristedllavoie.com\/en\/terms-and-conditions\/","og_locale":"en_US","og_type":"article","og_title":"Terms and conditions - Fleuriste D.L Lavoie","og_description":"Fleuriste D.L Lavoie, votre expert en fleurs et plantes \u00e0 Lachute depuis 45 ans, offre un service de livraison rapide. D\u00e9couvrez nos produits et services !","og_url":"https:\/\/fleuristedllavoie.com\/en\/terms-and-conditions\/","og_site_name":"Fleuriste D.L Lavoie","article_modified_time":"2021-08-06T13:01:43+00:00","og_image":[{"width":300,"height":209,"url":"https:\/\/fleuristedllavoie.com\/wp-content\/uploads\/2021\/08\/Last-Logo-300.png","type":"image\/png"}],"twitter_card":"summary_large_image","twitter_misc":{"Est. reading time":"2 minutes"},"schema":{"@context":"https:\/\/schema.org","@graph":[{"@type":"WebPage","@id":"https:\/\/fleuristedllavoie.com\/en\/terms-and-conditions\/","url":"https:\/\/fleuristedllavoie.com\/en\/terms-and-conditions\/","name":"Terms and conditions - Fleuriste D.L Lavoie","isPartOf":{"@id":"https:\/\/fleuristedllavoie.com\/en\/#website"},"datePublished":"2018-12-28T08:46:45+00:00","dateModified":"2021-08-06T13:01:43+00:00","description":"Fleuriste D.L Lavoie, votre expert en fleurs et plantes \u00e0 Lachute depuis 45 ans, offre un service de livraison rapide. D\u00e9couvrez nos produits et services !","breadcrumb":{"@id":"https:\/\/fleuristedllavoie.com\/en\/terms-and-conditions\/#breadcrumb"},"inLanguage":"en-US","potentialAction":[{"@type":"ReadAction","target":["https:\/\/fleuristedllavoie.com\/en\/terms-and-conditions\/"]}]},{"@type":"BreadcrumbList","@id":"https:\/\/fleuristedllavoie.com\/en\/terms-and-conditions\/#breadcrumb","itemListElement":[{"@type":"ListItem","position":1,"name":"Home","item":"https:\/\/fleuristedllavoie.com\/en\/home-1\/"},{"@type":"ListItem","position":2,"name":"Terms and conditions"}]},{"@type":"WebSite","@id":"https:\/\/fleuristedllavoie.com\/en\/#website","url":"https:\/\/fleuristedllavoie.com\/en\/","name":"Fleuriste D.L Lavoie","description":"Livraison de fleurs \u00e0 Lachute","publisher":{"@id":"https:\/\/fleuristedllavoie.com\/en\/#organization"},"potentialAction":[{"@type":"SearchAction","target":{"@type":"EntryPoint","urlTemplate":"https:\/\/fleuristedllavoie.com\/en\/?s={search_term_string}"},"query-input":{"@type":"PropertyValueSpecification","valueRequired":true,"valueName":"search_term_string"}}],"inLanguage":"en-US"},{"@type":"Organization","@id":"https:\/\/fleuristedllavoie.com\/en\/#organization","name":"Fleuriste D.L Lavoie","url":"https:\/\/fleuristedllavoie.com\/en\/","logo":{"@type":"ImageObject","inLanguage":"en-US","@id":"https:\/\/fleuristedllavoie.com\/en\/#\/schema\/logo\/image\/","url":"https:\/\/fleuristedllavoie.com\/wp-content\/uploads\/2021\/08\/Last-Logo-300.png","contentUrl":"https:\/\/fleuristedllavoie.com\/wp-content\/uploads\/2021\/08\/Last-Logo-300.png","width":300,"height":209,"caption":"Fleuriste D.L Lavoie"},"image":{"@id":"https:\/\/fleuristedllavoie.com\/en\/#\/schema\/logo\/image\/"}}]}},"jetpack_sharing_enabled":true,"_links":{"self":[{"href":"https:\/\/fleuristedllavoie.com\/en\/wp-json\/wp\/v2\/pages\/2160","targetHints":{"allow":["GET"]}}],"collection":[{"href":"https:\/\/fleuristedllavoie.com\/en\/wp-json\/wp\/v2\/pages"}],"about":[{"href":"https:\/\/fleuristedllavoie.com\/en\/wp-json\/wp\/v2\/types\/page"}],"author":[{"embeddable":true,"href":"https:\/\/fleuristedllavoie.com\/en\/wp-json\/wp\/v2\/users\/1"}],"replies":[{"embeddable":true,"href":"https:\/\/fleuristedllavoie.com\/en\/wp-json\/wp\/v2\/comments?post=2160"}],"version-history":[{"count":0,"href":"https:\/\/fleuristedllavoie.com\/en\/wp-json\/wp\/v2\/pages\/2160\/revisions"}],"wp:attachment":[{"href":"https:\/\/fleuristedllavoie.com\/en\/wp-json\/wp\/v2\/media?parent=2160"}],"curies":[{"name":"wp","href":"https:\/\/api.w.org\/{rel}","templated":true}]}}