{"id":2119,"date":"2017-10-30T12:59:57","date_gmt":"2017-10-30T12:59:57","guid":{"rendered":"https:\/\/website.econnectcity.ca\/testimonials\/"},"modified":"2021-08-05T20:15:15","modified_gmt":"2021-08-05T18:15:15","slug":"testimonials","status":"publish","type":"page","link":"https:\/\/fleuristedllavoie.com\/en\/testimonials\/","title":{"rendered":"Testimonials"},"content":{"rendered":"<p>[vc_row][vc_column][vc_empty_space height=&#8221;3rem&#8221; alter_height=&#8221;none&#8221; hide_on_desktop=&#8221;&#8221; hide_on_notebook=&#8221;&#8221; hide_on_tablet=&#8221;&#8221; hide_on_mobile=&#8221;&#8221;][vc_empty_space height=&#8221;3.75rem&#8221; alter_height=&#8221;none&#8221; hide_on_desktop=&#8221;&#8221; hide_on_notebook=&#8221;&#8221; hide_on_tablet=&#8221;&#8221; hide_on_mobile=&#8221;&#8221;][\/vc_column][\/vc_row][vc_row][vc_column]<div id=\"sc_title_1579543884\"\n\t\tclass=\"sc_title color_style_link3 sc_title_default\"><div class=\"sc_item_icon sc_title_icon sc_align_center \">\n\t\t<span class=\"icon-balloons\"><\/span>\n\t<\/div><h3 class=\"sc_item_title sc_title_title sc_align_center sc_item_title_style_default\">Nos clients sont satisfaits<\/h3><\/div><!-- \/.sc_title -->[vc_empty_space height=&#8221;3rem&#8221; alter_height=&#8221;none&#8221; hide_on_desktop=&#8221;&#8221; hide_on_notebook=&#8221;&#8221; hide_on_tablet=&#8221;&#8221; hide_on_mobile=&#8221;&#8221;][\/vc_column][\/vc_row][vc_row hide_bg_image_on_tablet=&#8221;&#8221; hide_bg_image_on_mobile=&#8221;&#8221; css=&#8221;.vc_custom_1509368358346{background-color: #ffffff !important;}&#8221;][vc_column][vc_empty_space height=&#8221;3.55rem&#8221; alter_height=&#8221;none&#8221; hide_on_desktop=&#8221;&#8221; hide_on_notebook=&#8221;&#8221; hide_on_tablet=&#8221;&#8221; hide_on_mobile=&#8221;&#8221;][vc_row_inner][vc_column_inner width=&#8221;5\/6&#8243; offset=&#8221;vc_col-lg-offset-3 vc_col-lg-6 vc_col-md-offset-2 vc_col-md-8 vc_col-sm-offset-1&#8243;]<div class=\"sc_testimonials color_style_default sc_testimonials_simple\"><div class=\"sc_testimonials_content sc_item_content\"><div class=\"sc_testimonials_item\">\n\t<div class=\"sc_testimonials_item_content\"><p>Les propri\u00e9taires sont tr\u00e8s chaleureux et leur service est impeccable. En plus de leur grande vari\u00e9t\u00e9 de fleurs, ils ont un bel assortiment de cadeau en tout genre pour toute occasion. Une belle entreprise pour la r\u00e9gion de Lachute. Merci \u00e0 Chlo\u00e9 et Jonathan!<\/p>\n<\/div>\n\t<div class=\"sc_testimonials_item_author\">\n\t\t<div class=\"sc_testimonials_item_author_data\">\n\t\t\t<h4 class=\"sc_testimonials_item_author_title\">Cybel Castonguay Drouin<\/h4>\n\t\t\t<div class=\"sc_testimonials_item_author_subtitle\"><\/div>\n\t\t<\/div>\n\t<\/div>\n<\/div>\n<\/div><\/div><!-- \/.sc_testimonials -->[\/vc_column_inner][\/vc_row_inner][vc_empty_space height=&#8221;3rem&#8221; alter_height=&#8221;none&#8221; hide_on_desktop=&#8221;&#8221; hide_on_notebook=&#8221;&#8221; hide_on_tablet=&#8221;&#8221; hide_on_mobile=&#8221;&#8221;][\/vc_column][\/vc_row][vc_row][vc_column][vc_empty_space height=&#8221;0.667rem&#8221; alter_height=&#8221;none&#8221; hide_on_desktop=&#8221;&#8221; hide_on_notebook=&#8221;&#8221; hide_on_tablet=&#8221;&#8221; hide_on_mobile=&#8221;&#8221;][\/vc_column][\/vc_row][vc_row hide_bg_image_on_tablet=&#8221;&#8221; hide_bg_image_on_mobile=&#8221;&#8221; css=&#8221;.vc_custom_1509368364458{background-color: #ffffff !important;}&#8221;][vc_column][vc_empty_space height=&#8221;3.55rem&#8221; alter_height=&#8221;none&#8221; hide_on_desktop=&#8221;&#8221; hide_on_notebook=&#8221;&#8221; hide_on_tablet=&#8221;&#8221; hide_on_mobile=&#8221;&#8221;][vc_row_inner][vc_column_inner width=&#8221;5\/6&#8243; offset=&#8221;vc_col-lg-offset-3 vc_col-lg-6 vc_col-md-offset-2 vc_col-md-8 vc_col-sm-offset-1&#8243;]<div class=\"sc_testimonials color_style_default sc_testimonials_simple\"><div class=\"sc_testimonials_content sc_item_content\"><div class=\"sc_testimonials_item\">\n\t<div class=\"sc_testimonials_item_content\"><p>Un fleuriste \u00e0 l&#8217;\u00e9coute de sa client\u00e8le pour un service personnalis\u00e9 et professionnalisme.<br \/>\nJe recommande ce fleuriste \u00e0 tout les gens de mon entourage et \u00e0 m\u00eame ceux que je connais pas pour l&#8217;instant.<\/p>\n<\/div>\n\t<div class=\"sc_testimonials_item_author\">\n\t\t<div class=\"sc_testimonials_item_author_data\">\n\t\t\t<h4 class=\"sc_testimonials_item_author_title\">Luc Dub\u00e9<\/h4>\n\t\t\t<div class=\"sc_testimonials_item_author_subtitle\"><\/div>\n\t\t<\/div>\n\t<\/div>\n<\/div>\n<\/div><\/div><!-- \/.sc_testimonials -->[\/vc_column_inner][\/vc_row_inner][vc_empty_space height=&#8221;3rem&#8221; alter_height=&#8221;none&#8221; hide_on_desktop=&#8221;&#8221; hide_on_notebook=&#8221;&#8221; hide_on_tablet=&#8221;&#8221; hide_on_mobile=&#8221;&#8221;][\/vc_column][\/vc_row][vc_row][vc_column][vc_empty_space height=&#8221;0.667rem&#8221; alter_height=&#8221;none&#8221; hide_on_desktop=&#8221;&#8221; hide_on_notebook=&#8221;&#8221; hide_on_tablet=&#8221;&#8221; hide_on_mobile=&#8221;&#8221;][\/vc_column][\/vc_row][vc_row hide_bg_image_on_tablet=&#8221;&#8221; hide_bg_image_on_mobile=&#8221;&#8221; css=&#8221;.vc_custom_1509368371474{background-color: #ffffff !important;}&#8221;][vc_column][vc_empty_space height=&#8221;3.55rem&#8221; alter_height=&#8221;none&#8221; hide_on_desktop=&#8221;&#8221; hide_on_notebook=&#8221;&#8221; hide_on_tablet=&#8221;&#8221; hide_on_mobile=&#8221;&#8221;][vc_row_inner][vc_column_inner width=&#8221;5\/6&#8243; offset=&#8221;vc_col-lg-offset-3 vc_col-lg-6 vc_col-md-offset-2 vc_col-md-8 vc_col-sm-offset-1&#8243;]<div class=\"sc_testimonials color_style_default sc_testimonials_simple\"><div class=\"sc_testimonials_content sc_item_content\"><div class=\"sc_testimonials_item\">\n\t<div class=\"sc_testimonials_item_content\"><p>Je suis pass\u00e9 en magasin dimanche matin pour la f\u00eate des m\u00e8res chercher mon bouquet que j\u2019ai fait pr\u00e9parer \u00e0 l\u2019avance. Ils sont super bien organis\u00e9s, \u00e7a allait vite et on \u00e9taient tous servis par du personnel souriant. L\u2019ambiance \u00e9tait super. Vous \u00eates super efficace et tous tr\u00e8s sympathique et surtout patients. Bravo \u00e0 vous tous. Mon bouquet \u00e9tait tel que je l\u2019ai demand\u00e9, m\u00eame encore plus beau. Je suis toujours fi\u00e8re de vous encourager et d\u2019offrir vos bouquets \u00e0 mes proches quand l\u2019occasion se pr\u00e9sente. Merci et l\u00e2chez pas ! Les bons clients reconnaissent votre beau travail. \ud83c\udf37<\/p>\n<\/div>\n\t<div class=\"sc_testimonials_item_author\">\n\t\t<div class=\"sc_testimonials_item_author_data\">\n\t\t\t<h4 class=\"sc_testimonials_item_author_title\">C\u00e9leste L\u00e9tourneau<\/h4>\n\t\t\t<div class=\"sc_testimonials_item_author_subtitle\"><\/div>\n\t\t<\/div>\n\t<\/div>\n<\/div>\n<\/div><\/div><!-- \/.sc_testimonials -->[\/vc_column_inner][\/vc_row_inner][vc_empty_space height=&#8221;3rem&#8221; alter_height=&#8221;none&#8221; hide_on_desktop=&#8221;&#8221; hide_on_notebook=&#8221;&#8221; hide_on_tablet=&#8221;&#8221; hide_on_mobile=&#8221;&#8221;][\/vc_column][\/vc_row][vc_row][vc_column][vc_empty_space height=&#8221;3rem&#8221; alter_height=&#8221;none&#8221; hide_on_desktop=&#8221;&#8221; hide_on_notebook=&#8221;&#8221; hide_on_tablet=&#8221;&#8221; hide_on_mobile=&#8221;&#8221;][vc_empty_space height=&#8221;3.75rem&#8221; alter_height=&#8221;none&#8221; hide_on_desktop=&#8221;&#8221; hide_on_notebook=&#8221;&#8221; hide_on_tablet=&#8221;&#8221; hide_on_mobile=&#8221;&#8221;][\/vc_column][\/vc_row]<\/p>\n","protected":false},"excerpt":{"rendered":"<p>[vc_row][vc_column][vc_empty_space height=&#8221;3rem&#8221; alter_height=&#8221;none&#8221; hide_on_desktop=&#8221;&#8221; hide_on_notebook=&#8221;&#8221; hide_on_tablet=&#8221;&#8221; hide_on_mobile=&#8221;&#8221;][vc_empty_space height=&#8221;3.75rem&#8221; alter_height=&#8221;none&#8221; hide_on_desktop=&#8221;&#8221; hide_on_notebook=&#8221;&#8221; hide_on_tablet=&#8221;&#8221; hide_on_mobile=&#8221;&#8221;][\/vc_column][\/vc_row][vc_row][vc_column][vc_empty_space height=&#8221;3rem&#8221; alter_height=&#8221;none&#8221; hide_on_desktop=&#8221;&#8221; hide_on_notebook=&#8221;&#8221; hide_on_tablet=&#8221;&#8221; hide_on_mobile=&#8221;&#8221;][\/vc_column][\/vc_row][vc_row hide_bg_image_on_tablet=&#8221;&#8221; hide_bg_image_on_mobile=&#8221;&#8221; css=&#8221;.vc_custom_1509368358346{background-color: #ffffff !important;}&#8221;][vc_column][vc_empty_space height=&#8221;3.55rem&#8221; alter_height=&#8221;none&#8221; hide_on_desktop=&#8221;&#8221; hide_on_notebook=&#8221;&#8221; hide_on_tablet=&#8221;&#8221; hide_on_mobile=&#8221;&#8221;][vc_row_inner][vc_column_inner width=&#8221;5\/6&#8243; offset=&#8221;vc_col-lg-offset-3 vc_col-lg-6 vc_col-md-offset-2 vc_col-md-8&hellip;<\/p>\n","protected":false},"author":1,"featured_media":0,"parent":0,"menu_order":0,"comment_status":"closed","ping_status":"closed","template":"","meta":{"footnotes":""},"class_list":["post-2119","page","type-page","status-publish","hentry"],"yoast_head":"<!-- This site is optimized with the Yoast SEO plugin v26.3 - https:\/\/yoast.com\/wordpress\/plugins\/seo\/ -->\n<title>Testimonials - Fleuriste D.L Lavoie<\/title>\n<meta name=\"description\" content=\"Fleuriste D.L Lavoie, votre expert en fleurs et plantes \u00e0 Lachute depuis 45 ans, offre un service de livraison rapide. D\u00e9couvrez nos produits et services !\" \/>\n<meta name=\"robots\" content=\"index, follow, max-snippet:-1, max-image-preview:large, max-video-preview:-1\" \/>\n<link rel=\"canonical\" href=\"https:\/\/fleuristedllavoie.com\/en\/testimonials\/\" \/>\n<meta property=\"og:locale\" content=\"en_US\" \/>\n<meta property=\"og:type\" content=\"article\" \/>\n<meta property=\"og:title\" content=\"Testimonials - Fleuriste D.L Lavoie\" \/>\n<meta property=\"og:description\" content=\"Fleuriste D.L Lavoie, votre expert en fleurs et plantes \u00e0 Lachute depuis 45 ans, offre un service de livraison rapide. D\u00e9couvrez nos produits et services !\" \/>\n<meta property=\"og:url\" content=\"https:\/\/fleuristedllavoie.com\/en\/testimonials\/\" \/>\n<meta property=\"og:site_name\" content=\"Fleuriste D.L Lavoie\" \/>\n<meta property=\"article:modified_time\" content=\"2021-08-05T18:15:15+00:00\" \/>\n<meta property=\"og:image\" content=\"https:\/\/fleuristedllavoie.com\/wp-content\/uploads\/2021\/08\/Last-Logo-300.png\" \/>\n\t<meta property=\"og:image:width\" content=\"300\" \/>\n\t<meta property=\"og:image:height\" content=\"209\" \/>\n\t<meta property=\"og:image:type\" content=\"image\/png\" \/>\n<meta name=\"twitter:card\" content=\"summary_large_image\" \/>\n<meta name=\"twitter:label1\" content=\"Est. reading time\" \/>\n\t<meta name=\"twitter:data1\" content=\"3 minutes\" \/>\n<script type=\"application\/ld+json\" class=\"yoast-schema-graph\">{\"@context\":\"https:\/\/schema.org\",\"@graph\":[{\"@type\":\"WebPage\",\"@id\":\"https:\/\/fleuristedllavoie.com\/en\/testimonials\/\",\"url\":\"https:\/\/fleuristedllavoie.com\/en\/testimonials\/\",\"name\":\"Testimonials - Fleuriste D.L Lavoie\",\"isPartOf\":{\"@id\":\"https:\/\/fleuristedllavoie.com\/en\/#website\"},\"datePublished\":\"2017-10-30T12:59:57+00:00\",\"dateModified\":\"2021-08-05T18:15:15+00:00\",\"description\":\"Fleuriste D.L Lavoie, votre expert en fleurs et plantes \u00e0 Lachute depuis 45 ans, offre un service de livraison rapide. D\u00e9couvrez nos produits et services !\",\"breadcrumb\":{\"@id\":\"https:\/\/fleuristedllavoie.com\/en\/testimonials\/#breadcrumb\"},\"inLanguage\":\"en-US\",\"potentialAction\":[{\"@type\":\"ReadAction\",\"target\":[\"https:\/\/fleuristedllavoie.com\/en\/testimonials\/\"]}]},{\"@type\":\"BreadcrumbList\",\"@id\":\"https:\/\/fleuristedllavoie.com\/en\/testimonials\/#breadcrumb\",\"itemListElement\":[{\"@type\":\"ListItem\",\"position\":1,\"name\":\"Home\",\"item\":\"https:\/\/fleuristedllavoie.com\/en\/home-1\/\"},{\"@type\":\"ListItem\",\"position\":2,\"name\":\"Testimonials\"}]},{\"@type\":\"WebSite\",\"@id\":\"https:\/\/fleuristedllavoie.com\/en\/#website\",\"url\":\"https:\/\/fleuristedllavoie.com\/en\/\",\"name\":\"Fleuriste D.L Lavoie\",\"description\":\"Livraison de fleurs \u00e0 Lachute\",\"publisher\":{\"@id\":\"https:\/\/fleuristedllavoie.com\/en\/#organization\"},\"potentialAction\":[{\"@type\":\"SearchAction\",\"target\":{\"@type\":\"EntryPoint\",\"urlTemplate\":\"https:\/\/fleuristedllavoie.com\/en\/?s={search_term_string}\"},\"query-input\":{\"@type\":\"PropertyValueSpecification\",\"valueRequired\":true,\"valueName\":\"search_term_string\"}}],\"inLanguage\":\"en-US\"},{\"@type\":\"Organization\",\"@id\":\"https:\/\/fleuristedllavoie.com\/en\/#organization\",\"name\":\"Fleuriste D.L Lavoie\",\"url\":\"https:\/\/fleuristedllavoie.com\/en\/\",\"logo\":{\"@type\":\"ImageObject\",\"inLanguage\":\"en-US\",\"@id\":\"https:\/\/fleuristedllavoie.com\/en\/#\/schema\/logo\/image\/\",\"url\":\"https:\/\/fleuristedllavoie.com\/wp-content\/uploads\/2021\/08\/Last-Logo-300.png\",\"contentUrl\":\"https:\/\/fleuristedllavoie.com\/wp-content\/uploads\/2021\/08\/Last-Logo-300.png\",\"width\":300,\"height\":209,\"caption\":\"Fleuriste D.L Lavoie\"},\"image\":{\"@id\":\"https:\/\/fleuristedllavoie.com\/en\/#\/schema\/logo\/image\/\"}}]}<\/script>\n<!-- \/ Yoast SEO plugin. -->","yoast_head_json":{"title":"Testimonials - Fleuriste D.L Lavoie","description":"Fleuriste D.L Lavoie, votre expert en fleurs et plantes \u00e0 Lachute depuis 45 ans, offre un service de livraison rapide. D\u00e9couvrez nos produits et services !","robots":{"index":"index","follow":"follow","max-snippet":"max-snippet:-1","max-image-preview":"max-image-preview:large","max-video-preview":"max-video-preview:-1"},"canonical":"https:\/\/fleuristedllavoie.com\/en\/testimonials\/","og_locale":"en_US","og_type":"article","og_title":"Testimonials - Fleuriste D.L Lavoie","og_description":"Fleuriste D.L Lavoie, votre expert en fleurs et plantes \u00e0 Lachute depuis 45 ans, offre un service de livraison rapide. D\u00e9couvrez nos produits et services !","og_url":"https:\/\/fleuristedllavoie.com\/en\/testimonials\/","og_site_name":"Fleuriste D.L Lavoie","article_modified_time":"2021-08-05T18:15:15+00:00","og_image":[{"width":300,"height":209,"url":"https:\/\/fleuristedllavoie.com\/wp-content\/uploads\/2021\/08\/Last-Logo-300.png","type":"image\/png"}],"twitter_card":"summary_large_image","twitter_misc":{"Est. reading time":"3 minutes"},"schema":{"@context":"https:\/\/schema.org","@graph":[{"@type":"WebPage","@id":"https:\/\/fleuristedllavoie.com\/en\/testimonials\/","url":"https:\/\/fleuristedllavoie.com\/en\/testimonials\/","name":"Testimonials - Fleuriste D.L Lavoie","isPartOf":{"@id":"https:\/\/fleuristedllavoie.com\/en\/#website"},"datePublished":"2017-10-30T12:59:57+00:00","dateModified":"2021-08-05T18:15:15+00:00","description":"Fleuriste D.L Lavoie, votre expert en fleurs et plantes \u00e0 Lachute depuis 45 ans, offre un service de livraison rapide. D\u00e9couvrez nos produits et services !","breadcrumb":{"@id":"https:\/\/fleuristedllavoie.com\/en\/testimonials\/#breadcrumb"},"inLanguage":"en-US","potentialAction":[{"@type":"ReadAction","target":["https:\/\/fleuristedllavoie.com\/en\/testimonials\/"]}]},{"@type":"BreadcrumbList","@id":"https:\/\/fleuristedllavoie.com\/en\/testimonials\/#breadcrumb","itemListElement":[{"@type":"ListItem","position":1,"name":"Home","item":"https:\/\/fleuristedllavoie.com\/en\/home-1\/"},{"@type":"ListItem","position":2,"name":"Testimonials"}]},{"@type":"WebSite","@id":"https:\/\/fleuristedllavoie.com\/en\/#website","url":"https:\/\/fleuristedllavoie.com\/en\/","name":"Fleuriste D.L Lavoie","description":"Livraison de fleurs \u00e0 Lachute","publisher":{"@id":"https:\/\/fleuristedllavoie.com\/en\/#organization"},"potentialAction":[{"@type":"SearchAction","target":{"@type":"EntryPoint","urlTemplate":"https:\/\/fleuristedllavoie.com\/en\/?s={search_term_string}"},"query-input":{"@type":"PropertyValueSpecification","valueRequired":true,"valueName":"search_term_string"}}],"inLanguage":"en-US"},{"@type":"Organization","@id":"https:\/\/fleuristedllavoie.com\/en\/#organization","name":"Fleuriste D.L Lavoie","url":"https:\/\/fleuristedllavoie.com\/en\/","logo":{"@type":"ImageObject","inLanguage":"en-US","@id":"https:\/\/fleuristedllavoie.com\/en\/#\/schema\/logo\/image\/","url":"https:\/\/fleuristedllavoie.com\/wp-content\/uploads\/2021\/08\/Last-Logo-300.png","contentUrl":"https:\/\/fleuristedllavoie.com\/wp-content\/uploads\/2021\/08\/Last-Logo-300.png","width":300,"height":209,"caption":"Fleuriste D.L Lavoie"},"image":{"@id":"https:\/\/fleuristedllavoie.com\/en\/#\/schema\/logo\/image\/"}}]}},"jetpack_sharing_enabled":true,"_links":{"self":[{"href":"https:\/\/fleuristedllavoie.com\/en\/wp-json\/wp\/v2\/pages\/2119","targetHints":{"allow":["GET"]}}],"collection":[{"href":"https:\/\/fleuristedllavoie.com\/en\/wp-json\/wp\/v2\/pages"}],"about":[{"href":"https:\/\/fleuristedllavoie.com\/en\/wp-json\/wp\/v2\/types\/page"}],"author":[{"embeddable":true,"href":"https:\/\/fleuristedllavoie.com\/en\/wp-json\/wp\/v2\/users\/1"}],"replies":[{"embeddable":true,"href":"https:\/\/fleuristedllavoie.com\/en\/wp-json\/wp\/v2\/comments?post=2119"}],"version-history":[{"count":0,"href":"https:\/\/fleuristedllavoie.com\/en\/wp-json\/wp\/v2\/pages\/2119\/revisions"}],"wp:attachment":[{"href":"https:\/\/fleuristedllavoie.com\/en\/wp-json\/wp\/v2\/media?parent=2119"}],"curies":[{"name":"wp","href":"https:\/\/api.w.org\/{rel}","templated":true}]}}